{"id":3649,"date":"2017-01-25T11:01:24","date_gmt":"2017-01-25T13:01:24","guid":{"rendered":"https:\/\/wp.ufpel.edu.br\/proplan\/?page_id=3649"},"modified":"2017-01-25T11:01:24","modified_gmt":"2017-01-25T13:01:24","slug":"coordenacao-de-desenvolvimento-do-plano-diretor","status":"publish","type":"page","link":"https:\/\/wp.ufpel.edu.br\/proplad\/coordenacao-de-desenvolvimento-do-plano-diretor\/","title":{"rendered":"Coordena\u00e7\u00e3o de Gest\u00e3o Ambiental e Plano Diretor"},"content":{"rendered":"<p><span style=\"font-family: arial, helvetica, sans-serif;font-size: 10pt;color: #000000\">Desenvolve um processo permanente de planejamento do espa\u00e7o institucional, na escala da cidade, dos campi e das unidades, integrando as dimens\u00f5es do espa\u00e7o\u00a0f\u00edsico e do ambiente natural em processo participativo, pautado pelas etapas de levantamento, diagn\u00f3stico, progn\u00f3stico, conceitua\u00e7\u00e3o, elabora\u00e7\u00e3o de alternativas, avalia\u00e7\u00e3o e defini\u00e7\u00e3o de propostas.<\/span><\/p>\n<p><span style=\"font-family: arial, helvetica, sans-serif;font-size: 10pt;color: #000000\">Finalidade:<\/span><\/p>\n<ul>\n<li><span style=\"font-family: arial, helvetica, sans-serif;font-size: 10pt;color: #000000\">Desenvolver o planejamento do espa\u00e7o f\u00edsico e ambiental para elabora\u00e7\u00e3o do Plano Diretor de Desenvolvimento Institucional.<\/span><\/li>\n<li><span style=\"font-family: arial, helvetica, sans-serif;font-size: 10pt;color: #000000\">Organizar e sistematizar informa\u00e7\u00f5es espaciais de mapeamento, an\u00e1lises e zoneamentos do espa\u00e7o f\u00edsicos e ambientais.<\/span><\/li>\n<li><span style=\"font-family: arial, helvetica, sans-serif;font-size: 10pt;color: #000000\">Receber, sistematizar e hierarquizar demandas por projetos de espa\u00e7os f\u00edsicos institucionais.<\/span><\/li>\n<li><span style=\"font-family: arial, helvetica, sans-serif;font-size: 10pt;color: #000000\">Constituir um sistema de planejamento ambiental e pol\u00edtica ambiental da UFPel.<\/span><\/li>\n<li><span style=\"font-family: arial, helvetica, sans-serif;font-size: 10pt;color: #000000\">Constituir zoneamento para os Campi Universit\u00e1rios.<\/span><\/li>\n<li><span style=\"font-family: arial, helvetica, sans-serif;font-size: 10pt;color: #000000\">Planejar do sistema de mobilidade universit\u00e1ria.<\/span><\/li>\n<li><span style=\"font-family: arial, helvetica, sans-serif;font-size: 10pt;color: #000000\">Construir plano de acessibilidade universal.<\/span><\/li>\n<li><span style=\"font-family: arial, helvetica, sans-serif;font-size: 10pt;color: #000000\">Constituir plano de ocupa\u00e7\u00e3o e reinser\u00e7\u00e3o de pr\u00e9dios, im\u00f3veis e terrenos vazios e ociosos.<\/span><\/li>\n<li><span style=\"font-family: arial, helvetica, sans-serif;font-size: 10pt;color: #000000\">Construir plano para o Patrim\u00f4nio Cultural Constru\u00eddo.<\/span><\/li>\n<\/ul>\n<p>&nbsp;<\/p>\n<p><span style=\"font-family: arial, helvetica, sans-serif;font-size: 10pt;color: #000000\"><strong>N\u00facleo de Gest\u00e3o Ambiental<\/strong><\/span><\/p>\n<p><span style=\"font-family: arial, helvetica, sans-serif;font-size: 10pt;color: #000000\"><strong>Se\u00e7\u00e3o de Aloca\u00e7\u00e3o e Compartilhamento de Espa\u00e7os<\/strong><\/span><\/p>\n<p>&nbsp;<\/p>\n","protected":false},"excerpt":{"rendered":"<p>Desenvolve um processo permanente de planejamento do espa\u00e7o institucional, na escala da cidade, dos campi e das unidades, integrando as dimens\u00f5es do espa\u00e7o\u00a0f\u00edsico e do ambiente natural em processo participativo, pautado pelas etapas de levantamento, diagn\u00f3stico, progn\u00f3stico, conceitua\u00e7\u00e3o, elabora\u00e7\u00e3o de alternativas, avalia\u00e7\u00e3o e defini\u00e7\u00e3o de propostas. Finalidade: Desenvolver o planejamento do espa\u00e7o f\u00edsico e ambiental [&hellip;]<\/p>\n","protected":false},"author":1353,"featured_media":0,"parent":0,"menu_order":0,"comment_status":"closed","ping_status":"closed","template":"","meta":{"jetpack_post_was_ever_published":false,"footnotes":""},"class_list":["post-3649","page","type-page","status-publish","hentry"],"jetpack_sharing_enabled":true,"_links":{"self":[{"href":"https:\/\/wp.ufpel.edu.br\/proplad\/wp-json\/wp\/v2\/pages\/3649","targetHints":{"allow":["GET"]}}],"collection":[{"href":"https:\/\/wp.ufpel.edu.br\/proplad\/wp-json\/wp\/v2\/pages"}],"about":[{"href":"https:\/\/wp.ufpel.edu.br\/proplad\/wp-json\/wp\/v2\/types\/page"}],"author":[{"embeddable":true,"href":"https:\/\/wp.ufpel.edu.br\/proplad\/wp-json\/wp\/v2\/users\/1353"}],"replies":[{"embeddable":true,"href":"https:\/\/wp.ufpel.edu.br\/proplad\/wp-json\/wp\/v2\/comments?post=3649"}],"version-history":[{"count":0,"href":"https:\/\/wp.ufpel.edu.br\/proplad\/wp-json\/wp\/v2\/pages\/3649\/revisions"}],"wp:attachment":[{"href":"https:\/\/wp.ufpel.edu.br\/proplad\/wp-json\/wp\/v2\/media?parent=3649"}],"curies":[{"name":"wp","href":"https:\/\/api.w.org\/{rel}","templated":true}]}}