{"id":3575,"date":"2016-10-20T12:37:03","date_gmt":"2016-10-20T14:37:03","guid":{"rendered":"https:\/\/wp.ufpel.edu.br\/proplan\/?page_id=3575"},"modified":"2016-10-20T12:37:03","modified_gmt":"2016-10-20T14:37:03","slug":"proequip-20162017-chamada-02","status":"publish","type":"page","link":"https:\/\/wp.ufpel.edu.br\/proplad\/cdit\/proequip-20162017-chamada-02\/","title":{"rendered":"PROEQUIP 2016\/2017 &#8211; Chamada 02"},"content":{"rendered":"<p class=\"corTexto\" style=\"color: #27a9e1\"><span style=\"font-family: arial, helvetica, sans-serif;font-size: 10pt;color: #000000\"><strong>Nesta p\u00e1gina, encontram-se as informa\u00e7\u00f5es relativas ao Edital PROEQUIP PROPLAN\/PRG 2016\/2017 chamada 02.<\/strong><\/span><\/p>\n<p class=\"corTexto\" style=\"color: #27a9e1\"><span style=\"font-family: arial, helvetica, sans-serif;font-size: 10pt;color: #000000\"><strong>Not\u00edcias<\/strong><\/span><\/p>\n<ul>\n<li><span style=\"font-family: arial, helvetica, sans-serif;font-size: 10pt;color: #000000\"><a style=\"color: #000000\" href=\"https:\/\/wp.ufpel.edu.br\/proplan\/2016\/10\/17\/ufpel-torna-publico-chamada-02-do-edital-proequip-20162017\/\" target=\"_blank\">UFPel torna p\u00fablico Chamada 02 do Edital PROEQUIP 2016\/2017<\/a> (17\/10\/2016)<\/span><\/li>\n<\/ul>\n<p class=\"corTexto\" style=\"color: #27a9e1\"><span style=\"font-family: arial, helvetica, sans-serif;font-size: 10pt;color: #000000\"><strong>Documentos<\/strong><\/span><\/p>\n<ul>\n<li><span style=\"color: #000000;font-family: arial, helvetica, sans-serif;font-size: 10pt\"><a style=\"color: #000000\" href=\"https:\/\/wp.ufpel.edu.br\/proplad\/files\/2016\/06\/Edital-PROEQUIP-2016-CHAMADA-2.pdf\" target=\"_blank\">Edital PROEQUIP 2016\/2017 &#8211; Chamada 02<\/a><\/span><\/li>\n<\/ul>\n<p class=\"corTexto\" style=\"color: #27a9e1\"><span style=\"font-family: arial, helvetica, sans-serif;font-size: 10pt;color: #000000\"><strong>Arquivos para download<\/strong><\/span><\/p>\n<ul>\n<li><a href=\"https:\/\/wp.ufpel.edu.br\/proplad\/files\/2016\/06\/ORIENTAC\u0327O\u0303ES-PROEQUIP-2016-CHAMADA-2.pdf\" target=\"_blank\"><span style=\"color: #000000;font-family: arial, helvetica, sans-serif;font-size: 10pt\">Orienta\u00e7\u00f5es para submiss\u00e3o de pedidos<\/span><\/a><\/li>\n<li><span style=\"color: #000000\"><span style=\"font-family: arial, helvetica, sans-serif;font-size: 10pt\"><a style=\"color: #000000\" href=\"https:\/\/drive.google.com\/drive\/folders\/0ByCvxEBwZl-pRHFZeXU1ZHNiVEU?usp=sharing\" target=\"_blank\">Planilhas de solicita\u00e7\u00e3o de equipamentos<\/a><\/span><\/span><\/li>\n<li><span style=\"font-family: arial, helvetica, sans-serif;font-size: 10pt;color: #000000\"><a style=\"color: #000000\" href=\"https:\/\/wp.ufpel.edu.br\/proplad\/files\/2016\/11\/CONFIGURAC\u0327O\u0303ES-COMPUTADORES.pdf\" target=\"_blank\">Configura\u00e7\u00f5es-base para solicita\u00e7\u00e3o de computadores<\/a><\/span><\/li>\n<li><span style=\"font-size: 10pt;font-family: arial, helvetica, sans-serif;color: #000000\"><a style=\"color: #000000\" href=\"https:\/\/wp.ufpel.edu.br\/proplad\/files\/2016\/10\/RESULTADOS-PROEQUIP-2016_2017-CHAMADA-02.pdf\" target=\"_blank\">Resultados PROEQUIP 2016\/2017 &#8211; Chamada 02<\/a><\/span><\/li>\n<\/ul>\n","protected":false},"excerpt":{"rendered":"<p>Nesta p\u00e1gina, encontram-se as informa\u00e7\u00f5es relativas ao Edital PROEQUIP PROPLAN\/PRG 2016\/2017 chamada 02. Not\u00edcias UFPel torna p\u00fablico Chamada 02 do Edital PROEQUIP 2016\/2017 (17\/10\/2016) Documentos Edital PROEQUIP 2016\/2017 &#8211; Chamada 02 Arquivos para download Orienta\u00e7\u00f5es para submiss\u00e3o de pedidos Planilhas de solicita\u00e7\u00e3o de equipamentos Configura\u00e7\u00f5es-base para solicita\u00e7\u00e3o de computadores Resultados PROEQUIP 2016\/2017 &#8211; Chamada 02<\/p>\n","protected":false},"author":1353,"featured_media":0,"parent":136,"menu_order":0,"comment_status":"closed","ping_status":"closed","template":"","meta":{"jetpack_post_was_ever_published":false,"footnotes":""},"class_list":["post-3575","page","type-page","status-publish","hentry"],"jetpack_sharing_enabled":true,"_links":{"self":[{"href":"https:\/\/wp.ufpel.edu.br\/proplad\/wp-json\/wp\/v2\/pages\/3575","targetHints":{"allow":["GET"]}}],"collection":[{"href":"https:\/\/wp.ufpel.edu.br\/proplad\/wp-json\/wp\/v2\/pages"}],"about":[{"href":"https:\/\/wp.ufpel.edu.br\/proplad\/wp-json\/wp\/v2\/types\/page"}],"author":[{"embeddable":true,"href":"https:\/\/wp.ufpel.edu.br\/proplad\/wp-json\/wp\/v2\/users\/1353"}],"replies":[{"embeddable":true,"href":"https:\/\/wp.ufpel.edu.br\/proplad\/wp-json\/wp\/v2\/comments?post=3575"}],"version-history":[{"count":0,"href":"https:\/\/wp.ufpel.edu.br\/proplad\/wp-json\/wp\/v2\/pages\/3575\/revisions"}],"up":[{"embeddable":true,"href":"https:\/\/wp.ufpel.edu.br\/proplad\/wp-json\/wp\/v2\/pages\/136"}],"wp:attachment":[{"href":"https:\/\/wp.ufpel.edu.br\/proplad\/wp-json\/wp\/v2\/media?parent=3575"}],"curies":[{"name":"wp","href":"https:\/\/api.w.org\/{rel}","templated":true}]}}