{"id":3466,"date":"2016-08-05T08:17:35","date_gmt":"2016-08-05T11:17:35","guid":{"rendered":"https:\/\/wp.ufpel.edu.br\/proplan\/?page_id=3466"},"modified":"2016-08-05T08:17:35","modified_gmt":"2016-08-05T11:17:35","slug":"equipe-3","status":"publish","type":"page","link":"https:\/\/wp.ufpel.edu.br\/proplad\/equipe-3\/","title":{"rendered":"Equipe"},"content":{"rendered":"<p><span style=\"font-family: arial, helvetica, sans-serif;font-size: 10pt;color: #000000\"><strong>N\u00facleo de Informa\u00e7\u00f5es Institucionais | NINFI<\/strong><\/span><\/p>\n<p style=\"padding-left: 30px\"><span style=\"font-family: arial, helvetica, sans-serif;font-size: 10pt;color: #000000\">Paulo de Almeida Afonso (Chefe do N\u00facleo de Informa\u00e7\u00f5es Institucionais)<\/span><\/p>\n<p style=\"padding-left: 30px\"><span style=\"font-family: arial, helvetica, sans-serif;font-size: 10pt;color: #000000\">\u00c2ndrea V\u00f6lz Garcez (Estagi\u00e1ria)<\/span><\/p>\n<p style=\"padding-left: 30px\"><span style=\"font-family: arial, helvetica, sans-serif;font-size: 10pt;color: #000000\">Guilherme Dias Lagemann (Estagi\u00e1rio)<\/span><\/p>\n","protected":false},"excerpt":{"rendered":"<p>N\u00facleo de Informa\u00e7\u00f5es Institucionais | NINFI Paulo de Almeida Afonso (Chefe do N\u00facleo de Informa\u00e7\u00f5es Institucionais) \u00c2ndrea V\u00f6lz Garcez (Estagi\u00e1ria) Guilherme Dias Lagemann (Estagi\u00e1rio)<\/p>\n","protected":false},"author":1353,"featured_media":0,"parent":0,"menu_order":0,"comment_status":"closed","ping_status":"closed","template":"","meta":{"jetpack_post_was_ever_published":false,"footnotes":""},"class_list":["post-3466","page","type-page","status-publish","hentry"],"jetpack_sharing_enabled":true,"_links":{"self":[{"href":"https:\/\/wp.ufpel.edu.br\/proplad\/wp-json\/wp\/v2\/pages\/3466","targetHints":{"allow":["GET"]}}],"collection":[{"href":"https:\/\/wp.ufpel.edu.br\/proplad\/wp-json\/wp\/v2\/pages"}],"about":[{"href":"https:\/\/wp.ufpel.edu.br\/proplad\/wp-json\/wp\/v2\/types\/page"}],"author":[{"embeddable":true,"href":"https:\/\/wp.ufpel.edu.br\/proplad\/wp-json\/wp\/v2\/users\/1353"}],"replies":[{"embeddable":true,"href":"https:\/\/wp.ufpel.edu.br\/proplad\/wp-json\/wp\/v2\/comments?post=3466"}],"version-history":[{"count":0,"href":"https:\/\/wp.ufpel.edu.br\/proplad\/wp-json\/wp\/v2\/pages\/3466\/revisions"}],"wp:attachment":[{"href":"https:\/\/wp.ufpel.edu.br\/proplad\/wp-json\/wp\/v2\/media?parent=3466"}],"curies":[{"name":"wp","href":"https:\/\/api.w.org\/{rel}","templated":true}]}}