{"id":3335,"date":"2016-06-21T09:30:24","date_gmt":"2016-06-21T12:30:24","guid":{"rendered":"https:\/\/wp.ufpel.edu.br\/proplan\/?page_id=3335"},"modified":"2016-06-21T09:30:24","modified_gmt":"2016-06-21T12:30:24","slug":"cpdiproequip-20162017","status":"publish","type":"page","link":"https:\/\/wp.ufpel.edu.br\/proplad\/cpdiproequip-20162017\/","title":{"rendered":"PROEQUIP 2016\/2017"},"content":{"rendered":"<p class=\"corTexto\" style=\"color: #27a9e1\"><span style=\"font-family: arial, helvetica, sans-serif;font-size: 10pt;color: #000000\"><strong>Nesta p\u00e1gina, encontram-se as informa\u00e7\u00f5es relativas ao Edital PROEQUIP PROPLAN\/PRG 2016\/2017.<\/strong><\/span><\/p>\n<p class=\"corTexto\" style=\"color: #27a9e1\"><span style=\"font-family: arial, helvetica, sans-serif;font-size: 10pt;color: #000000\"><strong>Not\u00edcias<\/strong><\/span><\/p>\n<ul>\n<li><span style=\"font-size: 10pt;font-family: arial, helvetica, sans-serif;color: #000000\"><a style=\"font-weight: inherit;font-style: inherit;color: #000000\" href=\"https:\/\/wp.ufpel.edu.br\/proplan\/2016\/05\/20\/ufpel-torna-publico-edital-proequip-20162017\/\" target=\"_blank\">UFPel torna p\u00fablico Edital PROEQUIP 2016\/2017<\/a>\u00a0(20\/05\/2016)<\/span><\/li>\n<li><span style=\"font-size: 10pt;font-family: arial, helvetica, sans-serif;color: #000000\"><a style=\"font-weight: inherit;font-style: inherit;color: #000000\" href=\"https:\/\/wp.ufpel.edu.br\/proplan\/2016\/06\/17\/proplan-e-prg-divulgam-o-resultado-do-edital-proequip-20162017\/\" target=\"_blank\">PROPLAN e PRG divulgam o resultado do edital PROEQUIP 2016\/2017<\/a>\u00a0(17\/06\/2016)<\/span><\/li>\n<li><span style=\"font-family: arial, helvetica, sans-serif;font-size: 10pt;color: #000000\"><a style=\"color: #000000\" href=\"https:\/\/wp.ufpel.edu.br\/proplan\/2016\/06\/21\/proplan-e-pra-disponibilizam-orientacoes-e-documentos-para-a-submissao-dos-pedidos-de-compra-relativos-ao-proequip-20162017\/\" target=\"_blank\">PROPLAN e PRA disponibilizam orienta\u00e7\u00f5es e documentos para a submiss\u00e3o dos pedidos de compra relativos ao PROEQUIP 2016\/2017<\/a>\u00a0(21\/06\/2016)<\/span><\/li>\n<\/ul>\n<p class=\"corTexto\" style=\"color: #27a9e1\"><span style=\"font-family: arial, helvetica, sans-serif;font-size: 10pt;color: #000000\"><strong>Documentos<\/strong><\/span><\/p>\n<ul>\n<li><span style=\"font-family: arial, helvetica, sans-serif;font-size: 10pt;color: #000000\"><a style=\"color: #000000\" href=\"https:\/\/wp.ufpel.edu.br\/proplad\/files\/2016\/06\/Edital-PROEQUIP-2016-Final.pdf\" target=\"_blank\">Edital PROEQUIP 2016\/2017<\/a><\/span><\/li>\n<li><span style=\"font-family: arial, helvetica, sans-serif;font-size: 10pt;color: #000000\"><a style=\"color: #000000\" href=\"https:\/\/wp.ufpel.edu.br\/proplad\/files\/2016\/06\/Resultado-PROEQUIP-2016-FINAL.pdf\" target=\"_blank\">Resultado PROEQUIP 2016\/2017<\/a><\/span><\/li>\n<\/ul>\n<p><span style=\"font-family: arial, helvetica, sans-serif;font-size: 10pt;color: #000000\"><strong>Link para acesso ao sistema de cadastro de pedidos<\/strong><\/span><\/p>\n<p style=\"padding-left: 30px\"><span style=\"font-family: arial, helvetica, sans-serif;font-size: 10pt;color: #000000\"><a style=\"color: #000000\" href=\"http:\/\/ninfi.ufpel.edu.br\/proequip\" target=\"_blank\">http:\/\/ninfi.ufpel.edu.br\/proequip<\/a><\/span><\/p>\n<p class=\"corTexto\" style=\"color: #27a9e1\"><span style=\"font-family: arial, helvetica, sans-serif;font-size: 10pt;color: #000000\"><strong>Arquivos para download<\/strong><\/span><\/p>\n<ul>\n<li><span style=\"font-family: arial, helvetica, sans-serif;font-size: 10pt;color: #000000\"><a style=\"color: #000000\" href=\"https:\/\/wp.ufpel.edu.br\/proplad\/files\/2016\/06\/Reunia\u0303o-Compras-PROEQUIP-2016.pdf\" target=\"_blank\">Orienta\u00e7\u00f5es para cadastramento de pedidos<\/a><\/span><\/li>\n<li><span style=\"color: #000000;font-family: arial, helvetica, sans-serif;font-size: 10pt\"><span style=\"font-family: arial, helvetica, sans-serif;font-size: 10pt\"><a style=\"color: #000000\" href=\"https:\/\/wp.ufpel.edu.br\/proplad\/files\/2016\/06\/Biblio-PROEQUIP-2016.xlsx\" target=\"_blank\">Planilha de pedido de livros<\/a>\u00a0<\/span><\/span><\/li>\n<\/ul>\n<ul>\n<li><span style=\"font-family: arial, helvetica, sans-serif;font-size: 10pt;color: #000000\"><a style=\"color: #000000\" href=\"https:\/\/wp.ufpel.edu.br\/proplad\/files\/2016\/06\/Apresentac\u0327a\u0303o-PROEQUIP-Va\u0301lida.pdf\" target=\"_blank\">Orienta\u00e7\u00f5es quanto aos pedidos de equipamentos<\/a><\/span><\/li>\n<li><span style=\"font-family: arial, helvetica, sans-serif;font-size: 10pt;color: #000000\"><a style=\"color: #000000\" href=\"https:\/\/wp.ufpel.edu.br\/proplad\/files\/2016\/06\/Tutorial-PROEQUIP.docx\" target=\"_blank\">Tutorial para aquisi\u00e7\u00f5es PRA<\/a><\/span><\/li>\n<li><span style=\"font-family: arial, helvetica, sans-serif;font-size: 10pt;color: #000000\"><a style=\"color: #000000\" href=\"https:\/\/wp.ufpel.edu.br\/proplad\/files\/2016\/06\/Modelo-Pedido-e-Termo-de-Referencia2016-PROEQUIP.docx\" target=\"_blank\">Pedido e Termo de Refer\u00eancia Licita\u00e7\u00f5es<\/a><\/span><\/li>\n<li><span style=\"font-family: arial, helvetica, sans-serif;font-size: 10pt;color: #000000\"><a style=\"color: #000000\" href=\"https:\/\/wp.ufpel.edu.br\/proplad\/files\/2016\/06\/Media-de-valores-praticados-no-mercado.xlsx\" target=\"_blank\">Planilha de m\u00e9dia de valores<\/a><\/span><\/li>\n<li><span style=\"font-family: arial, helvetica, sans-serif;font-size: 10pt;color: #000000\"><a style=\"color: #000000\" href=\"https:\/\/wp.ufpel.edu.br\/proplad\/files\/2016\/06\/Pedido-PE-SRP-Vigente-COMPUTADORES.xlsx\" target=\"_blank\">Pedido de computadores<\/a><\/span><\/li>\n<li><span style=\"font-family: arial, helvetica, sans-serif;font-size: 10pt;color: #000000\"><a style=\"color: #000000\" href=\"https:\/\/wp.ufpel.edu.br\/proplad\/files\/2016\/06\/pedido-de-compra-MEC-1.doc\" target=\"_blank\">Descri\u00e7\u00f5es computadores registro de pre\u00e7o MEC<\/a><\/span><\/li>\n<li><span style=\"font-family: arial, helvetica, sans-serif;font-size: 10pt;color: #000000\"><a style=\"color: #000000\" href=\"https:\/\/wp.ufpel.edu.br\/proplad\/files\/2016\/06\/Pedido-PE-SRP-Vigente.xlsx\" target=\"_blank\">Pedido preg\u00e3o vigente<\/a><\/span><\/li>\n<li><span style=\"font-family: arial, helvetica, sans-serif;font-size: 10pt;color: #000000\"><a style=\"color: #000000\" href=\"https:\/\/wp.ufpel.edu.br\/proplad\/files\/2016\/06\/Obtencao-do-codigo-SIASG.pdf\" target=\"_blank\">Obten\u00e7\u00e3o do c\u00f3digo SIASG<\/a><\/span><\/li>\n<\/ul>\n","protected":false},"excerpt":{"rendered":"<p>Nesta p\u00e1gina, encontram-se as informa\u00e7\u00f5es relativas ao Edital PROEQUIP PROPLAN\/PRG 2016\/2017. Not\u00edcias UFPel torna p\u00fablico Edital PROEQUIP 2016\/2017\u00a0(20\/05\/2016) PROPLAN e PRG divulgam o resultado do edital PROEQUIP 2016\/2017\u00a0(17\/06\/2016) PROPLAN e PRA disponibilizam orienta\u00e7\u00f5es e documentos para a submiss\u00e3o dos pedidos de compra relativos ao PROEQUIP 2016\/2017\u00a0(21\/06\/2016) Documentos Edital PROEQUIP 2016\/2017 Resultado PROEQUIP 2016\/2017 Link para [&hellip;]<\/p>\n","protected":false},"author":1353,"featured_media":0,"parent":0,"menu_order":0,"comment_status":"closed","ping_status":"closed","template":"","meta":{"jetpack_post_was_ever_published":false,"footnotes":""},"class_list":["post-3335","page","type-page","status-publish","hentry"],"jetpack_sharing_enabled":true,"_links":{"self":[{"href":"https:\/\/wp.ufpel.edu.br\/proplad\/wp-json\/wp\/v2\/pages\/3335","targetHints":{"allow":["GET"]}}],"collection":[{"href":"https:\/\/wp.ufpel.edu.br\/proplad\/wp-json\/wp\/v2\/pages"}],"about":[{"href":"https:\/\/wp.ufpel.edu.br\/proplad\/wp-json\/wp\/v2\/types\/page"}],"author":[{"embeddable":true,"href":"https:\/\/wp.ufpel.edu.br\/proplad\/wp-json\/wp\/v2\/users\/1353"}],"replies":[{"embeddable":true,"href":"https:\/\/wp.ufpel.edu.br\/proplad\/wp-json\/wp\/v2\/comments?post=3335"}],"version-history":[{"count":0,"href":"https:\/\/wp.ufpel.edu.br\/proplad\/wp-json\/wp\/v2\/pages\/3335\/revisions"}],"wp:attachment":[{"href":"https:\/\/wp.ufpel.edu.br\/proplad\/wp-json\/wp\/v2\/media?parent=3335"}],"curies":[{"name":"wp","href":"https:\/\/api.w.org\/{rel}","templated":true}]}}