{"id":3113,"date":"2016-04-25T11:58:57","date_gmt":"2016-04-25T14:58:57","guid":{"rendered":"https:\/\/wp.ufpel.edu.br\/proplan\/?page_id=3113"},"modified":"2016-04-25T11:58:57","modified_gmt":"2016-04-25T14:58:57","slug":"equipe","status":"publish","type":"page","link":"https:\/\/wp.ufpel.edu.br\/proplad\/cdit\/neap\/equipe\/","title":{"rendered":"Equipe"},"content":{"rendered":"<p><strong><span style=\"font-family: arial, helvetica, sans-serif;font-size: 10pt;color: #000000\">Equipe:<\/span><\/strong><\/p>\n<ul>\n<li><span style=\"font-family: arial, helvetica, sans-serif;font-size: 10pt;color: #000000\">Luciano \u00c1vila dos Santos (Chefe do N\u00facleo de Elabora\u00e7\u00e3o e Acompanhamento de Projetos)<\/span><\/li>\n<li><span style=\"font-family: arial, helvetica, sans-serif;font-size: 10pt;color: #000000\">Joice Pereira da Silva (Chefe da Se\u00e7\u00e3o de Acompanhamento de Projetos)<\/span><\/li>\n<\/ul>\n","protected":false},"excerpt":{"rendered":"<p>Equipe: Luciano \u00c1vila dos Santos (Chefe do N\u00facleo de Elabora\u00e7\u00e3o e Acompanhamento de Projetos) Joice Pereira da Silva (Chefe da Se\u00e7\u00e3o de Acompanhamento de Projetos)<\/p>\n","protected":false},"author":1353,"featured_media":0,"parent":1035,"menu_order":0,"comment_status":"closed","ping_status":"closed","template":"","meta":{"jetpack_post_was_ever_published":false,"footnotes":""},"class_list":["post-3113","page","type-page","status-publish","hentry"],"jetpack_sharing_enabled":true,"_links":{"self":[{"href":"https:\/\/wp.ufpel.edu.br\/proplad\/wp-json\/wp\/v2\/pages\/3113","targetHints":{"allow":["GET"]}}],"collection":[{"href":"https:\/\/wp.ufpel.edu.br\/proplad\/wp-json\/wp\/v2\/pages"}],"about":[{"href":"https:\/\/wp.ufpel.edu.br\/proplad\/wp-json\/wp\/v2\/types\/page"}],"author":[{"embeddable":true,"href":"https:\/\/wp.ufpel.edu.br\/proplad\/wp-json\/wp\/v2\/users\/1353"}],"replies":[{"embeddable":true,"href":"https:\/\/wp.ufpel.edu.br\/proplad\/wp-json\/wp\/v2\/comments?post=3113"}],"version-history":[{"count":0,"href":"https:\/\/wp.ufpel.edu.br\/proplad\/wp-json\/wp\/v2\/pages\/3113\/revisions"}],"up":[{"embeddable":true,"href":"https:\/\/wp.ufpel.edu.br\/proplad\/wp-json\/wp\/v2\/pages\/1035"}],"wp:attachment":[{"href":"https:\/\/wp.ufpel.edu.br\/proplad\/wp-json\/wp\/v2\/media?parent=3113"}],"curies":[{"name":"wp","href":"https:\/\/api.w.org\/{rel}","templated":true}]}}