{"id":3102,"date":"2016-04-25T11:54:52","date_gmt":"2016-04-25T14:54:52","guid":{"rendered":"https:\/\/wp.ufpel.edu.br\/proplan\/?page_id=3102"},"modified":"2016-04-25T11:54:52","modified_gmt":"2016-04-25T14:54:52","slug":"atribuicao","status":"publish","type":"page","link":"https:\/\/wp.ufpel.edu.br\/proplad\/cdit\/neap\/atribuicao\/","title":{"rendered":"Atribui\u00e7\u00e3o"},"content":{"rendered":"<p><span style=\"font-family: arial, helvetica, sans-serif;font-size: 10pt;color: #000000\">S\u00e3o atribui\u00e7\u00f5es do <strong>N\u00facleo de Elabora\u00e7\u00e3o e Acompanhamento de Projetos<\/strong>:<\/span><\/p>\n<ul>\n<li><span style=\"font-family: arial, helvetica, sans-serif;font-size: 10pt;color: #000000\">Identificar agentes financiadores, p\u00fablicos ou privados, capazes de\u00a0apoiar projetos institucionais;<\/span><\/li>\n<li><span style=\"font-family: arial, helvetica, sans-serif;font-size: 10pt;color: #000000\">Divulgar informa\u00e7\u00f5es sobre oportunidades de capta\u00e7\u00e3o de recursos;<\/span><\/li>\n<li><span style=\"font-family: arial, helvetica, sans-serif;font-size: 10pt;color: #000000\">Orientar e assessorar os coordenadores de projetos na elabora\u00e7\u00e3o e\u00a0encaminhamento dos processos de capta\u00e7\u00e3o de recursos junto aos\u00a0\u00f3rg\u00e3os de fomento;<\/span><\/li>\n<li><span style=\"font-family: arial, helvetica, sans-serif;font-size: 10pt;color: #000000\">Acompanhar a execu\u00e7\u00e3o de projetos;<\/span><\/li>\n<li><span style=\"font-family: arial, helvetica, sans-serif;font-size: 10pt;color: #000000\">Assessorar na elabora\u00e7\u00e3o de relat\u00f3rios peri\u00f3dicos dos projetos\u00a0financiados.<\/span><\/li>\n<\/ul>\n","protected":false},"excerpt":{"rendered":"<p>S\u00e3o atribui\u00e7\u00f5es do N\u00facleo de Elabora\u00e7\u00e3o e Acompanhamento de Projetos: Identificar agentes financiadores, p\u00fablicos ou privados, capazes de\u00a0apoiar projetos institucionais; Divulgar informa\u00e7\u00f5es sobre oportunidades de capta\u00e7\u00e3o de recursos; Orientar e assessorar os coordenadores de projetos na elabora\u00e7\u00e3o e\u00a0encaminhamento dos processos de capta\u00e7\u00e3o de recursos junto aos\u00a0\u00f3rg\u00e3os de fomento; Acompanhar a execu\u00e7\u00e3o de projetos; Assessorar na [&hellip;]<\/p>\n","protected":false},"author":1353,"featured_media":0,"parent":1035,"menu_order":0,"comment_status":"closed","ping_status":"closed","template":"","meta":{"jetpack_post_was_ever_published":false,"footnotes":""},"class_list":["post-3102","page","type-page","status-publish","hentry"],"jetpack_sharing_enabled":true,"_links":{"self":[{"href":"https:\/\/wp.ufpel.edu.br\/proplad\/wp-json\/wp\/v2\/pages\/3102","targetHints":{"allow":["GET"]}}],"collection":[{"href":"https:\/\/wp.ufpel.edu.br\/proplad\/wp-json\/wp\/v2\/pages"}],"about":[{"href":"https:\/\/wp.ufpel.edu.br\/proplad\/wp-json\/wp\/v2\/types\/page"}],"author":[{"embeddable":true,"href":"https:\/\/wp.ufpel.edu.br\/proplad\/wp-json\/wp\/v2\/users\/1353"}],"replies":[{"embeddable":true,"href":"https:\/\/wp.ufpel.edu.br\/proplad\/wp-json\/wp\/v2\/comments?post=3102"}],"version-history":[{"count":0,"href":"https:\/\/wp.ufpel.edu.br\/proplad\/wp-json\/wp\/v2\/pages\/3102\/revisions"}],"up":[{"embeddable":true,"href":"https:\/\/wp.ufpel.edu.br\/proplad\/wp-json\/wp\/v2\/pages\/1035"}],"wp:attachment":[{"href":"https:\/\/wp.ufpel.edu.br\/proplad\/wp-json\/wp\/v2\/media?parent=3102"}],"curies":[{"name":"wp","href":"https:\/\/api.w.org\/{rel}","templated":true}]}}