{"id":3098,"date":"2016-04-25T11:53:24","date_gmt":"2016-04-25T14:53:24","guid":{"rendered":"https:\/\/wp.ufpel.edu.br\/proplan\/?page_id=3098"},"modified":"2016-04-25T11:53:24","modified_gmt":"2016-04-25T14:53:24","slug":"apresentacao","status":"publish","type":"page","link":"https:\/\/wp.ufpel.edu.br\/proplad\/cdit\/neap\/apresentacao\/","title":{"rendered":"Apresenta\u00e7\u00e3o"},"content":{"rendered":"<p><span style=\"color: #000000\"><span style=\"font-family: arial, helvetica, sans-serif;font-size: 10pt\">A UFPel procura diariamente melhorar suas formas de gest\u00e3o, a fim de\u00a0<\/span><span style=\"font-family: arial, helvetica, sans-serif;font-size: 10pt\">proporcionar os melhores resultados, e na busca disto esta estruturando\u00a0<\/span><span style=\"font-family: arial, helvetica, sans-serif;font-size: 10pt\">efetivamente o N\u00facleo de Elabora\u00e7\u00e3o e Acompanhamento de Projetos (NEAP),\u00a0<\/span><span style=\"font-family: arial, helvetica, sans-serif;font-size: 10pt\">previsto na estrutura organizacional da Universidade, como um n\u00facleo da\u00a0<\/span><span style=\"font-family: arial, helvetica, sans-serif;font-size: 10pt\">Coordena\u00e7\u00e3o de Planejamento e Desenvolvimento da ProPlan, com a ambi\u00e7\u00e3o\u00a0<\/span><span style=\"font-family: arial, helvetica, sans-serif;font-size: 10pt\">de apoiar e realizar a gest\u00e3o de projetos da Institui\u00e7\u00e3o.<\/span><\/span><\/p>\n<p><span style=\"color: #000000\"><span style=\"font-family: arial, helvetica, sans-serif;font-size: 10pt\">A efetiva\u00e7\u00e3o de um setor que trabalhe com a gest\u00e3o de projetos da\u00a0<\/span><span style=\"font-family: arial, helvetica, sans-serif;font-size: 10pt\">Universidade passa, sem d\u00favida, pelo conhecimento de metodologias\u00a0<\/span><span style=\"font-family: arial, helvetica, sans-serif;font-size: 10pt\">comprovadas de gerenciamento de projetos, utiliza\u00e7\u00e3o de t\u00e9cnicas e\u00a0<\/span><span style=\"font-family: arial, helvetica, sans-serif;font-size: 10pt\">ferramentas, mas tamb\u00e9m pelo apoio e institucionaliza\u00e7\u00e3o vindo da\u00a0<\/span><span style=\"font-family: arial, helvetica, sans-serif;font-size: 10pt\">administra\u00e7\u00e3o superior do \u00f3rg\u00e3o.<\/span><\/span><\/p>\n<p><span style=\"color: #000000\"><span style=\"font-family: arial, helvetica, sans-serif;font-size: 10pt\">O ambiente profissional em que a UFPel esta inserida n\u00e3o convive bem\u00a0<\/span><span style=\"font-family: arial, helvetica, sans-serif;font-size: 10pt\">com o improviso, e por isso \u00e9 fundamental a cria\u00e7\u00e3o e institucionaliza\u00e7\u00e3o de\u00a0<\/span><span style=\"font-family: arial, helvetica, sans-serif;font-size: 10pt\">possibilidades gestoras deste tipo. O Gerenciamento de Projetos vem ao\u00a0<\/span><span style=\"font-family: arial, helvetica, sans-serif;font-size: 10pt\">encontro dessa situa\u00e7\u00e3o oferecendo este apoio para a Institui\u00e7\u00e3o atrav\u00e9s da\u00a0<\/span><span style=\"font-family: arial, helvetica, sans-serif;font-size: 10pt\">aplica\u00e7\u00e3o de conhecimento, habilidades, ferramentas e t\u00e9cnicas \u00e0s atividades\u00a0<\/span><span style=\"font-family: arial, helvetica, sans-serif;font-size: 10pt\">de projeto.<\/span><\/span><\/p>\n<p>&nbsp;<\/p>\n<p><span style=\"color: #000000\"><strong><span style=\"font-family: arial, helvetica, sans-serif;font-size: 10pt\">Objetivo geral:<\/span><\/strong><\/span><br \/>\n<span style=\"color: #000000\"><span style=\"font-family: arial, helvetica, sans-serif;font-size: 10pt\">O NEAP tem como objetivo geral apoiar a comunidade da UFPel em todas as\u00a0<\/span><span style=\"font-family: arial, helvetica, sans-serif;font-size: 10pt\">fases de seus projetos, sejam eles de pesquisa, extens\u00e3o, institucionais ou\u00a0<\/span><span style=\"font-family: arial, helvetica, sans-serif;font-size: 10pt\">outras modalidades que possam vir a surgir.<\/span><\/span><\/p>\n<p>&nbsp;<\/p>\n<p><span style=\"color: #000000\"><strong><span style=\"font-family: arial, helvetica, sans-serif;font-size: 10pt\">Objetivos espec\u00edficos:<\/span><\/strong><\/span><\/p>\n<ul>\n<li><span style=\"font-family: arial, helvetica, sans-serif;font-size: 10pt;color: #000000\">\u00a0Apoiar a elabora\u00e7\u00e3o dos diversos tipos de projetos da Universidade;<\/span><\/li>\n<li><span style=\"color: #000000\"><span style=\"font-family: arial, helvetica, sans-serif;font-size: 10pt\">\u00a0Acompanhar o desenvolvimento de todas as fases do ciclo de vida do\u00a0<\/span><span style=\"font-family: arial, helvetica, sans-serif;font-size: 10pt\">projetos;<\/span><\/span><\/li>\n<li><span style=\"font-family: arial, helvetica, sans-serif;font-size: 10pt;color: #000000\">\u00a0Participar ativamente da presta\u00e7\u00e3o de contas;<\/span><\/li>\n<li><span style=\"font-family: arial, helvetica, sans-serif;font-size: 10pt;color: #000000\">\u00a0Centralizar a gest\u00e3o dos variados tipos de projetos da Institui\u00e7\u00e3o;<\/span><\/li>\n<li><span style=\"font-family: arial, helvetica, sans-serif;font-size: 10pt;color: #000000\">\u00a0Otimizar a capta\u00e7\u00e3o de recursos junto aos \u00f3rg\u00e3os financiadores;<\/span><\/li>\n<li><span style=\"font-family: arial, helvetica, sans-serif;font-size: 10pt;color: #000000\">\u00a0Promover a\u00e7\u00f5es afirmativas na elabora\u00e7\u00e3o e acompanhamento de projetos;<\/span><\/li>\n<\/ul>\n","protected":false},"excerpt":{"rendered":"<p>A UFPel procura diariamente melhorar suas formas de gest\u00e3o, a fim de\u00a0proporcionar os melhores resultados, e na busca disto esta estruturando\u00a0efetivamente o N\u00facleo de Elabora\u00e7\u00e3o e Acompanhamento de Projetos (NEAP),\u00a0previsto na estrutura organizacional da Universidade, como um n\u00facleo da\u00a0Coordena\u00e7\u00e3o de Planejamento e Desenvolvimento da ProPlan, com a ambi\u00e7\u00e3o\u00a0de apoiar e realizar a gest\u00e3o de projetos [&hellip;]<\/p>\n","protected":false},"author":1353,"featured_media":0,"parent":1035,"menu_order":0,"comment_status":"closed","ping_status":"closed","template":"","meta":{"jetpack_post_was_ever_published":false,"footnotes":""},"class_list":["post-3098","page","type-page","status-publish","hentry"],"jetpack_sharing_enabled":true,"_links":{"self":[{"href":"https:\/\/wp.ufpel.edu.br\/proplad\/wp-json\/wp\/v2\/pages\/3098","targetHints":{"allow":["GET"]}}],"collection":[{"href":"https:\/\/wp.ufpel.edu.br\/proplad\/wp-json\/wp\/v2\/pages"}],"about":[{"href":"https:\/\/wp.ufpel.edu.br\/proplad\/wp-json\/wp\/v2\/types\/page"}],"author":[{"embeddable":true,"href":"https:\/\/wp.ufpel.edu.br\/proplad\/wp-json\/wp\/v2\/users\/1353"}],"replies":[{"embeddable":true,"href":"https:\/\/wp.ufpel.edu.br\/proplad\/wp-json\/wp\/v2\/comments?post=3098"}],"version-history":[{"count":0,"href":"https:\/\/wp.ufpel.edu.br\/proplad\/wp-json\/wp\/v2\/pages\/3098\/revisions"}],"up":[{"embeddable":true,"href":"https:\/\/wp.ufpel.edu.br\/proplad\/wp-json\/wp\/v2\/pages\/1035"}],"wp:attachment":[{"href":"https:\/\/wp.ufpel.edu.br\/proplad\/wp-json\/wp\/v2\/media?parent=3098"}],"curies":[{"name":"wp","href":"https:\/\/api.w.org\/{rel}","templated":true}]}}