{"id":2843,"date":"2016-03-23T11:09:13","date_gmt":"2016-03-23T14:09:13","guid":{"rendered":"https:\/\/wp.ufpel.edu.br\/proplan\/?page_id=2843"},"modified":"2016-03-23T11:09:13","modified_gmt":"2016-03-23T14:09:13","slug":"indicadores-tcu","status":"publish","type":"page","link":"https:\/\/wp.ufpel.edu.br\/proplad\/indicadores-tcu\/","title":{"rendered":"Indicadores do TCU"},"content":{"rendered":"<p><span style=\"font-family: arial, helvetica, sans-serif;font-size: 10pt;color: #000000\"><a style=\"color: #000000\" href=\"https:\/\/wp.ufpel.edu.br\/proplad\/files\/2016\/03\/manual_tcu.pdf\" target=\"_blank\" rel=\"\">Orienta\u00e7\u00f5es para o c\u00e1lculo de indicadores de gest\u00e3o<\/a>\u00a0&#8211; Documento com\u00a0orienta\u00e7\u00f5es para o c\u00e1lculo dos\u00a0indicadores de desempenho que devem integrar o Relat\u00f3rio de Gest\u00e3o das Institui\u00e7\u00f5es Federais de Ensino Superior (IFEs), por for\u00e7a da Decis\u00e3o n\u00b0 408\/2002 &#8211; TCU &#8211; Plen\u00e1rio.<\/span><\/p>\n<p><span style=\"font-family: arial, helvetica, sans-serif;font-size: 10pt;color: #000000\"><strong>Relat\u00f3rio de indicadores de desempenho da gest\u00e3o:<\/strong><\/span><\/p>\n<ul>\n<li><span style=\"font-family: arial, helvetica, sans-serif;font-size: 10pt;color: #000000\"><a style=\"color: #000000\" href=\"https:\/\/wp.ufpel.edu.br\/proplad\/files\/2016\/03\/RELATORIO_INDICADORES-DE-DESEMPENHO-DA-GESTAO_2013.pdf\" target=\"_blank\" rel=\"\">2013<\/a><\/span><\/li>\n<li><span style=\"font-family: arial, helvetica, sans-serif;font-size: 10pt;color: #000000\"><a style=\"color: #000000\" href=\"https:\/\/wp.ufpel.edu.br\/proplad\/files\/2016\/03\/RELATORIO_INDICADORES-DE-DESEMPENHO-DA-GESTAO_2014.pdf\" target=\"_blank\" rel=\"\">2014<\/a><\/span><\/li>\n<li><span style=\"font-family: arial, helvetica, sans-serif;font-size: 10pt;color: #000000\"><a style=\"color: #000000\" href=\"https:\/\/wp.ufpel.edu.br\/proplad\/files\/2016\/03\/RELATORIO_INDICADORES-DE-DESEMPENHO-DA-GESTAO_2015.pdf\" target=\"_blank\" rel=\"\">2015<\/a><\/span><\/li>\n<\/ul>\n","protected":false},"excerpt":{"rendered":"<p>Orienta\u00e7\u00f5es para o c\u00e1lculo de indicadores de gest\u00e3o\u00a0&#8211; Documento com\u00a0orienta\u00e7\u00f5es para o c\u00e1lculo dos\u00a0indicadores de desempenho que devem integrar o Relat\u00f3rio de Gest\u00e3o das Institui\u00e7\u00f5es Federais de Ensino Superior (IFEs), por for\u00e7a da Decis\u00e3o n\u00b0 408\/2002 &#8211; TCU &#8211; Plen\u00e1rio. Relat\u00f3rio de indicadores de desempenho da gest\u00e3o: 2013 2014 2015<\/p>\n","protected":false},"author":1353,"featured_media":0,"parent":0,"menu_order":0,"comment_status":"closed","ping_status":"closed","template":"","meta":{"jetpack_post_was_ever_published":false,"footnotes":""},"class_list":["post-2843","page","type-page","status-publish","hentry"],"jetpack_sharing_enabled":true,"_links":{"self":[{"href":"https:\/\/wp.ufpel.edu.br\/proplad\/wp-json\/wp\/v2\/pages\/2843","targetHints":{"allow":["GET"]}}],"collection":[{"href":"https:\/\/wp.ufpel.edu.br\/proplad\/wp-json\/wp\/v2\/pages"}],"about":[{"href":"https:\/\/wp.ufpel.edu.br\/proplad\/wp-json\/wp\/v2\/types\/page"}],"author":[{"embeddable":true,"href":"https:\/\/wp.ufpel.edu.br\/proplad\/wp-json\/wp\/v2\/users\/1353"}],"replies":[{"embeddable":true,"href":"https:\/\/wp.ufpel.edu.br\/proplad\/wp-json\/wp\/v2\/comments?post=2843"}],"version-history":[{"count":0,"href":"https:\/\/wp.ufpel.edu.br\/proplad\/wp-json\/wp\/v2\/pages\/2843\/revisions"}],"wp:attachment":[{"href":"https:\/\/wp.ufpel.edu.br\/proplad\/wp-json\/wp\/v2\/media?parent=2843"}],"curies":[{"name":"wp","href":"https:\/\/api.w.org\/{rel}","templated":true}]}}