{"id":2839,"date":"2016-03-23T11:05:14","date_gmt":"2016-03-23T14:05:14","guid":{"rendered":"https:\/\/wp.ufpel.edu.br\/proplan\/?page_id=2839"},"modified":"2016-03-23T11:05:14","modified_gmt":"2016-03-23T14:05:14","slug":"matriz-orcamentaria","status":"publish","type":"page","link":"https:\/\/wp.ufpel.edu.br\/proplad\/matriz-orcamentaria\/","title":{"rendered":"Matriz Or\u00e7ament\u00e1ria"},"content":{"rendered":"<p><span style=\"font-family: arial, helvetica, sans-serif;font-size: 10pt;color: #000000\"><strong>Matriz Or\u00e7ament\u00e1ria 2016 (ano base 2015)<\/strong><\/span><\/p>\n<p><span style=\"font-family: arial, helvetica, sans-serif;font-size: 10pt;color: #000000\"><a style=\"color: #000000\" href=\"https:\/\/wp.ufpel.edu.br\/proplad\/files\/2016\/03\/Documento_Matriz.pdf\" target=\"_blank\">Documento Matriz<\/a>\u00a0 (Documento elaborado como resultado do trabalho da Comiss\u00e3o Especial para elaborar uma proposta de crit\u00e9rios para distribui\u00e7\u00e3o do or\u00e7amento da UFPel (Portaria 754, de mar\u00e7o de 2013).<\/span><\/p>\n<p><span style=\"font-family: arial, helvetica, sans-serif;color: #000000;font-size: 10pt\"><a style=\"color: #000000\" href=\"https:\/\/wp.ufpel.edu.br\/proplad\/files\/2016\/03\/Glossario-Matriz-Orcamentaria.pdf\" target=\"_blank\" rel=\"\">Gloss\u00e1rio de termos da Matriz Or\u00e7ament\u00e1ria<\/a><\/span><br \/>\n<strong><span style=\"color: #000000;font-family: arial, helvetica, sans-serif;font-size: 10pt\"> <a style=\"color: #000000\" href=\"https:\/\/wp.ufpel.edu.br\/proplad\/files\/2016\/03\/Matriz-Orcamentaria-2016.xlsx\" target=\"_blank\" rel=\"\">Matriz Or\u00e7ament\u00e1ria<\/a>\u00a0(ano base 2015)<\/span><\/strong><\/p>\n","protected":false},"excerpt":{"rendered":"<p>Matriz Or\u00e7ament\u00e1ria 2016 (ano base 2015) Documento Matriz\u00a0 (Documento elaborado como resultado do trabalho da Comiss\u00e3o Especial para elaborar uma proposta de crit\u00e9rios para distribui\u00e7\u00e3o do or\u00e7amento da UFPel (Portaria 754, de mar\u00e7o de 2013). Gloss\u00e1rio de termos da Matriz Or\u00e7ament\u00e1ria Matriz Or\u00e7ament\u00e1ria\u00a0(ano base 2015)<\/p>\n","protected":false},"author":1353,"featured_media":0,"parent":0,"menu_order":3,"comment_status":"closed","ping_status":"closed","template":"","meta":{"jetpack_post_was_ever_published":false,"footnotes":""},"class_list":["post-2839","page","type-page","status-publish","hentry"],"jetpack_sharing_enabled":true,"_links":{"self":[{"href":"https:\/\/wp.ufpel.edu.br\/proplad\/wp-json\/wp\/v2\/pages\/2839","targetHints":{"allow":["GET"]}}],"collection":[{"href":"https:\/\/wp.ufpel.edu.br\/proplad\/wp-json\/wp\/v2\/pages"}],"about":[{"href":"https:\/\/wp.ufpel.edu.br\/proplad\/wp-json\/wp\/v2\/types\/page"}],"author":[{"embeddable":true,"href":"https:\/\/wp.ufpel.edu.br\/proplad\/wp-json\/wp\/v2\/users\/1353"}],"replies":[{"embeddable":true,"href":"https:\/\/wp.ufpel.edu.br\/proplad\/wp-json\/wp\/v2\/comments?post=2839"}],"version-history":[{"count":0,"href":"https:\/\/wp.ufpel.edu.br\/proplad\/wp-json\/wp\/v2\/pages\/2839\/revisions"}],"wp:attachment":[{"href":"https:\/\/wp.ufpel.edu.br\/proplad\/wp-json\/wp\/v2\/media?parent=2839"}],"curies":[{"name":"wp","href":"https:\/\/api.w.org\/{rel}","templated":true}]}}