{"id":2719,"date":"2016-03-22T14:05:04","date_gmt":"2016-03-22T17:05:04","guid":{"rendered":"https:\/\/wp.ufpel.edu.br\/proplan\/?page_id=2719"},"modified":"2016-03-22T14:05:04","modified_gmt":"2016-03-22T17:05:04","slug":"solicitar-informacao","status":"publish","type":"page","link":"https:\/\/wp.ufpel.edu.br\/proplad\/solicitar-informacao\/","title":{"rendered":"Solicitar Informa\u00e7\u00e3o"},"content":{"rendered":"<p><span style=\"color: #f75757\"><strong>Aten\u00e7\u00e3o<\/strong><\/span>: Antes de fazer a solicita\u00e7\u00e3o verifique as <strong>Informa\u00e7\u00f5es Dispon\u00edveis<\/strong>.<\/p>\n\n<!-- iframe plugin v.6.0 wordpress.org\/plugins\/iframe\/ -->\n<iframe src=\"http:\/\/ninfi.ufpel.edu.br\/info\/intro.php\" width=\"100%\" height=\"820\" scrolling=\"yes\" class=\"iframe-class\" frameborder=\"0\"><\/iframe>\n\n","protected":false},"excerpt":{"rendered":"<p>Aten\u00e7\u00e3o: Antes de fazer a solicita\u00e7\u00e3o verifique as Informa\u00e7\u00f5es Dispon\u00edveis.<\/p>\n","protected":false},"author":1353,"featured_media":0,"parent":0,"menu_order":0,"comment_status":"closed","ping_status":"closed","template":"","meta":{"jetpack_post_was_ever_published":false,"footnotes":""},"class_list":["post-2719","page","type-page","status-publish","hentry"],"jetpack_sharing_enabled":true,"_links":{"self":[{"href":"https:\/\/wp.ufpel.edu.br\/proplad\/wp-json\/wp\/v2\/pages\/2719","targetHints":{"allow":["GET"]}}],"collection":[{"href":"https:\/\/wp.ufpel.edu.br\/proplad\/wp-json\/wp\/v2\/pages"}],"about":[{"href":"https:\/\/wp.ufpel.edu.br\/proplad\/wp-json\/wp\/v2\/types\/page"}],"author":[{"embeddable":true,"href":"https:\/\/wp.ufpel.edu.br\/proplad\/wp-json\/wp\/v2\/users\/1353"}],"replies":[{"embeddable":true,"href":"https:\/\/wp.ufpel.edu.br\/proplad\/wp-json\/wp\/v2\/comments?post=2719"}],"version-history":[{"count":0,"href":"https:\/\/wp.ufpel.edu.br\/proplad\/wp-json\/wp\/v2\/pages\/2719\/revisions"}],"wp:attachment":[{"href":"https:\/\/wp.ufpel.edu.br\/proplad\/wp-json\/wp\/v2\/media?parent=2719"}],"curies":[{"name":"wp","href":"https:\/\/api.w.org\/{rel}","templated":true}]}}