{"id":2441,"date":"2016-02-03T08:37:58","date_gmt":"2016-02-03T10:37:58","guid":{"rendered":"https:\/\/wp.ufpel.edu.br\/proplan\/?page_id=2441"},"modified":"2016-02-03T08:37:58","modified_gmt":"2016-02-03T10:37:58","slug":"ufpel-em-numeros","status":"publish","type":"page","link":"https:\/\/wp.ufpel.edu.br\/proplad\/informacoes-institucionais-2\/ufpel-em-numeros\/","title":{"rendered":"UFPel em n\u00fameros"},"content":{"rendered":"<p><span style=\"font-family: arial, helvetica, sans-serif;font-size: 10pt\">Com 46 anos de hist\u00f3ria e mais de 18,4 mil alunos e 2,6 mil servidores, a Universidade Federal de Pelotas (UFPel) \u00e9 uma institui\u00e7\u00e3o de vulto em termos de porte, abrang\u00eancia, ensino, pesquisa e a\u00e7\u00e3o na comunidade. <\/span><\/p>\n<p><span style=\"font-family: arial, helvetica, sans-serif;font-size: 10pt\">Este informativo mostra, de forma r\u00e1pida e pr\u00e1tica, uma verdadeira &#8220;radiografia&#8221; da institui\u00e7\u00e3o. Conhe\u00e7a os n\u00fameros que revelam muito mais do que eles pr\u00f3prios: que mostram a magnitude dessa Universidade na forma\u00e7\u00e3o de profissionais, no desenvolvimento da ci\u00eancia e da humaniza\u00e7\u00e3o e no impacto na sociedade. <\/span><\/p>\n<p><span style=\"font-family: arial, helvetica, sans-serif;font-size: 10pt\">Ensino de gradua\u00e7\u00e3o, de p\u00f3s-gradua\u00e7\u00e3o, produ\u00e7\u00e3o cientifica e inova\u00e7\u00e3o tecnol\u00f3gica, atividades de extens\u00e3o, programa de bolsas, assist\u00eancia estudantil, bibliotecas, recursos humanos, servi\u00e7os, unidades acad\u00eamicas e informa\u00e7\u00f5es gerais est\u00e3o apresentadas a seguir. Adentre esse universo. <\/span><\/p>\n<p><span style=\"font-family: arial, helvetica, sans-serif;font-size: 10pt\"><strong>Ano Base<\/strong><\/span><\/p>\n<p><span style=\"font-family: arial, helvetica, sans-serif;font-size: 10pt;color: #000000\"><a style=\"color: #000000\" href=\"https:\/\/wp.ufpel.edu.br\/proplad\/files\/2016\/02\/Informacoes-UFPel-2015-v13.pdf\" rel=\"\">2015<\/a><\/span><\/p>\n","protected":false},"excerpt":{"rendered":"<p>Com 46 anos de hist\u00f3ria e mais de 18,4 mil alunos e 2,6 mil servidores, a Universidade Federal de Pelotas (UFPel) \u00e9 uma institui\u00e7\u00e3o de vulto em termos de porte, abrang\u00eancia, ensino, pesquisa e a\u00e7\u00e3o na comunidade. Este informativo mostra, de forma r\u00e1pida e pr\u00e1tica, uma verdadeira &#8220;radiografia&#8221; da institui\u00e7\u00e3o. Conhe\u00e7a os n\u00fameros que revelam [&hellip;]<\/p>\n","protected":false},"author":1353,"featured_media":0,"parent":2365,"menu_order":0,"comment_status":"closed","ping_status":"closed","template":"","meta":{"jetpack_post_was_ever_published":false,"footnotes":""},"class_list":["post-2441","page","type-page","status-publish","hentry"],"jetpack_sharing_enabled":true,"_links":{"self":[{"href":"https:\/\/wp.ufpel.edu.br\/proplad\/wp-json\/wp\/v2\/pages\/2441","targetHints":{"allow":["GET"]}}],"collection":[{"href":"https:\/\/wp.ufpel.edu.br\/proplad\/wp-json\/wp\/v2\/pages"}],"about":[{"href":"https:\/\/wp.ufpel.edu.br\/proplad\/wp-json\/wp\/v2\/types\/page"}],"author":[{"embeddable":true,"href":"https:\/\/wp.ufpel.edu.br\/proplad\/wp-json\/wp\/v2\/users\/1353"}],"replies":[{"embeddable":true,"href":"https:\/\/wp.ufpel.edu.br\/proplad\/wp-json\/wp\/v2\/comments?post=2441"}],"version-history":[{"count":0,"href":"https:\/\/wp.ufpel.edu.br\/proplad\/wp-json\/wp\/v2\/pages\/2441\/revisions"}],"up":[{"embeddable":true,"href":"https:\/\/wp.ufpel.edu.br\/proplad\/wp-json\/wp\/v2\/pages\/2365"}],"wp:attachment":[{"href":"https:\/\/wp.ufpel.edu.br\/proplad\/wp-json\/wp\/v2\/media?parent=2441"}],"curies":[{"name":"wp","href":"https:\/\/api.w.org\/{rel}","templated":true}]}}