{"id":2365,"date":"2016-01-18T10:45:58","date_gmt":"2016-01-18T12:45:58","guid":{"rendered":"https:\/\/wp.ufpel.edu.br\/proplan\/?page_id=2365"},"modified":"2016-01-18T10:45:58","modified_gmt":"2016-01-18T12:45:58","slug":"informacoes-institucionais-2","status":"publish","type":"page","link":"https:\/\/wp.ufpel.edu.br\/proplad\/informacoes-institucionais-2\/","title":{"rendered":"Informa\u00e7\u00f5es Institucionais"},"content":{"rendered":"<p><span style=\"font-family: arial, helvetica, sans-serif;font-size: 10pt;color: #000000\">Localizada em Pelotas\/RS, a UFPel foi\u00a0 criada em 1969 a partir da transforma\u00e7\u00e3o da\u00a0Universidade Federal Rural do Rio Grande do Sul (composta pela Faculdade\u00a0de Agronomia Eliseu Maciel, Faculdade de Veterin\u00e1ria e a Faculdade de Ci\u00eancias\u00a0Dom\u00e9sticas) e da anexa\u00e7\u00e3o das Faculdades de Direito e Odontologia, at\u00e9 ent\u00e3o ligadas \u00e0\u00a0Universidade Federal do Rio Grande do Sul.<\/span><\/p>\n<p><span style=\"font-family: arial, helvetica, sans-serif;font-size: 10pt;color: #000000\">Os 45 anos decorridos desde a efetiva cria\u00e7\u00e3o da Universidade s\u00e3o insuficientes para expressar sua rica mem\u00f3ria, uma vez que as ra\u00edzes da institui\u00e7\u00e3o nos remetem a anos mais long\u00ednquos e traduzem o legado dos idealistas do ensino superior no Sul do Rio Grande do Sul.<\/span><\/p>\n<p><span style=\"font-family: arial, helvetica, sans-serif;font-size: 10pt\"><a href=\"https:\/\/wp.ufpel.edu.br\/proplan\/informacoes-institucionais\/ensino-de-graduacao\/\">Ensino de Gradua\u00e7\u00e3o<\/a> <\/span><\/p>\n<p><span style=\"font-family: arial, helvetica, sans-serif;font-size: 10pt\"><a href=\"https:\/\/wp.ufpel.edu.br\/proplan\/informacoes-institucionais\/ensino-de-pos-graduacao\/\">Ensino de P\u00f3s-Gradua\u00e7\u00e3o<\/a><\/span><\/p>\n<p><span style=\"font-family: arial, helvetica, sans-serif;font-size: 10pt\"><a href=\"https:\/\/wp.ufpel.edu.br\/proplan\/informacoes-institucionais\/producao-cientifica-e-inovacao-tecnologica\/\">Produ\u00e7\u00e3o Cient\u00edfica e Inova\u00e7\u00e3o Tecnol\u00f3gica<\/a><\/span><\/p>\n<p><span style=\"font-family: arial, helvetica, sans-serif;font-size: 10pt\"><a href=\"https:\/\/wp.ufpel.edu.br\/proplan\/informacoes-institucionais\/programa-de-bolsas\/\">Programa de Bolsas<\/a><\/span><\/p>\n<p><span style=\"font-family: arial, helvetica, sans-serif;font-size: 10pt\"><a href=\"https:\/\/wp.ufpel.edu.br\/proplan\/informacoes-institucionais\/assistencia-estudantil\/\">Assist\u00eancia Estudantil<\/a><\/span><\/p>\n<p><span style=\"font-family: arial, helvetica, sans-serif;font-size: 10pt\"><a href=\"https:\/\/wp.ufpel.edu.br\/proplan\/informacoes-institucionais\/bibliotecas\/\">Bibliotecas<\/a><\/span><\/p>\n<p><span style=\"font-family: arial, helvetica, sans-serif;font-size: 10pt\"><a href=\"https:\/\/wp.ufpel.edu.br\/proplan\/informacoes-institucionais\/atividades-de-extensao\/\">Atividades de Extens\u00e3o<\/a><\/span><\/p>\n<p><span style=\"font-family: arial, helvetica, sans-serif;font-size: 10pt\"><a href=\"https:\/\/wp.ufpel.edu.br\/proplan\/informacoes-institucionais\/recursos-humanos\/\">Recursos Humanos<\/a><\/span><\/p>\n<p><span style=\"font-family: arial, helvetica, sans-serif;font-size: 10pt\"><a href=\"https:\/\/wp.ufpel.edu.br\/proplan\/informacoes-institucionais\/servicos\/\">Servi\u00e7os<\/a><\/span><\/p>\n<p><span style=\"font-family: arial, helvetica, sans-serif;font-size: 10pt\"><a href=\"https:\/\/wp.ufpel.edu.br\/proplan\/informacoes-institucionais\/unidades-academicas\/\">Unidades Acad\u00eamicas<\/a><\/span><\/p>\n<p><span style=\"font-family: arial, helvetica, sans-serif;font-size: 10pt\"><a href=\"https:\/\/wp.ufpel.edu.br\/proplan\/informacoes-institucionais\/informacoes-gerais\/\">Informa\u00e7\u00f5es Gerais<\/a><\/span><\/p>\n<p>&nbsp;<\/p>\n","protected":false},"excerpt":{"rendered":"<p>Localizada em Pelotas\/RS, a UFPel foi\u00a0 criada em 1969 a partir da transforma\u00e7\u00e3o da\u00a0Universidade Federal Rural do Rio Grande do Sul (composta pela Faculdade\u00a0de Agronomia Eliseu Maciel, Faculdade de Veterin\u00e1ria e a Faculdade de Ci\u00eancias\u00a0Dom\u00e9sticas) e da anexa\u00e7\u00e3o das Faculdades de Direito e Odontologia, at\u00e9 ent\u00e3o ligadas \u00e0\u00a0Universidade Federal do Rio Grande do Sul. Os [&hellip;]<\/p>\n","protected":false},"author":1353,"featured_media":0,"parent":0,"menu_order":0,"comment_status":"closed","ping_status":"closed","template":"","meta":{"jetpack_post_was_ever_published":false,"footnotes":""},"class_list":["post-2365","page","type-page","status-publish","hentry"],"jetpack_sharing_enabled":true,"_links":{"self":[{"href":"https:\/\/wp.ufpel.edu.br\/proplad\/wp-json\/wp\/v2\/pages\/2365","targetHints":{"allow":["GET"]}}],"collection":[{"href":"https:\/\/wp.ufpel.edu.br\/proplad\/wp-json\/wp\/v2\/pages"}],"about":[{"href":"https:\/\/wp.ufpel.edu.br\/proplad\/wp-json\/wp\/v2\/types\/page"}],"author":[{"embeddable":true,"href":"https:\/\/wp.ufpel.edu.br\/proplad\/wp-json\/wp\/v2\/users\/1353"}],"replies":[{"embeddable":true,"href":"https:\/\/wp.ufpel.edu.br\/proplad\/wp-json\/wp\/v2\/comments?post=2365"}],"version-history":[{"count":0,"href":"https:\/\/wp.ufpel.edu.br\/proplad\/wp-json\/wp\/v2\/pages\/2365\/revisions"}],"wp:attachment":[{"href":"https:\/\/wp.ufpel.edu.br\/proplad\/wp-json\/wp\/v2\/media?parent=2365"}],"curies":[{"name":"wp","href":"https:\/\/api.w.org\/{rel}","templated":true}]}}