{"id":2197,"date":"2015-05-12T11:50:13","date_gmt":"2015-05-12T14:50:13","guid":{"rendered":"https:\/\/wp.ufpel.edu.br\/proplan\/?page_id=2197"},"modified":"2015-05-12T11:50:13","modified_gmt":"2015-05-12T14:50:13","slug":"informacoes-institucionais","status":"publish","type":"page","link":"https:\/\/wp.ufpel.edu.br\/proplad\/informacoes-institucionais\/","title":{"rendered":"Informa\u00e7\u00f5es Institucionais NINFI"},"content":{"rendered":"<p><span style=\"font-family: arial, helvetica, sans-serif;font-size: 10pt;color: #000000\">Com 46 anos de hist\u00f3ria e mais de 18,4 mil alunos e 2,6 mil servidores, a Universidade Federal de Pelotas (UFPel) \u00e9 uma institui\u00e7\u00e3o de vulto em termos de porte, abrang\u00eancia, ensino, pesquisa e a\u00e7\u00e3o na comunidade.<\/span><\/p>\n<p><span style=\"font-family: arial, helvetica, sans-serif;font-size: 10pt;color: #000000\">Conhe\u00e7a os n\u00fameros que revelam muito mais do que eles pr\u00f3prios: que mostram a magnitude dessa Universidade na forma\u00e7\u00e3o de profissionais, no desenvolvimento da ci\u00eancia e da humaniza\u00e7\u00e3o e no impacto na sociedade.<\/span><\/p>\n<p><span style=\"font-family: arial, helvetica, sans-serif;font-size: 10pt;color: #000000\">Ensino de gradua\u00e7\u00e3o, de p\u00f3s-gradua\u00e7\u00e3o, produ\u00e7\u00e3o cientifica e inova\u00e7\u00e3o tecnol\u00f3gica, atividades de extens\u00e3o, programa de bolsas, assist\u00eancia estudantil, bibliotecas, recursos humanos, servi\u00e7os, unidades acad\u00eamicas e informa\u00e7\u00f5es gerais est\u00e3o apresentadas a seguir. Adentre esse universo.<\/span><\/p>\n<p><span style=\"font-family: arial, helvetica, sans-serif;font-size: 10pt;color: #000000\"><strong>Dados gerais:<\/strong><\/span><\/p>\n<p><span style=\"font-family: arial, helvetica, sans-serif;font-size: 10pt;color: #000000\"><a style=\"color: #000000\" href=\"https:\/\/wp.ufpel.edu.br\/proplad\/files\/2015\/05\/Informacoes-UFPel-2016-v1.pdf\" target=\"_blank\">UFPel em n\u00fameros (ano base 2016)<\/a><\/span><\/p>\n<p><span style=\"font-family: arial, helvetica, sans-serif;font-size: 10pt;color: #000000\"><a style=\"color: #000000\" href=\"https:\/\/wp.ufpel.edu.br\/proplad\/files\/2016\/02\/Informacoes-UFPel-2015-v13.pdf\" rel=\"\">UFPel em n\u00fameros (ano base 2015)<\/a><\/span><\/p>\n<p><span style=\"font-family: arial, helvetica, sans-serif;font-size: 10pt;color: #000000\"><a style=\"color: #000000\" href=\"https:\/\/wp.ufpel.edu.br\/proplad\/files\/2015\/05\/Oferta-de-vagas-2016.pdf\" target=\"_blank\">Quadro de vagas (ano base 2016)<\/a><\/span><\/p>\n<p><span style=\"color: #000000;font-family: arial, helvetica, sans-serif;font-size: 10pt\"><a style=\"color: #000000\" href=\"https:\/\/wp.ufpel.edu.br\/proplad\/files\/2015\/05\/graduacao_presencial_ingressantes.pdf\" target=\"_blank\">N\u00famero de alunos ingressantes nos cursos de gradua\u00e7\u00e3o presencial (2010 a 2016)<\/a><\/span><\/p>\n<p>&nbsp;<\/p>\n<h5><span style=\"font-family: arial, helvetica, sans-serif;font-size: 10pt;color: #000000\"><strong>Gradua\u00e7\u00e3o (2007 a 2016):<\/strong><\/span><\/h5>\n<p><span style=\"font-family: arial, helvetica, sans-serif;font-size: 10pt;color: #000000\"><a style=\"color: #000000\" href=\"https:\/\/wp.ufpel.edu.br\/proplad\/files\/2015\/05\/Pgraduacao_presencial_matriculados_v2.pdf\" target=\"_blank\">N\u00famero de alunos matriculados nos cursos de gradua\u00e7\u00e3o presencial<\/a><\/span><\/p>\n<p><span style=\"font-family: arial, helvetica, sans-serif;font-size: 10pt;color: #000000\"><a style=\"color: #000000\" href=\"https:\/\/wp.ufpel.edu.br\/proplan\/corac\/regulacao\/\" target=\"_blank\">Relat\u00f3rio de regula\u00e7\u00e3o dos cursos de gradua\u00e7\u00e3o<\/a><\/span><\/p>\n<p>&nbsp;<\/p>\n<p><span style=\"font-family: arial, helvetica, sans-serif;font-size: 10pt;color: #000000\"><strong>P\u00f3s-Gradua\u00e7\u00e3o (2007 a 2016):\u00a0<\/strong><\/span><\/p>\n<p><span style=\"color: #000000;font-family: arial, helvetica, sans-serif;font-size: 10pt\"><a style=\"color: #000000\" href=\"https:\/\/wp.ufpel.edu.br\/proplad\/files\/2015\/05\/POS_matriculados_atualizado.pdf\" target=\"_blank\">N\u00famero de alunos matriculados nos cursos de p\u00f3s-gradua\u00e7\u00e3o<\/a><\/span><\/p>\n<p><span style=\"font-family: arial, helvetica, sans-serif;font-size: 10pt;color: #000000\"><span style=\"color: #000000\">Mais informa\u00e7\u00f5es sobre p\u00f3s-gradua\u00e7\u00e3o podem ser encontradas na plataforma <a style=\"color: #000000\" href=\"https:\/\/sucupira.capes.gov.br\/sucupira\" target=\"_blank\">Sucupira<\/a>.<\/span><\/span><\/p>\n<p>&nbsp;<\/p>\n<p><span style=\"font-family: arial, helvetica, sans-serif;font-size: 10pt;color: #000000\"><strong>EAD (2007 a 2016):<\/strong><\/span><\/p>\n<p><span style=\"color: #000000;font-family: arial, helvetica, sans-serif;font-size: 10pt\"><a style=\"color: #000000\" href=\"https:\/\/wp.ufpel.edu.br\/proplad\/files\/2015\/05\/EAD_Matriculados_Atualizado.pdf\" target=\"_blank\">N\u00famero de alunos matriculados nos cursos de gradua\u00e7\u00e3o \u00e0 dist\u00e2ncia<\/a><\/span><\/p>\n<p>&nbsp;<\/p>\n<p><span style=\"font-family: arial, helvetica, sans-serif;font-size: 10pt;color: #000000\"><strong>Dados apresentados no semin\u00e1rio &#8220;O Compromisso Social da Universidade e os Desafios da Gest\u00e3o Acad\u00eamica&#8221;:<\/strong><\/span><\/p>\n<p><span style=\"font-family: arial, helvetica, sans-serif;font-size: 10pt;color: #000000\"><a style=\"color: #000000\" href=\"https:\/\/wp.ufpel.edu.br\/proplad\/files\/2015\/05\/Taxa-de-reprovacao-trancamento-e-infrequencia-de-disciplinas-dos-cursos-de-graduacao.xlsx\" target=\"_blank\">Taxa de reprova\u00e7\u00e3o, trancamento e infrequ\u00eancia de disciplinas dos cursos de gradua\u00e7\u00e3o<\/a><\/span><\/p>\n<p><span style=\"font-family: arial, helvetica, sans-serif;font-size: 10pt;color: #000000\"><a style=\"color: #000000\" href=\"https:\/\/wp.ufpel.edu.br\/proplad\/files\/2015\/05\/Evasao-Retencao-e-Taxa-de-Sucesso-na-Graduacao.xlsx\" target=\"_blank\">Evas\u00e3o, reten\u00e7\u00e3o e taxa de sucesso na gradua\u00e7\u00e3o<\/a><\/span><\/p>\n<p>&nbsp;<\/p>\n<p><span style=\"color: #000000;font-family: arial, helvetica, sans-serif;font-size: 10pt\"><strong>F\u00f3rmulas para o c\u00e1lculo de indicadores (Refer\u00eancia FORPLAD):<\/strong><\/span><\/p>\n<p><span style=\"color: #000000;font-family: arial, helvetica, sans-serif;font-size: 10pt\"><a style=\"color: #000000\" href=\"https:\/\/wp.ufpel.edu.br\/proplad\/files\/2015\/05\/Indicadores-do-FORPLAD.pdf\" target=\"_blank\">Indicadores FORPLAD<\/a><\/span><\/p>\n<p>&nbsp;<\/p>\n<h5><span style=\"font-family: arial, helvetica, sans-serif;font-size: 10pt;color: #000000\">Acesso a microdados gerados pelo Inep<\/span><\/h5>\n<p><span style=\"color: #000000\"><span style=\"font-family: arial, helvetica, sans-serif;font-size: 10pt\">No link abaixo est\u00e3o dispon\u00edveis para consulta os microdados gerados por avalia\u00e7\u00f5es, pesquisas e exames realizados pela Inep (Censo da Educa\u00e7\u00e3o Superior, Enem, Enade, entre outros). \u00a0<\/span><span style=\"font-family: arial, helvetica, sans-serif;font-size: 10pt\">Os arquivos podem ser obtidos via <a style=\"color: #000000\" href=\"http:\/\/portal.inep.gov.br\/basica-levantamentos-acessar\" target=\"_blank\">download<\/a>, em formato ASCII, e cont\u00eam inputs (canais de entrada) para leitura utilizando os softwares SAS e SPSS.<\/span><\/span><\/p>\n<p><span style=\"font-family: arial, helvetica, sans-serif;font-size: 10pt;color: #000000\">Link para acesso:\u00a0<a style=\"color: #000000\" href=\"http:\/\/portal.inep.gov.br\/basica-levantamentos-acessar\" target=\"_blank\">Microdados para download<\/a><\/span><\/p>\n<p>&nbsp;<\/p>\n","protected":false},"excerpt":{"rendered":"<p>Com 46 anos de hist\u00f3ria e mais de 18,4 mil alunos e 2,6 mil servidores, a Universidade Federal de Pelotas (UFPel) \u00e9 uma institui\u00e7\u00e3o de vulto em termos de porte, abrang\u00eancia, ensino, pesquisa e a\u00e7\u00e3o na comunidade. Conhe\u00e7a os n\u00fameros que revelam muito mais do que eles pr\u00f3prios: que mostram a magnitude dessa Universidade na [&hellip;]<\/p>\n","protected":false},"author":1353,"featured_media":0,"parent":0,"menu_order":0,"comment_status":"closed","ping_status":"closed","template":"","meta":{"jetpack_post_was_ever_published":false,"footnotes":""},"class_list":["post-2197","page","type-page","status-publish","hentry"],"jetpack_sharing_enabled":true,"_links":{"self":[{"href":"https:\/\/wp.ufpel.edu.br\/proplad\/wp-json\/wp\/v2\/pages\/2197","targetHints":{"allow":["GET"]}}],"collection":[{"href":"https:\/\/wp.ufpel.edu.br\/proplad\/wp-json\/wp\/v2\/pages"}],"about":[{"href":"https:\/\/wp.ufpel.edu.br\/proplad\/wp-json\/wp\/v2\/types\/page"}],"author":[{"embeddable":true,"href":"https:\/\/wp.ufpel.edu.br\/proplad\/wp-json\/wp\/v2\/users\/1353"}],"replies":[{"embeddable":true,"href":"https:\/\/wp.ufpel.edu.br\/proplad\/wp-json\/wp\/v2\/comments?post=2197"}],"version-history":[{"count":0,"href":"https:\/\/wp.ufpel.edu.br\/proplad\/wp-json\/wp\/v2\/pages\/2197\/revisions"}],"wp:attachment":[{"href":"https:\/\/wp.ufpel.edu.br\/proplad\/wp-json\/wp\/v2\/media?parent=2197"}],"curies":[{"name":"wp","href":"https:\/\/api.w.org\/{rel}","templated":true}]}}