{"id":2112,"date":"2015-03-17T10:02:08","date_gmt":"2015-03-17T13:02:08","guid":{"rendered":"https:\/\/wp.ufpel.edu.br\/proplan\/?page_id=2112"},"modified":"2015-03-17T10:02:08","modified_gmt":"2015-03-17T13:02:08","slug":"documentos","status":"publish","type":"page","link":"https:\/\/wp.ufpel.edu.br\/proplad\/cdit\/documentos\/","title":{"rendered":"Documentos"},"content":{"rendered":"<p><span style=\"color: #000000;font-size: 10pt;font-family: arial, helvetica, sans-serif\"><strong>Solicita\u00e7\u00e3o de m\u00f3veis e equipamentos<\/strong><\/span><\/p>\n<ul>\n<li><span style=\"color: #000000;font-size: 10pt;font-family: arial, helvetica, sans-serif\"><a style=\"color: #000000\" href=\"https:\/\/wp.ufpel.edu.br\/proplad\/files\/2015\/02\/orientau00E7u00F5es-revisu00E3o001.pdf\" target=\"_blank\">Orienta\u00e7\u00f5es gerais<\/a><\/span><\/li>\n<li><span style=\"color: #000000;font-size: 10pt;font-family: arial, helvetica, sans-serif\"><a style=\"color: #000000\" href=\"https:\/\/wp.ufpel.edu.br\/proplad\/files\/2015\/02\/procedimentosolicitacaomobiliarioeequipamento-rev.001.pdf\">Procedimento de solicita\u00e7\u00e3o de m\u00f3veis e equipamentos<\/a><\/span><\/li>\n<li><span style=\"color: #000000;font-size: 10pt;font-family: arial, helvetica, sans-serif\"><a style=\"color: #000000\" href=\"https:\/\/wp.ufpel.edu.br\/proplad\/files\/2015\/02\/macro-processo-revisu00E3o001.pdf\" target=\"_blank\">Mapa do processo<\/a><\/span><\/li>\n<li><span style=\"color: #000000;font-size: 10pt;font-family: arial, helvetica, sans-serif\"><a style=\"color: #000000\" href=\"https:\/\/wp.ufpel.edu.br\/proplad\/files\/2015\/02\/memorando-modelo.docx\" target=\"_blank\">Modelo de memorando<\/a><\/span><\/li>\n<li><span style=\"color: #000000;font-size: 10pt;font-family: arial, helvetica, sans-serif\"><a style=\"color: #000000\" href=\"https:\/\/wp.ufpel.edu.br\/proplad\/files\/2015\/03\/Planilha-de-Pregu00F5es-SRP-PROPLAN.xlsx\" target=\"_blank\">Preg\u00f5es Proplan vigentes<\/a><\/span><\/li>\n<li><span style=\"color: #000000;font-size: 10pt;font-family: arial, helvetica, sans-serif\"><a style=\"color: #000000\" href=\"https:\/\/wp.ufpel.edu.br\/proplad\/files\/2015\/02\/Modelo-Pedido-e-Termo-de-Referencia4.doc\" target=\"_blank\">Formul\u00e1rio para pedido<\/a><\/span><\/li>\n<li><span style=\"color: #000000;font-size: 10pt;font-family: arial, helvetica, sans-serif\"><a style=\"color: #000000\" href=\"https:\/\/wp.ufpel.edu.br\/pra\/files\/2012\/03\/Preg%C3%B5es-SRP-Vigentes75.xls\" target=\"_blank\">Consulta preg\u00f5es SRP<\/a><\/span><\/li>\n<\/ul>\n<p><span style=\"font-family: arial, helvetica, sans-serif;font-size: 10pt\"><strong><span style=\"color: #000000\">Solicita\u00e7\u00e3o de condicionador de ar<\/span><\/strong><\/span><\/p>\n<ul>\n<li><span style=\"font-family: arial, helvetica, sans-serif;font-size: 10pt;color: #000000\"><a style=\"color: #000000\" href=\"https:\/\/wp.ufpel.edu.br\/proplad\/files\/2015\/03\/orientacoes-rev.001.pdf\" target=\"_blank\">Orienta\u00e7\u00f5es gerais<\/a><\/span><\/li>\n<li><span style=\"font-family: arial, helvetica, sans-serif;font-size: 10pt;color: #000000\"><a style=\"color: #000000\" href=\"https:\/\/wp.ufpel.edu.br\/proplad\/files\/2015\/03\/Macro-Processo.pdf\" target=\"_blank\">Mapa do processo<\/a><\/span><\/li>\n<li><span style=\"color: #000000;font-family: arial, helvetica, sans-serif;font-size: 10pt\"><a style=\"color: #000000\" href=\"https:\/\/wp.ufpel.edu.br\/proplad\/files\/2015\/03\/Formulario-para-solicitacao-de-condicionador-de-ar.pdf\" target=\"_blank\">Formul\u00e1rio para solicita\u00e7\u00e3o de condicionador de ar<\/a><\/span><\/li>\n<\/ul>\n","protected":false},"excerpt":{"rendered":"<p>Solicita\u00e7\u00e3o de m\u00f3veis e equipamentos Orienta\u00e7\u00f5es gerais Procedimento de solicita\u00e7\u00e3o de m\u00f3veis e equipamentos Mapa do processo Modelo de memorando Preg\u00f5es Proplan vigentes Formul\u00e1rio para pedido Consulta preg\u00f5es SRP Solicita\u00e7\u00e3o de condicionador de ar Orienta\u00e7\u00f5es gerais Mapa do processo Formul\u00e1rio para solicita\u00e7\u00e3o de condicionador de ar<\/p>\n","protected":false},"author":1353,"featured_media":0,"parent":136,"menu_order":0,"comment_status":"closed","ping_status":"closed","template":"","meta":{"jetpack_post_was_ever_published":false,"footnotes":""},"class_list":["post-2112","page","type-page","status-publish","hentry"],"jetpack_sharing_enabled":true,"_links":{"self":[{"href":"https:\/\/wp.ufpel.edu.br\/proplad\/wp-json\/wp\/v2\/pages\/2112","targetHints":{"allow":["GET"]}}],"collection":[{"href":"https:\/\/wp.ufpel.edu.br\/proplad\/wp-json\/wp\/v2\/pages"}],"about":[{"href":"https:\/\/wp.ufpel.edu.br\/proplad\/wp-json\/wp\/v2\/types\/page"}],"author":[{"embeddable":true,"href":"https:\/\/wp.ufpel.edu.br\/proplad\/wp-json\/wp\/v2\/users\/1353"}],"replies":[{"embeddable":true,"href":"https:\/\/wp.ufpel.edu.br\/proplad\/wp-json\/wp\/v2\/comments?post=2112"}],"version-history":[{"count":0,"href":"https:\/\/wp.ufpel.edu.br\/proplad\/wp-json\/wp\/v2\/pages\/2112\/revisions"}],"up":[{"embeddable":true,"href":"https:\/\/wp.ufpel.edu.br\/proplad\/wp-json\/wp\/v2\/pages\/136"}],"wp:attachment":[{"href":"https:\/\/wp.ufpel.edu.br\/proplad\/wp-json\/wp\/v2\/media?parent=2112"}],"curies":[{"name":"wp","href":"https:\/\/api.w.org\/{rel}","templated":true}]}}