{"id":2106,"date":"2015-03-17T10:02:14","date_gmt":"2015-03-17T13:02:14","guid":{"rendered":"https:\/\/wp.ufpel.edu.br\/proplan\/?page_id=2106"},"modified":"2015-03-17T10:02:14","modified_gmt":"2015-03-17T13:02:14","slug":"principais-acoes","status":"publish","type":"page","link":"https:\/\/wp.ufpel.edu.br\/proplad\/cdit\/principais-acoes\/","title":{"rendered":"Principais A\u00e7\u00f5es"},"content":{"rendered":"<ul>\n<li><span style=\"color: #000000;font-family: arial, helvetica, sans-serif;font-size: 10pt\"><strong>Aquisi\u00e7\u00e3o e gest\u00e3o\u00a0de m\u00f3veis e equipamentos institucionais<\/strong><\/span><\/li>\n<\/ul>\n<p style=\"padding-left: 60px\"><span style=\"color: #000000;font-family: arial, helvetica, sans-serif;font-size: 10pt\">A CPDI \u00e9 respons\u00e1vel pela aquisi\u00e7\u00e3o e distribui\u00e7\u00e3o de m\u00f3veis e equipamentos em n\u00edvel institucional.<\/span><\/p>\n<p style=\"padding-left: 60px\"><span style=\"color: #000000;font-family: arial, helvetica, sans-serif;font-size: 10pt\">Para viabilizar o processo a equipe elabora termo de refer\u00eancia dos principais m\u00f3veis e equipamentos de uso institucional e disponibiliza documentos e orienta\u00e7\u00f5es para sua solicita\u00e7\u00e3o. <a style=\"color: #000000\" href=\"https:\/\/wp.ufpel.edu.br\/proplan\/cpdi\/documentos\/\">(Saiba mais&#8230;)<\/a><\/span><\/p>\n<ul>\n<li><span style=\"color: #000000;font-family: arial, helvetica, sans-serif;font-size: 10pt\"><strong>Edital Proequip<\/strong><\/span><\/li>\n<\/ul>\n<p style=\"padding-left: 60px\"><span style=\"color: #000000;font-family: arial, helvetica, sans-serif;font-size: 10pt\">O proequip \u00e9 um edital anual que busca apoiar os cursos de gradua\u00e7\u00e3o presenciais da UFPel para qualificar seus laborat\u00f3rios de ensino e bibliotecas. <a style=\"color: #000000\" href=\"https:\/\/wp.ufpel.edu.br\/proplan\/cpdi\/proequip\/\">(Saiba mais&#8230;)<\/a><\/span><\/p>\n<ul>\n<li><span style=\"color: #000000;font-family: arial, helvetica, sans-serif;font-size: 10pt\"><strong>Mapeamento de processos<\/strong><\/span><\/li>\n<\/ul>\n<p style=\"padding-left: 60px\"><span style=\"color: #000000;font-family: arial, helvetica, sans-serif;font-size: 10pt\">A CPDI desenvolve mapeamento de processos internos da gest\u00e3o, oferecendo apoio na solu\u00e7\u00e3o de problemas e melhorias no desenvolvimento das a\u00e7\u00f5es.<\/span><\/p>\n<ul>\n<li><span style=\"color: #000000;font-family: arial, helvetica, sans-serif;font-size: 10pt\"><strong>Programa de Qualifica\u00e7\u00e3o de Espa\u00e7os (PQE)<\/strong><\/span><\/li>\n<\/ul>\n<p style=\"padding-left: 60px\"><span style=\"color: #000000;font-family: arial, helvetica, sans-serif;font-size: 10pt\">O programa de qualifica\u00e7\u00e3o de espa\u00e7os visa qualificar os espa\u00e7os de uso compartilhado da universidade, atrav\u00e9s da distribui\u00e7\u00e3o de m\u00f3veis e equipamentos adequados aos ambientes.<\/span><\/p>\n<ul>\n<li><span style=\"color: #000000;font-family: arial, helvetica, sans-serif;font-size: 10pt\"><strong>Relat\u00f3rio de Gest\u00e3o<\/strong><\/span><\/li>\n<\/ul>\n<p style=\"padding-left: 60px\"><span style=\"color: #000000;font-family: arial, helvetica, sans-serif;font-size: 10pt\">A coordena\u00e7\u00e3o atua diretamente na elabora\u00e7\u00e3o do relat\u00f3rio de gest\u00e3o anual da universidade enviado ao tribunal de contas da uni\u00e3o.<\/span><\/p>\n<ul>\n<li><span style=\"color: #000000;font-family: arial, helvetica, sans-serif;font-size: 10pt\"><strong>N\u00facleo de Projetos<\/strong><\/span><\/li>\n<\/ul>\n<p style=\"padding-left: 60px\"><span style=\"color: #000000;font-family: arial, helvetica, sans-serif;font-size: 10pt\">O n\u00facleo de projetos est\u00e1 em estrutura\u00e7\u00e3o, e tem como principal objetivo coordenar os projetos institucionais desenvolvidos pela UFPel.<\/span><\/p>\n","protected":false},"excerpt":{"rendered":"<p>Aquisi\u00e7\u00e3o e gest\u00e3o\u00a0de m\u00f3veis e equipamentos institucionais A CPDI \u00e9 respons\u00e1vel pela aquisi\u00e7\u00e3o e distribui\u00e7\u00e3o de m\u00f3veis e equipamentos em n\u00edvel institucional. Para viabilizar o processo a equipe elabora termo de refer\u00eancia dos principais m\u00f3veis e equipamentos de uso institucional e disponibiliza documentos e orienta\u00e7\u00f5es para sua solicita\u00e7\u00e3o. (Saiba mais&#8230;) Edital Proequip O proequip \u00e9 [&hellip;]<\/p>\n","protected":false},"author":1353,"featured_media":0,"parent":136,"menu_order":0,"comment_status":"closed","ping_status":"closed","template":"","meta":{"jetpack_post_was_ever_published":false,"footnotes":""},"class_list":["post-2106","page","type-page","status-publish","hentry"],"jetpack_sharing_enabled":true,"_links":{"self":[{"href":"https:\/\/wp.ufpel.edu.br\/proplad\/wp-json\/wp\/v2\/pages\/2106","targetHints":{"allow":["GET"]}}],"collection":[{"href":"https:\/\/wp.ufpel.edu.br\/proplad\/wp-json\/wp\/v2\/pages"}],"about":[{"href":"https:\/\/wp.ufpel.edu.br\/proplad\/wp-json\/wp\/v2\/types\/page"}],"author":[{"embeddable":true,"href":"https:\/\/wp.ufpel.edu.br\/proplad\/wp-json\/wp\/v2\/users\/1353"}],"replies":[{"embeddable":true,"href":"https:\/\/wp.ufpel.edu.br\/proplad\/wp-json\/wp\/v2\/comments?post=2106"}],"version-history":[{"count":0,"href":"https:\/\/wp.ufpel.edu.br\/proplad\/wp-json\/wp\/v2\/pages\/2106\/revisions"}],"up":[{"embeddable":true,"href":"https:\/\/wp.ufpel.edu.br\/proplad\/wp-json\/wp\/v2\/pages\/136"}],"wp:attachment":[{"href":"https:\/\/wp.ufpel.edu.br\/proplad\/wp-json\/wp\/v2\/media?parent=2106"}],"curies":[{"name":"wp","href":"https:\/\/api.w.org\/{rel}","templated":true}]}}