{"id":1946,"date":"2014-11-13T12:06:03","date_gmt":"2014-11-13T14:06:03","guid":{"rendered":"https:\/\/wp.ufpel.edu.br\/proplan\/?page_id=1946"},"modified":"2014-11-13T12:06:03","modified_gmt":"2014-11-13T14:06:03","slug":"apresentacao-2","status":"publish","type":"page","link":"https:\/\/wp.ufpel.edu.br\/proplad\/apresentacao-2\/","title":{"rendered":"Apresenta\u00e7\u00e3o"},"content":{"rendered":"<p><span style=\"font-family: arial, helvetica, sans-serif;font-size: 10pt;color: #000000\">S\u00e3o atribui\u00e7\u00f5es do N\u00facleo de Informa\u00e7\u00f5es Institucionais:<\/span><\/p>\n<ul>\n<li><span style=\"font-family: arial, helvetica, sans-serif;font-size: 10pt;color: #000000\">Coletar, analisar e prover informa\u00e7\u00f5es gerenciais para a tomada de decis\u00e3o da gest\u00e3o;<\/span><\/li>\n<li><span style=\"font-family: arial, helvetica, sans-serif;font-size: 10pt;color: #000000\">Planejar e operacionalizar, junto ao Centro de Tecnologia da Informa\u00e7\u00e3o, a obten\u00e7\u00e3o de vari\u00e1veis necess\u00e1rias \u00e0 gera\u00e7\u00e3o de indicadores das diferentes \u00e1reas da institui\u00e7\u00e3o;<\/span><\/li>\n<li><span style=\"font-family: arial, helvetica, sans-serif;font-size: 10pt;color: #000000\">Consolidar mecanismos de recupera\u00e7\u00e3o e tratamento da informa\u00e7\u00e3o;<\/span><\/li>\n<li><span style=\"font-family: arial, helvetica, sans-serif;font-size: 10pt;color: #000000\">Manter atualizado os bancos de dados sob a responsabilidade da Pr\u00f3-Reitoria;<\/span><\/li>\n<li><span style=\"font-family: arial, helvetica, sans-serif;font-size: 10pt;color: #000000\">Supervisionar a constante atualiza\u00e7\u00e3o dos bancos de dados exercida pelas diversas unidades acad\u00eamicas e administrativas da institui\u00e7\u00e3o.<\/span><\/li>\n<\/ul>\n<p><span style=\"font-family: arial, helvetica, sans-serif;font-size: 10pt;color: #000000\"><strong>Equipe:<\/strong><\/span><br \/>\n<span style=\"font-family: arial, helvetica, sans-serif;font-size: 10pt;color: #000000\"> Paulo de Almeida Afonso &#8211; Chefe do N\u00facleo de Informa\u00e7\u00f5es Institucionais &#8211; E-mail:\u00a0paulo.afonso@ufpel.edu.br<\/span><br \/>\n<span style=\"font-family: arial, helvetica, sans-serif;font-size: 10pt;color: #000000\"> \u00c2ndrea V\u00f6lz Garcez &#8211; Estagi\u00e1ria <\/span><br \/>\n<span style=\"font-family: arial, helvetica, sans-serif;font-size: 10pt;color: #000000\">Guilherme Dias Lagemann &#8211; Estagi\u00e1rio<\/span><\/p>\n<p><span style=\"font-family: arial, helvetica, sans-serif;font-size: 10pt;color: #000000\"><strong>Telefone:<\/strong> (53) 3284-3957<\/span><br \/>\n<span style=\"font-family: arial, helvetica, sans-serif;font-size: 10pt;color: #000000\"><strong>e-mail:<\/strong>\u00a0 ninfi@proplan.ufpel.edu.br<\/span><\/p>\n","protected":false},"excerpt":{"rendered":"<p>S\u00e3o atribui\u00e7\u00f5es do N\u00facleo de Informa\u00e7\u00f5es Institucionais: Coletar, analisar e prover informa\u00e7\u00f5es gerenciais para a tomada de decis\u00e3o da gest\u00e3o; Planejar e operacionalizar, junto ao Centro de Tecnologia da Informa\u00e7\u00e3o, a obten\u00e7\u00e3o de vari\u00e1veis necess\u00e1rias \u00e0 gera\u00e7\u00e3o de indicadores das diferentes \u00e1reas da institui\u00e7\u00e3o; Consolidar mecanismos de recupera\u00e7\u00e3o e tratamento da informa\u00e7\u00e3o; Manter atualizado os [&hellip;]<\/p>\n","protected":false},"author":1353,"featured_media":0,"parent":0,"menu_order":0,"comment_status":"closed","ping_status":"closed","template":"","meta":{"jetpack_post_was_ever_published":false,"footnotes":""},"class_list":["post-1946","page","type-page","status-publish","hentry"],"jetpack_sharing_enabled":true,"_links":{"self":[{"href":"https:\/\/wp.ufpel.edu.br\/proplad\/wp-json\/wp\/v2\/pages\/1946","targetHints":{"allow":["GET"]}}],"collection":[{"href":"https:\/\/wp.ufpel.edu.br\/proplad\/wp-json\/wp\/v2\/pages"}],"about":[{"href":"https:\/\/wp.ufpel.edu.br\/proplad\/wp-json\/wp\/v2\/types\/page"}],"author":[{"embeddable":true,"href":"https:\/\/wp.ufpel.edu.br\/proplad\/wp-json\/wp\/v2\/users\/1353"}],"replies":[{"embeddable":true,"href":"https:\/\/wp.ufpel.edu.br\/proplad\/wp-json\/wp\/v2\/comments?post=1946"}],"version-history":[{"count":0,"href":"https:\/\/wp.ufpel.edu.br\/proplad\/wp-json\/wp\/v2\/pages\/1946\/revisions"}],"wp:attachment":[{"href":"https:\/\/wp.ufpel.edu.br\/proplad\/wp-json\/wp\/v2\/media?parent=1946"}],"curies":[{"name":"wp","href":"https:\/\/api.w.org\/{rel}","templated":true}]}}