{"id":1938,"date":"2014-11-13T11:59:09","date_gmt":"2014-11-13T13:59:09","guid":{"rendered":"https:\/\/wp.ufpel.edu.br\/proplan\/?page_id=1938"},"modified":"2014-11-13T11:59:09","modified_gmt":"2014-11-13T13:59:09","slug":"apresentacao","status":"publish","type":"page","link":"https:\/\/wp.ufpel.edu.br\/proplad\/copf\/apresentacao\/","title":{"rendered":"Apresenta\u00e7\u00e3o"},"content":{"rendered":"<p><span style=\"font-family: arial, helvetica, sans-serif;font-size: 10pt;color: #000000\">A Coordena\u00e7\u00e3o de Obras e Planejamento F\u00edsico &#8211; COPF \u00e9 um setor da Universidade Federal de Pelotas vinculado \u00e0 Pr\u00f3 &#8211; Reitoria de Planejamento e Desenvolvimento &#8211; PROPLAN, respons\u00e1vel por desenvolver atividades t\u00e9cnicas e de gest\u00e3o, com vistas a adequar e organizar o crescimento f\u00edsico da institui\u00e7\u00e3o.<\/span><\/p>\n<p><span style=\"font-family: arial, helvetica, sans-serif;font-size: 10pt;color: #000000\">A COPF \u00e9 composta por:<\/span><br \/>\n<span style=\"font-family: arial, helvetica, sans-serif;font-size: 10pt;color: #000000\">\u00a0 \u00a0 \u00a0 1. N\u00facleo de Planejamento F\u00edsico (NPF) <\/span><br \/>\n<span style=\"font-family: arial, helvetica, sans-serif;font-size: 10pt;color: #000000\">\u00a0 \u00a0 \u00a0 2. N\u00facleo de Obras e Fiscaliza\u00e7\u00e3o (NOF)<\/span><br \/>\n<span style=\"font-family: arial, helvetica, sans-serif;font-size: 10pt;color: #000000\">\u00a0 \u00a0 \u00a0 3. Apoio Administrativo<\/span><\/p>\n<p><span style=\"font-family: arial, helvetica, sans-serif;font-size: 10pt;color: #000000\"><strong>Coordenador: <\/strong>Eng. Cleidi Vict\u00f3ria Pinto<\/span><br \/>\n<span style=\"font-family: arial, helvetica, sans-serif;font-size: 10pt;color: #000000\"> <strong>Telefone:<\/strong>\u00a0<a style=\"color: #000000\" href=\"tel:%2853%29%203921-1201\" target=\"_blank\">(53) 3284-3959<\/a><\/span><br \/>\n<span style=\"font-family: arial, helvetica, sans-serif;font-size: 10pt;color: #000000\"> <strong>e-mail:<\/strong>\u00a0 <a style=\"color: #000000\" href=\"mailto:copf@ufpel.edu.br\" target=\"_blank\">copf@ufpel.edu.br<\/a><\/span><\/p>\n<p><span style=\"color: #000000;font-family: arial, helvetica, sans-serif;font-size: 10pt\">Expediente externo:<\/span><br \/>\n<span style=\"color: #000000;font-family: arial, helvetica, sans-serif;font-size: 10pt\">De segunda a sexta-feira das 8h \u00e0s 19h <\/span><br \/>\n<span style=\"color: #000000;font-family: arial, helvetica, sans-serif;font-size: 8pt\">*Salvo altera\u00e7\u00f5es definidas por Portaria.<\/span><\/p>\n","protected":false},"excerpt":{"rendered":"<p>A Coordena\u00e7\u00e3o de Obras e Planejamento F\u00edsico &#8211; COPF \u00e9 um setor da Universidade Federal de Pelotas vinculado \u00e0 Pr\u00f3 &#8211; Reitoria de Planejamento e Desenvolvimento &#8211; PROPLAN, respons\u00e1vel por desenvolver atividades t\u00e9cnicas e de gest\u00e3o, com vistas a adequar e organizar o crescimento f\u00edsico da institui\u00e7\u00e3o. A COPF \u00e9 composta por: \u00a0 \u00a0 \u00a0 [&hellip;]<\/p>\n","protected":false},"author":1353,"featured_media":0,"parent":140,"menu_order":0,"comment_status":"closed","ping_status":"closed","template":"","meta":{"jetpack_post_was_ever_published":false,"footnotes":""},"class_list":["post-1938","page","type-page","status-publish","hentry"],"jetpack_sharing_enabled":true,"_links":{"self":[{"href":"https:\/\/wp.ufpel.edu.br\/proplad\/wp-json\/wp\/v2\/pages\/1938","targetHints":{"allow":["GET"]}}],"collection":[{"href":"https:\/\/wp.ufpel.edu.br\/proplad\/wp-json\/wp\/v2\/pages"}],"about":[{"href":"https:\/\/wp.ufpel.edu.br\/proplad\/wp-json\/wp\/v2\/types\/page"}],"author":[{"embeddable":true,"href":"https:\/\/wp.ufpel.edu.br\/proplad\/wp-json\/wp\/v2\/users\/1353"}],"replies":[{"embeddable":true,"href":"https:\/\/wp.ufpel.edu.br\/proplad\/wp-json\/wp\/v2\/comments?post=1938"}],"version-history":[{"count":0,"href":"https:\/\/wp.ufpel.edu.br\/proplad\/wp-json\/wp\/v2\/pages\/1938\/revisions"}],"up":[{"embeddable":true,"href":"https:\/\/wp.ufpel.edu.br\/proplad\/wp-json\/wp\/v2\/pages\/140"}],"wp:attachment":[{"href":"https:\/\/wp.ufpel.edu.br\/proplad\/wp-json\/wp\/v2\/media?parent=1938"}],"curies":[{"name":"wp","href":"https:\/\/api.w.org\/{rel}","templated":true}]}}