{"id":1929,"date":"2014-11-13T11:54:40","date_gmt":"2014-11-13T13:54:40","guid":{"rendered":"https:\/\/wp.ufpel.edu.br\/proplan\/?page_id=1929"},"modified":"2014-11-13T11:54:40","modified_gmt":"2014-11-13T13:54:40","slug":"apresentacao","status":"publish","type":"page","link":"https:\/\/wp.ufpel.edu.br\/proplad\/coor\/apresentacao\/","title":{"rendered":"Apresenta\u00e7\u00e3o"},"content":{"rendered":"<p><span style=\"font-family: arial, helvetica, sans-serif;font-size: 10pt;color: #000000\">S\u00e3o atribui\u00e7\u00f5es da Coordena\u00e7\u00e3o de Or\u00e7amento (COOR):<\/span><\/p>\n<ul>\n<li><span style=\"font-family: arial, helvetica, sans-serif;font-size: 10pt;color: #000000\">Coordenar a elabora\u00e7\u00e3o de proposta or\u00e7ament\u00e1ria anual;<\/span><\/li>\n<li><span style=\"font-family: arial, helvetica, sans-serif;font-size: 10pt;color: #000000\">Distribuir o or\u00e7amento conforme crit\u00e9rios e necessidades da institui\u00e7\u00e3o;<\/span><\/li>\n<li><span style=\"font-family: arial, helvetica, sans-serif;font-size: 10pt;color: #000000\">Prover informa\u00e7\u00f5es aos gestores sobre o or\u00e7amento atrav\u00e9s de relat\u00f3rios regulares;<\/span><\/li>\n<li><span style=\"font-family: arial, helvetica, sans-serif;font-size: 10pt;color: #000000\">Dar suporte aos coordenadores de projetos;<\/span><\/li>\n<li><span style=\"font-family: arial, helvetica, sans-serif;font-size: 10pt;color: #000000\">Proceder aberturas e altera\u00e7\u00f5es dos cr\u00e9ditos or\u00e7ament\u00e1rios junto ao Sistema Integrado de Administra\u00e7\u00e3o Financeira;<\/span><\/li>\n<li><span style=\"font-family: arial, helvetica, sans-serif;font-size: 10pt;color: #000000\">Acompanhar a legisla\u00e7\u00e3o or\u00e7ament\u00e1ria;<\/span><\/li>\n<li><span style=\"font-family: arial, helvetica, sans-serif;font-size: 10pt;color: #000000\">Acompanhar a execu\u00e7\u00e3o de despesas cont\u00ednuas.<\/span><\/li>\n<\/ul>\n<p><span style=\"font-family: arial, helvetica, sans-serif;font-size: 10pt;color: #000000\"><strong>Coordenador: <\/strong>Fernando Campelo Caldas<\/span><br \/>\n<span style=\"font-family: arial, helvetica, sans-serif;font-size: 10pt;color: #000000\"><strong>Telefone:<\/strong> (53)\u00a03284-3955<\/span><br \/>\n<span style=\"font-family: arial, helvetica, sans-serif;font-size: 10pt;color: #000000\"><strong>e-mail:<\/strong>\u00a0 orcamento@ufpel.edu.br<\/span><\/p>\n","protected":false},"excerpt":{"rendered":"<p>S\u00e3o atribui\u00e7\u00f5es da Coordena\u00e7\u00e3o de Or\u00e7amento (COOR): Coordenar a elabora\u00e7\u00e3o de proposta or\u00e7ament\u00e1ria anual; Distribuir o or\u00e7amento conforme crit\u00e9rios e necessidades da institui\u00e7\u00e3o; Prover informa\u00e7\u00f5es aos gestores sobre o or\u00e7amento atrav\u00e9s de relat\u00f3rios regulares; Dar suporte aos coordenadores de projetos; Proceder aberturas e altera\u00e7\u00f5es dos cr\u00e9ditos or\u00e7ament\u00e1rios junto ao Sistema Integrado de Administra\u00e7\u00e3o Financeira; Acompanhar [&hellip;]<\/p>\n","protected":false},"author":1353,"featured_media":0,"parent":797,"menu_order":0,"comment_status":"closed","ping_status":"closed","template":"","meta":{"jetpack_post_was_ever_published":false,"footnotes":""},"class_list":["post-1929","page","type-page","status-publish","hentry"],"jetpack_sharing_enabled":true,"_links":{"self":[{"href":"https:\/\/wp.ufpel.edu.br\/proplad\/wp-json\/wp\/v2\/pages\/1929","targetHints":{"allow":["GET"]}}],"collection":[{"href":"https:\/\/wp.ufpel.edu.br\/proplad\/wp-json\/wp\/v2\/pages"}],"about":[{"href":"https:\/\/wp.ufpel.edu.br\/proplad\/wp-json\/wp\/v2\/types\/page"}],"author":[{"embeddable":true,"href":"https:\/\/wp.ufpel.edu.br\/proplad\/wp-json\/wp\/v2\/users\/1353"}],"replies":[{"embeddable":true,"href":"https:\/\/wp.ufpel.edu.br\/proplad\/wp-json\/wp\/v2\/comments?post=1929"}],"version-history":[{"count":0,"href":"https:\/\/wp.ufpel.edu.br\/proplad\/wp-json\/wp\/v2\/pages\/1929\/revisions"}],"up":[{"embeddable":true,"href":"https:\/\/wp.ufpel.edu.br\/proplad\/wp-json\/wp\/v2\/pages\/797"}],"wp:attachment":[{"href":"https:\/\/wp.ufpel.edu.br\/proplad\/wp-json\/wp\/v2\/media?parent=1929"}],"curies":[{"name":"wp","href":"https:\/\/api.w.org\/{rel}","templated":true}]}}