{"id":1926,"date":"2014-11-13T11:53:13","date_gmt":"2014-11-13T13:53:13","guid":{"rendered":"https:\/\/wp.ufpel.edu.br\/proplan\/?page_id=1926"},"modified":"2026-03-10T09:26:08","modified_gmt":"2026-03-10T12:26:08","slug":"apresentacao","status":"publish","type":"page","link":"https:\/\/wp.ufpel.edu.br\/proplad\/prpd\/apresentacao\/","title":{"rendered":"Apresenta\u00e7\u00e3o"},"content":{"rendered":"<p><span style=\"font-weight: 400;\">S\u00e3o atribui\u00e7\u00f5es da Pr\u00f3-Reitoria de Planejamento e Desenvolvimento:<\/span><\/p>\n<ul>\n<li style=\"font-weight: 400;\" aria-level=\"1\"><span style=\"font-weight: 400;\">Coordenar o planejamento institucional, envolvendo as dimens\u00f5es or\u00e7ament\u00e1ria, do ambiente, do espa\u00e7o f\u00edsico e das rela\u00e7\u00f5es comunit\u00e1rias, estabelecendo a pol\u00edtica de gest\u00e3o e recursos, o desenvolvimento e a integra\u00e7\u00e3o institucional.<\/span><\/li>\n<li style=\"font-weight: 400;\" aria-level=\"1\"><span style=\"font-weight: 400;\">Projetar e acompanhar a pol\u00edtica or\u00e7ament\u00e1ria, aplicar e revisar o plano de desenvolvimento institucional, desenvolver o plano diretor institucional e a pol\u00edtica ambiental, desenvolver projetos e obras do espa\u00e7o f\u00edsico.<\/span><\/li>\n<\/ul>\n<p>&nbsp;<\/p>\n<p>Acesse aqui o organograma da PROPLAD. (em manuten\u00e7\u00e3o)<\/p>\n<p>&nbsp;<\/p>\n<p>&nbsp;<\/p>\n","protected":false},"excerpt":{"rendered":"<p>S\u00e3o atribui\u00e7\u00f5es da Pr\u00f3-Reitoria de Planejamento e Desenvolvimento: Coordenar o planejamento institucional, envolvendo as dimens\u00f5es or\u00e7ament\u00e1ria, do ambiente, do espa\u00e7o f\u00edsico e das rela\u00e7\u00f5es comunit\u00e1rias, estabelecendo a pol\u00edtica de gest\u00e3o e recursos, o desenvolvimento e a integra\u00e7\u00e3o institucional. Projetar e acompanhar a pol\u00edtica or\u00e7ament\u00e1ria, aplicar e revisar o plano de desenvolvimento institucional, desenvolver o plano [&hellip;]<\/p>\n","protected":false},"author":1353,"featured_media":0,"parent":367,"menu_order":0,"comment_status":"closed","ping_status":"closed","template":"","meta":{"jetpack_post_was_ever_published":false,"footnotes":""},"class_list":["post-1926","page","type-page","status-publish","hentry"],"jetpack_sharing_enabled":true,"_links":{"self":[{"href":"https:\/\/wp.ufpel.edu.br\/proplad\/wp-json\/wp\/v2\/pages\/1926","targetHints":{"allow":["GET"]}}],"collection":[{"href":"https:\/\/wp.ufpel.edu.br\/proplad\/wp-json\/wp\/v2\/pages"}],"about":[{"href":"https:\/\/wp.ufpel.edu.br\/proplad\/wp-json\/wp\/v2\/types\/page"}],"author":[{"embeddable":true,"href":"https:\/\/wp.ufpel.edu.br\/proplad\/wp-json\/wp\/v2\/users\/1353"}],"replies":[{"embeddable":true,"href":"https:\/\/wp.ufpel.edu.br\/proplad\/wp-json\/wp\/v2\/comments?post=1926"}],"version-history":[{"count":1,"href":"https:\/\/wp.ufpel.edu.br\/proplad\/wp-json\/wp\/v2\/pages\/1926\/revisions"}],"predecessor-version":[{"id":5612,"href":"https:\/\/wp.ufpel.edu.br\/proplad\/wp-json\/wp\/v2\/pages\/1926\/revisions\/5612"}],"up":[{"embeddable":true,"href":"https:\/\/wp.ufpel.edu.br\/proplad\/wp-json\/wp\/v2\/pages\/367"}],"wp:attachment":[{"href":"https:\/\/wp.ufpel.edu.br\/proplad\/wp-json\/wp\/v2\/media?parent=1926"}],"curies":[{"name":"wp","href":"https:\/\/api.w.org\/{rel}","templated":true}]}}