{"id":1919,"date":"2014-11-12T14:43:50","date_gmt":"2014-11-12T16:43:50","guid":{"rendered":"https:\/\/wp.ufpel.edu.br\/proplan\/?page_id=1919"},"modified":"2014-11-12T14:43:50","modified_gmt":"2014-11-12T16:43:50","slug":"sites-relacionados","status":"publish","type":"page","link":"https:\/\/wp.ufpel.edu.br\/proplad\/copf\/sites-relacionados\/","title":{"rendered":"Sites relacionados"},"content":{"rendered":"<p style=\"text-align: center\"><span style=\"color: #000000;font-family: arial, helvetica, sans-serif\"><strong>SITES RELACIONADOS<\/strong><\/span><\/p>\n<p style=\"text-align: left\"><strong><span style=\"font-family: arial, helvetica, sans-serif;font-size: 10pt;color: #000000\">PODER EXECUTIVO FEDERAL<\/span><\/strong><\/p>\n<p style=\"text-align: left;padding-left: 30px\"><strong><span style=\"font-family: arial, helvetica, sans-serif;font-size: 10pt;color: #000000\">\u2022 Presid\u00eancia da Rep\u00fablica &#8211; <\/span><\/strong><a href=\"http:\/\/www2.planalto.gov.br\" target=\"_blank\"><span style=\"font-family: arial, helvetica, sans-serif;font-size: 10pt;color: #000000\">www2.planalto.gov.br<\/span><\/a><br \/>\n<strong><span style=\"font-family: arial, helvetica, sans-serif;font-size: 10pt;color: #000000\">\u2022 Minist\u00e9rio da Educa\u00e7\u00e3o &#8211; <\/span><\/strong><a href=\"http:\/\/www.mec.gov.br\" target=\"_blank\"><span style=\"font-family: arial, helvetica, sans-serif;font-size: 10pt;color: #000000\">www.mec.gov.br<\/span><\/a><br \/>\n<strong><span style=\"font-family: arial, helvetica, sans-serif;font-size: 10pt;color: #000000\">\u2022 Ministros &#8211; <\/span><\/strong><a href=\"http:\/\/www2.planalto.gov.br\/presidencia\/ministros\" target=\"_blank\"><span style=\"font-family: arial, helvetica, sans-serif;font-size: 10pt;color: #000000\">www2.planalto.gov.br\/presidencia\/ministros<\/span><\/a><\/p>\n<p style=\"text-align: left\"><strong><span style=\"font-family: arial, helvetica, sans-serif;font-size: 10pt;color: #000000\">PODER LEGISLATIVO FEDERAL<\/span><\/strong><\/p>\n<p style=\"text-align: left;padding-left: 30px\"><strong><span style=\"font-family: arial, helvetica, sans-serif;font-size: 10pt;color: #000000\">\u2022 Senado Federal &#8211; <\/span><\/strong><a href=\"http:\/\/www.senado.gov.br\" target=\"_blank\"><span style=\"font-family: arial, helvetica, sans-serif;font-size: 10pt;color: #000000\">www.senado.gov.br<\/span><\/a><br \/>\n<strong><span style=\"font-family: arial, helvetica, sans-serif;font-size: 10pt;color: #000000\">\u2022 C\u00e2mara dos Deputados &#8211; <\/span><\/strong><a href=\"http:\/\/www2.camara.leg.br\" target=\"_blank\"><span style=\"font-family: arial, helvetica, sans-serif;font-size: 10pt;color: #000000\">www2.camara.leg.br<\/span><\/a><\/p>\n<p style=\"text-align: left\"><strong><span style=\"font-family: arial, helvetica, sans-serif;font-size: 10pt;color: #000000\">PODER JUDICI\u00c1RIO FEDERAL<\/span><\/strong><\/p>\n<p style=\"text-align: left;padding-left: 30px\"><strong><span style=\"font-family: arial, helvetica, sans-serif;font-size: 10pt;color: #000000\">\u2022 Supremo Tribunal Federal &#8211; <\/span><\/strong><a href=\"http:\/\/www.stf.jus.br\" target=\"_blank\"><span style=\"font-family: arial, helvetica, sans-serif;font-size: 10pt;color: #000000\">www.stf.jus.br<\/span><\/a><br \/>\n<strong><span style=\"font-family: arial, helvetica, sans-serif;font-size: 10pt;color: #000000\">\u2022 Superior Tribunal de Justi\u00e7a &#8211; <\/span><\/strong><a href=\"http:\/\/www.stj.jus.br\" target=\"_blank\"><span style=\"font-family: arial, helvetica, sans-serif;font-size: 10pt;color: #000000\">www.stj.jus.br<\/span><\/a><\/p>\n<p style=\"text-align: left\"><strong><span style=\"font-family: arial, helvetica, sans-serif;font-size: 10pt;color: #000000\">ECONOMIA E ESTAT\u00cdSTICA<\/span><\/strong><\/p>\n<p style=\"text-align: left;padding-left: 30px\"><strong><span style=\"font-family: arial, helvetica, sans-serif;font-size: 10pt;color: #000000\">\u2022 Banco Central do Brasil &#8211; <\/span><\/strong><a href=\"http:\/\/www.bcb.gov.br\" target=\"_blank\"><span style=\"font-family: arial, helvetica, sans-serif;font-size: 10pt;color: #000000\">www.bcb.gov.br<\/span><\/a><br \/>\n<strong><span style=\"font-family: arial, helvetica, sans-serif;font-size: 10pt;color: #000000\">\u2022 IBGE &#8211; <\/span><\/strong><a href=\"http:\/\/www.ibge.gov.br\" target=\"_blank\"><span style=\"font-family: arial, helvetica, sans-serif;font-size: 10pt;color: #000000\">www.ibge.gov.br<\/span><\/a><br \/>\n<strong><span style=\"font-family: arial, helvetica, sans-serif;font-size: 10pt;color: #000000\">\u2022 IPEA &#8211; <\/span><\/strong><a href=\"http:\/\/www.ipea.gov.br\" target=\"_blank\"><span style=\"font-family: arial, helvetica, sans-serif;font-size: 10pt;color: #000000\">www.ipea.gov.br<\/span><\/a><\/p>\n<p style=\"text-align: left\"><strong><span style=\"font-family: arial, helvetica, sans-serif;font-size: 10pt;color: #000000\">\u00d3RG\u00c3OS FISCALIZADORES<\/span><\/strong><\/p>\n<p style=\"text-align: left;padding-left: 30px\"><strong><span style=\"font-family: arial, helvetica, sans-serif;font-size: 10pt;color: #000000\">\u2022 TCU &#8211; <\/span><\/strong><a href=\"http:\/\/www.tcu.gov.br\" target=\"_blank\"><span style=\"font-family: arial, helvetica, sans-serif;font-size: 10pt;color: #000000\">www.tcu.gov.br<\/span><\/a><br \/>\n<strong><span style=\"font-family: arial, helvetica, sans-serif;font-size: 10pt;color: #000000\">\u2022 CGU &#8211; <\/span><\/strong><a href=\"http:\/\/www.cgu.gov.br\" target=\"_blank\"><span style=\"font-family: arial, helvetica, sans-serif;font-size: 10pt;color: #000000\">www.cgu.gov.br<\/span><\/a><br \/>\n<strong><span style=\"font-family: arial, helvetica, sans-serif;font-size: 10pt;color: #000000\">\u2022 Conselho de Engenharia &#8211; <\/span><\/strong><a href=\"http:\/\/www.crea-rs.org.br\" target=\"_blank\"><span style=\"font-family: arial, helvetica, sans-serif;font-size: 10pt;color: #000000\">www.crea-rs.org.br<\/span><\/a><br \/>\n<strong><span style=\"font-family: arial, helvetica, sans-serif;font-size: 10pt;color: #000000\">\u2022 Conselho de Arquitetura &#8211; <\/span><\/strong><a href=\"http:\/\/www.caubr.gov.br\" target=\"_blank\"><span style=\"font-family: arial, helvetica, sans-serif;font-size: 10pt;color: #000000\">www.caubr.gov.br<\/span><\/a><\/p>\n<p style=\"text-align: left\"><strong><span style=\"font-family: arial, helvetica, sans-serif;font-size: 10pt;color: #000000\">\u00d3RG\u00c3OS AMBIENTAIS<\/span><\/strong><\/p>\n<p style=\"text-align: left;padding-left: 30px\"><strong><span style=\"font-family: arial, helvetica, sans-serif;font-size: 10pt;color: #000000\">\u2022 IBAMA &#8211; <\/span><\/strong><a href=\"http:\/\/www.ibama.gov.br\" target=\"_blank\"><span style=\"font-family: arial, helvetica, sans-serif;font-size: 10pt;color: #000000\">www.ibama.gov.br<\/span><\/a><br \/>\n<strong><span style=\"font-family: arial, helvetica, sans-serif;font-size: 10pt;color: #000000\">\u2022 FEPAM &#8211; <\/span><\/strong><a href=\"http:\/\/www.fepam.rs.gov.br\" target=\"_blank\"><span style=\"font-family: arial, helvetica, sans-serif;font-size: 10pt;color: #000000\">www.fepam.rs.gov.br<\/span><\/a><\/p>\n<p style=\"text-align: left\"><strong><span style=\"font-family: arial, helvetica, sans-serif;font-size: 10pt;color: #000000\">REFER\u00caNCIA OR\u00c7AMENT\u00c1RIA<\/span><\/strong><\/p>\n<p style=\"text-align: left;padding-left: 30px\"><strong><span style=\"font-family: arial, helvetica, sans-serif;font-size: 10pt;color: #000000\">\u2022 Compras Net &#8211; <\/span><\/strong><a href=\"http:\/\/www.comprasgovernamentais.gov.br\" target=\"_blank\"><span style=\"font-family: arial, helvetica, sans-serif;font-size: 10pt;color: #000000\">www.comprasgovernamentais.gov.br<\/span><\/a><br \/>\n<strong><span style=\"font-family: arial, helvetica, sans-serif;font-size: 10pt;color: #000000\">\u2022 SINAPI &#8211; <\/span><\/strong><a href=\"http:\/\/www.sipci.caixa.gov.br\/SIPCI\/servlet\" target=\"_blank\"><span style=\"font-family: arial, helvetica, sans-serif;font-size: 10pt;color: #000000\">www.sipci.caixa.gov.br\/SIPCI\/servlet<\/span><\/a><br \/>\n<strong><span style=\"font-family: arial, helvetica, sans-serif;font-size: 10pt;color: #000000\">\u2022 ORSE &#8211; <\/span><\/strong><a href=\"http:\/\/www.cehop.se.gov.br\/orse\" target=\"_blank\"><span style=\"font-family: arial, helvetica, sans-serif;font-size: 10pt;color: #000000\">www.cehop.se.gov.br\/orse<\/span><\/a><\/p>\n<p style=\"text-align: left\"><strong><span style=\"font-family: arial, helvetica, sans-serif;font-size: 10pt;color: #000000\">SITES \u00daTEIS<\/span><\/strong><\/p>\n<p style=\"text-align: left;padding-left: 30px\"><strong><span style=\"font-family: arial, helvetica, sans-serif;font-size: 10pt;color: #000000\">\u2022 Di\u00e1rio Oficial \u2013 <\/span><\/strong><a href=\"http:\/\/portal.in.gov.br\" target=\"_blank\"><span style=\"font-family: arial, helvetica, sans-serif;font-size: 10pt;color: #000000\">portal.in.gov.br<\/span><\/a><br \/>\n<strong><span style=\"font-family: arial, helvetica, sans-serif;font-size: 10pt;color: #000000\">\u2022 Corpo de Bombeiros RS &#8211; <\/span><\/strong><a href=\"http:\/\/www.bombeiros-bm.rs.gov.br\" target=\"_blank\"><span style=\"font-family: arial, helvetica, sans-serif;font-size: 10pt;color: #000000\">www.bombeiros-bm.rs.gov.br<\/span><\/a><br \/>\n<strong><span style=\"font-family: arial, helvetica, sans-serif;font-size: 10pt;color: #000000\">\u2022 Brigada Militar RS &#8211; <\/span><\/strong><a href=\"http:\/\/www.brigadamilitar.rs.gov.br\" target=\"_blank\"><span style=\"font-family: arial, helvetica, sans-serif;font-size: 10pt;color: #000000\">www.brigadamilitar.rs.gov.br<\/span><\/a><br \/>\n<strong><span style=\"font-family: arial, helvetica, sans-serif;font-size: 10pt;color: #000000\">\u2022 CEEE RS &#8211; <\/span><\/strong><a href=\"http:\/\/www.ceee.com.br\" target=\"_blank\"><span style=\"font-family: arial, helvetica, sans-serif;font-size: 10pt;color: #000000\">www.ceee.com.br<\/span><\/a><br \/>\n<strong><span style=\"font-family: arial, helvetica, sans-serif;font-size: 10pt;color: #000000\">\u2022 PROCON RS &#8211; <\/span><\/strong><a href=\"http:\/\/www.procon.rs.gov.br\" target=\"_blank\"><span style=\"font-family: arial, helvetica, sans-serif;font-size: 10pt;color: #000000\">www.procon.rs.gov.br<\/span><\/a><br \/>\n<strong><span style=\"font-family: arial, helvetica, sans-serif;font-size: 10pt;color: #000000\">\u2022 Prefeitura de Pelotas &#8211; <\/span><\/strong><a href=\"http:\/\/www.pelotas.com.br\" target=\"_blank\"><span style=\"font-family: arial, helvetica, sans-serif;font-size: 10pt;color: #000000\">www.pelotas.com.br<\/span><\/a><br \/>\n<strong><span style=\"font-family: arial, helvetica, sans-serif;font-size: 10pt;color: #000000\">\u2022 SANEP- <\/span><\/strong><a href=\"http:\/\/www.pelotas.rs.gov.br\/sanep\/\" target=\"_blank\"><span style=\"font-family: arial, helvetica, sans-serif;font-size: 10pt;color: #000000\">www.pelotas.rs.gov.br\/sanep\/<\/span><\/a><br \/>\n<strong><span style=\"font-family: arial, helvetica, sans-serif;font-size: 10pt;color: #000000\">\u2022 Meteorologia RS \u2013 <\/span><\/strong><a href=\"http:\/\/www.cppmet.ufpel.edu.br\" target=\"_blank\"><span style=\"font-family: arial, helvetica, sans-serif;font-size: 10pt;color: #000000\">www.cppmet.ufpel.edu.br<\/span><\/a><\/p>\n","protected":false},"excerpt":{"rendered":"<p>SITES RELACIONADOS PODER EXECUTIVO FEDERAL \u2022 Presid\u00eancia da Rep\u00fablica &#8211; www2.planalto.gov.br \u2022 Minist\u00e9rio da Educa\u00e7\u00e3o &#8211; www.mec.gov.br \u2022 Ministros &#8211; www2.planalto.gov.br\/presidencia\/ministros PODER LEGISLATIVO FEDERAL \u2022 Senado Federal &#8211; www.senado.gov.br \u2022 C\u00e2mara dos Deputados &#8211; www2.camara.leg.br PODER JUDICI\u00c1RIO FEDERAL \u2022 Supremo Tribunal Federal &#8211; www.stf.jus.br \u2022 Superior Tribunal de Justi\u00e7a &#8211; www.stj.jus.br ECONOMIA E ESTAT\u00cdSTICA \u2022 [&hellip;]<\/p>\n","protected":false},"author":1353,"featured_media":0,"parent":140,"menu_order":0,"comment_status":"closed","ping_status":"closed","template":"","meta":{"jetpack_post_was_ever_published":false,"footnotes":""},"class_list":["post-1919","page","type-page","status-publish","hentry"],"jetpack_sharing_enabled":true,"_links":{"self":[{"href":"https:\/\/wp.ufpel.edu.br\/proplad\/wp-json\/wp\/v2\/pages\/1919","targetHints":{"allow":["GET"]}}],"collection":[{"href":"https:\/\/wp.ufpel.edu.br\/proplad\/wp-json\/wp\/v2\/pages"}],"about":[{"href":"https:\/\/wp.ufpel.edu.br\/proplad\/wp-json\/wp\/v2\/types\/page"}],"author":[{"embeddable":true,"href":"https:\/\/wp.ufpel.edu.br\/proplad\/wp-json\/wp\/v2\/users\/1353"}],"replies":[{"embeddable":true,"href":"https:\/\/wp.ufpel.edu.br\/proplad\/wp-json\/wp\/v2\/comments?post=1919"}],"version-history":[{"count":0,"href":"https:\/\/wp.ufpel.edu.br\/proplad\/wp-json\/wp\/v2\/pages\/1919\/revisions"}],"up":[{"embeddable":true,"href":"https:\/\/wp.ufpel.edu.br\/proplad\/wp-json\/wp\/v2\/pages\/140"}],"wp:attachment":[{"href":"https:\/\/wp.ufpel.edu.br\/proplad\/wp-json\/wp\/v2\/media?parent=1919"}],"curies":[{"name":"wp","href":"https:\/\/api.w.org\/{rel}","templated":true}]}}