{"id":1897,"date":"2014-11-12T14:16:27","date_gmt":"2014-11-12T16:16:27","guid":{"rendered":"https:\/\/wp.ufpel.edu.br\/proplan\/?page_id=1897"},"modified":"2014-11-12T14:16:27","modified_gmt":"2014-11-12T16:16:27","slug":"documentacao-tecnica","status":"publish","type":"page","link":"https:\/\/wp.ufpel.edu.br\/proplad\/copf\/documentacao-tecnica\/","title":{"rendered":"Documenta\u00e7\u00e3o t\u00e9cnica"},"content":{"rendered":"<ul>\n<li><span style=\"font-family: arial, helvetica, sans-serif;font-size: 10pt;color: #000000\">Instru\u00e7\u00f5es t\u00e9cnicas<\/span><\/li>\n<li><span style=\"font-family: arial, helvetica, sans-serif;font-size: 10pt;color: #000000\">Fotos de im\u00f3veis UFPel<\/span><\/li>\n<\/ul>\n","protected":false},"excerpt":{"rendered":"<p>Instru\u00e7\u00f5es t\u00e9cnicas Fotos de im\u00f3veis UFPel<\/p>\n","protected":false},"author":1353,"featured_media":0,"parent":140,"menu_order":0,"comment_status":"closed","ping_status":"open","template":"","meta":{"jetpack_post_was_ever_published":false,"footnotes":""},"class_list":["post-1897","page","type-page","status-publish","hentry"],"jetpack_sharing_enabled":true,"_links":{"self":[{"href":"https:\/\/wp.ufpel.edu.br\/proplad\/wp-json\/wp\/v2\/pages\/1897","targetHints":{"allow":["GET"]}}],"collection":[{"href":"https:\/\/wp.ufpel.edu.br\/proplad\/wp-json\/wp\/v2\/pages"}],"about":[{"href":"https:\/\/wp.ufpel.edu.br\/proplad\/wp-json\/wp\/v2\/types\/page"}],"author":[{"embeddable":true,"href":"https:\/\/wp.ufpel.edu.br\/proplad\/wp-json\/wp\/v2\/users\/1353"}],"replies":[{"embeddable":true,"href":"https:\/\/wp.ufpel.edu.br\/proplad\/wp-json\/wp\/v2\/comments?post=1897"}],"version-history":[{"count":0,"href":"https:\/\/wp.ufpel.edu.br\/proplad\/wp-json\/wp\/v2\/pages\/1897\/revisions"}],"up":[{"embeddable":true,"href":"https:\/\/wp.ufpel.edu.br\/proplad\/wp-json\/wp\/v2\/pages\/140"}],"wp:attachment":[{"href":"https:\/\/wp.ufpel.edu.br\/proplad\/wp-json\/wp\/v2\/media?parent=1897"}],"curies":[{"name":"wp","href":"https:\/\/api.w.org\/{rel}","templated":true}]}}