{"id":1889,"date":"2014-11-12T14:13:26","date_gmt":"2014-11-12T16:13:26","guid":{"rendered":"https:\/\/wp.ufpel.edu.br\/proplan\/?page_id=1889"},"modified":"2014-11-12T14:13:26","modified_gmt":"2014-11-12T16:13:26","slug":"atribuicoes","status":"publish","type":"page","link":"https:\/\/wp.ufpel.edu.br\/proplad\/copf\/atribuicoes\/","title":{"rendered":"Atribui\u00e7\u00e3o"},"content":{"rendered":"<p><span style=\"font-family: arial, helvetica, sans-serif;font-size: 10pt;color: #000000\"><strong>Coordena\u00e7\u00e3o de Planejamento F\u00edsico (COPF)<\/strong><\/span><br \/>\n<span style=\"font-family: arial, helvetica, sans-serif;font-size: 10pt;color: #000000\">Assessorar, planejar, projetar, coordenar e administrar obras e servi\u00e7os de engenharia da \u00e1rea f\u00edsica da UFPel; projetar o espa\u00e7o f\u00edsico e o desenvolvimento da infraestrutura para todos os Campi de acordo com as prioridades estabelecidas pela Administra\u00e7\u00e3o Superior; manter o controle e registro de documentos referentes \u00e0 \u00e1rea f\u00edsica das unidades da institui\u00e7\u00e3o; supervisionar, controlar e fiscalizar obras, reformas e adapta\u00e7\u00f5es em toda a estrutura universit\u00e1ria; desenvolver atividades t\u00e9cnicas e de gest\u00e3o, com vistas a organizar o crescimento f\u00edsico da institui\u00e7\u00e3o. Esta Coordena\u00e7\u00e3o est\u00e1 dividida em dois n\u00facleos, sendo eles N\u00facleo de Planejamento F\u00edsico (NPF) e N\u00facleo de Obras e Fiscaliza\u00e7\u00e3o (NOF).<\/span><\/p>\n<p><span style=\"font-family: arial, helvetica, sans-serif;font-size: 10pt;color: #000000\"><strong>N\u00facleo de Planejamento F\u00edsico (NPF)<\/strong><\/span><br \/>\n<span style=\"font-family: arial, helvetica, sans-serif;font-size: 10pt;color: #000000\">Avaliar ou solicitar viabilidade t\u00e9cnica para as constru\u00e7\u00f5es; identificar fontes de recursos e tra\u00e7ar estrat\u00e9gias para implementar projetos; coordenar, dimensionar e monitorar programas, planos e projetos; instruir processos licitat\u00f3rios com controle prazos; elaborar relat\u00f3rios das atividades e dos planos de trabalho da coordena\u00e7\u00e3o; executar vistorias e apresentar relat\u00f3rios das condi\u00e7\u00f5es dos pr\u00e9dios (inclusive os hist\u00f3ricos); analisar e sistematizar legisla\u00e7\u00e3o vigente nas atividades que desempenhar; definir diretrizes para uso e ocupa\u00e7\u00e3o do espa\u00e7o monitorando o cumprimento da legisla\u00e7\u00e3o urban\u00edstica; elaborar projetos com desenhos, cadernos de encargos, or\u00e7amentos, cronogramas e etc; aprovar os projetos nas prefeituras e concession\u00e1rias ou orientar terceiros nas aprova\u00e7\u00f5es; dar apoio t\u00e9cnico \u00e0 comiss\u00e3o permanente de licita\u00e7\u00f5es, apresentar documenta\u00e7\u00e3o t\u00e9cnica para a atualiza\u00e7\u00e3o dos dados institucionais relativos \u00e0s obras no sistema integrado de monitoramento execu\u00e7\u00e3o e controle (SIMEC) do Minist\u00e9rio da Educa\u00e7\u00e3o.<\/span><\/p>\n<p><span style=\"font-family: arial, helvetica, sans-serif;font-size: 10pt;color: #000000\"><strong>N\u00facleo de Obras e Fiscaliza\u00e7\u00e3o (NOF)<\/strong><\/span><br \/>\n<span style=\"font-family: arial, helvetica, sans-serif;font-size: 10pt;color: #000000\">Planejar, organizar, dirigir, controlar e fiscalizar a execu\u00e7\u00e3o de obras e servi\u00e7os de engenharia; orientar e apresentar solu\u00e7\u00f5es para as atividades ligadas \u00e0s obras novas e reformas; controlar e avaliar a qualidade dos materiais fornecidos e dos servi\u00e7os prestados pelas empresas contratadas; estabelecer um plano de fiscaliza\u00e7\u00e3o segundo as normas de seguran\u00e7a e higiene do trabalho; elaborar laudos de avalia\u00e7\u00f5es financeiras de im\u00f3veis para aquisi\u00e7\u00e3o, loca\u00e7\u00e3o, cess\u00e3o onerosa e etc; analisar e sistematizar a legisla\u00e7\u00e3o vigente nas atividades que desempenhar; assessorar a elabora\u00e7\u00e3o dos projetos da COPF; apresentar documenta\u00e7\u00e3o t\u00e9cnica para a atualiza\u00e7\u00e3o dos dados institucionais relativos \u00e0s obras no sistema integrado de monitoramento execu\u00e7\u00e3o e controle (SIMEC) do Minist\u00e9rio da Educa\u00e7\u00e3o.<\/span><\/p>\n<p><span style=\"font-family: arial, helvetica, sans-serif;font-size: 10pt;color: #000000\"><strong>Administrativo<\/strong><\/span><br \/>\n<span style=\"font-family: arial, helvetica, sans-serif;font-size: 10pt;color: #000000\">Secretariar as atividades da Coordena\u00e7\u00e3o de Obras e Planejamento F\u00edsico, reestruturar as atividades administrativas; organizar, controlar, arquivar e protocolar documentos e processos; auxiliar nas atividades administrativas de toda a Coordena\u00e7\u00e3o; manter e atualizar os dados institucionais relativos \u00e0s obras no sistema integrado de monitoramento execu\u00e7\u00e3o e controle (SIMEC).<\/span><\/p>\n","protected":false},"excerpt":{"rendered":"<p>Coordena\u00e7\u00e3o de Planejamento F\u00edsico (COPF) Assessorar, planejar, projetar, coordenar e administrar obras e servi\u00e7os de engenharia da \u00e1rea f\u00edsica da UFPel; projetar o espa\u00e7o f\u00edsico e o desenvolvimento da infraestrutura para todos os Campi de acordo com as prioridades estabelecidas pela Administra\u00e7\u00e3o Superior; manter o controle e registro de documentos referentes \u00e0 \u00e1rea f\u00edsica das [&hellip;]<\/p>\n","protected":false},"author":1353,"featured_media":0,"parent":140,"menu_order":0,"comment_status":"closed","ping_status":"closed","template":"","meta":{"jetpack_post_was_ever_published":false,"footnotes":""},"class_list":["post-1889","page","type-page","status-publish","hentry"],"jetpack_sharing_enabled":true,"_links":{"self":[{"href":"https:\/\/wp.ufpel.edu.br\/proplad\/wp-json\/wp\/v2\/pages\/1889","targetHints":{"allow":["GET"]}}],"collection":[{"href":"https:\/\/wp.ufpel.edu.br\/proplad\/wp-json\/wp\/v2\/pages"}],"about":[{"href":"https:\/\/wp.ufpel.edu.br\/proplad\/wp-json\/wp\/v2\/types\/page"}],"author":[{"embeddable":true,"href":"https:\/\/wp.ufpel.edu.br\/proplad\/wp-json\/wp\/v2\/users\/1353"}],"replies":[{"embeddable":true,"href":"https:\/\/wp.ufpel.edu.br\/proplad\/wp-json\/wp\/v2\/comments?post=1889"}],"version-history":[{"count":0,"href":"https:\/\/wp.ufpel.edu.br\/proplad\/wp-json\/wp\/v2\/pages\/1889\/revisions"}],"up":[{"embeddable":true,"href":"https:\/\/wp.ufpel.edu.br\/proplad\/wp-json\/wp\/v2\/pages\/140"}],"wp:attachment":[{"href":"https:\/\/wp.ufpel.edu.br\/proplad\/wp-json\/wp\/v2\/media?parent=1889"}],"curies":[{"name":"wp","href":"https:\/\/api.w.org\/{rel}","templated":true}]}}