{"id":1688,"date":"2014-10-22T11:36:44","date_gmt":"2014-10-22T13:36:44","guid":{"rendered":"https:\/\/wp.ufpel.edu.br\/proplan\/?page_id=1688"},"modified":"2014-10-22T11:36:44","modified_gmt":"2014-10-22T13:36:44","slug":"equipe","status":"publish","type":"page","link":"https:\/\/wp.ufpel.edu.br\/proplad\/copf\/equipe\/","title":{"rendered":"Equipe"},"content":{"rendered":"<p><span style=\"font-family: arial, helvetica, sans-serif;font-size: 10pt;color: #000000\"><strong>Coordenador\u00a0COPF:\u00a0<\/strong><\/span><\/p>\n<ul>\n<li><span style=\"font-family: arial, helvetica, sans-serif;font-size: 10pt;color: #000000\">Cleidi Vict\u00f3ria Pinto \/ Eng. Civil<\/span><\/li>\n<\/ul>\n<p><span style=\"font-family: arial, helvetica, sans-serif;font-size: 10pt;color: #000000\"><strong>Administrativo<\/strong><\/span><\/p>\n<ul>\n<li><span style=\"font-family: arial, helvetica, sans-serif;font-size: 10pt;color: #000000\">Sara Nal\u00e9rio \/ Administrativo (FAU)<\/span><\/li>\n<li><span style=\"font-family: arial, helvetica, sans-serif;font-size: 10pt;color: #000000\">S\u00e9rgio Moreira \/ Motorista (Terceirizado)<\/span><\/li>\n<\/ul>\n<p><span style=\"font-family: arial, helvetica, sans-serif;font-size: 10pt;color: #000000\"><strong>N\u00facleo Planejamento F\u00edsico\u00a0&#8211; NPF<\/strong><\/span><\/p>\n<ul>\n<li><span style=\"font-family: arial, helvetica, sans-serif;font-size: 10pt;color: #000000\">Jo\u00e3o Luis Fernandes Ramos \/ Eng. Eletricista &#8211; <strong>Chefia<\/strong><\/span><\/li>\n<li><span style=\"font-family: arial, helvetica, sans-serif;font-size: 10pt;color: #000000\">Carlos Francisco Veiga Barbosa \/ Eng. Civil<\/span><\/li>\n<li><span style=\"font-family: arial, helvetica, sans-serif;font-size: 10pt;color: #000000\">C\u00edntia Vieira Essinger \/ Arquiteta<\/span><\/li>\n<li><span style=\"font-family: arial, helvetica, sans-serif;font-size: 10pt;color: #000000\">Gabriela Fantinel Ferreira \/ Arquiteta<\/span><\/li>\n<li><span style=\"font-family: arial, helvetica, sans-serif;font-size: 10pt;color: #000000\">Geovane Souza De Campos \/ Eng. Eletricista<\/span><\/li>\n<li><span style=\"font-family: arial, helvetica, sans-serif;font-size: 10pt;color: #000000\">Luiza Denardi Cesar \/ Eng\u00aa. Civil<\/span><\/li>\n<li><span style=\"font-family: arial, helvetica, sans-serif;font-size: 10pt;color: #000000\">Marcelo Paula De Castro \/ T\u00e9c. Eletrot\u00e9cnica.<\/span><\/li>\n<li><span style=\"font-family: arial, helvetica, sans-serif;font-size: 10pt;color: #000000\">M\u00e1rcia Beatriz Rotta \/ Arquiteta<\/span><\/li>\n<li><span style=\"font-family: arial, helvetica, sans-serif;font-size: 10pt;color: #000000\">Rog\u00e9rio Daltro Knuth \/ Eng. Civil<\/span><\/li>\n<li><span style=\"font-family: arial, helvetica, sans-serif;font-size: 10pt;color: #000000\">Serafim Pinho Dias \/ Tec. Edifica\u00e7\u00f5es.<\/span><\/li>\n<\/ul>\n<p><span style=\"font-family: arial, helvetica, sans-serif;font-size: 10pt;color: #000000\"><strong>N\u00facleo Obras e Fiscaliza\u00e7\u00e3o &#8211; NOF<\/strong><\/span><\/p>\n<ul>\n<li><span style=\"font-family: arial, helvetica, sans-serif;font-size: 10pt;color: #000000\">Eduardo Farias Gon\u00e7alves \/ Eng. Civil &#8211; <strong>Chefia<\/strong><\/span><\/li>\n<li><span style=\"font-family: arial, helvetica, sans-serif;font-size: 10pt;color: #000000\">Alceu Lopes De Freitas Jr. \/ Eng.\u00a0 Seguran\u00e7a<\/span><\/li>\n<li><span style=\"font-family: arial, helvetica, sans-serif;font-size: 10pt;color: #000000\">Denise Da Silva Schwonke \/ Tec. Edifica\u00e7\u00f5es.<\/span><\/li>\n<li><span style=\"font-family: arial, helvetica, sans-serif;font-size: 10pt;color: #000000\">Francisco Carlos Gomes Luzzardi \/ Eng. Civil<\/span><\/li>\n<li><span style=\"font-family: arial, helvetica, sans-serif;font-size: 10pt;color: #000000\">Ronald Wladimer<\/span><span style=\"font-family: arial, helvetica, sans-serif;font-size: 10pt;color: #000000\">\u00a0G\u00fcez Vargas \/ Arquiteto<\/span><\/li>\n<\/ul>\n","protected":false},"excerpt":{"rendered":"<p>Coordenador\u00a0COPF:\u00a0 Cleidi Vict\u00f3ria Pinto \/ Eng. Civil Administrativo Sara Nal\u00e9rio \/ Administrativo (FAU) S\u00e9rgio Moreira \/ Motorista (Terceirizado) N\u00facleo Planejamento F\u00edsico\u00a0&#8211; NPF Jo\u00e3o Luis Fernandes Ramos \/ Eng. Eletricista &#8211; Chefia Carlos Francisco Veiga Barbosa \/ Eng. Civil C\u00edntia Vieira Essinger \/ Arquiteta Gabriela Fantinel Ferreira \/ Arquiteta Geovane Souza De Campos \/ Eng. Eletricista [&hellip;]<\/p>\n","protected":false},"author":1353,"featured_media":0,"parent":140,"menu_order":0,"comment_status":"closed","ping_status":"closed","template":"","meta":{"jetpack_post_was_ever_published":false,"footnotes":""},"class_list":["post-1688","page","type-page","status-publish","hentry"],"jetpack_sharing_enabled":true,"_links":{"self":[{"href":"https:\/\/wp.ufpel.edu.br\/proplad\/wp-json\/wp\/v2\/pages\/1688","targetHints":{"allow":["GET"]}}],"collection":[{"href":"https:\/\/wp.ufpel.edu.br\/proplad\/wp-json\/wp\/v2\/pages"}],"about":[{"href":"https:\/\/wp.ufpel.edu.br\/proplad\/wp-json\/wp\/v2\/types\/page"}],"author":[{"embeddable":true,"href":"https:\/\/wp.ufpel.edu.br\/proplad\/wp-json\/wp\/v2\/users\/1353"}],"replies":[{"embeddable":true,"href":"https:\/\/wp.ufpel.edu.br\/proplad\/wp-json\/wp\/v2\/comments?post=1688"}],"version-history":[{"count":0,"href":"https:\/\/wp.ufpel.edu.br\/proplad\/wp-json\/wp\/v2\/pages\/1688\/revisions"}],"up":[{"embeddable":true,"href":"https:\/\/wp.ufpel.edu.br\/proplad\/wp-json\/wp\/v2\/pages\/140"}],"wp:attachment":[{"href":"https:\/\/wp.ufpel.edu.br\/proplad\/wp-json\/wp\/v2\/media?parent=1688"}],"curies":[{"name":"wp","href":"https:\/\/api.w.org\/{rel}","templated":true}]}}