{"id":1673,"date":"2014-10-21T22:21:47","date_gmt":"2014-10-22T00:21:47","guid":{"rendered":"https:\/\/wp.ufpel.edu.br\/proplan\/?page_id=1673"},"modified":"2014-10-21T22:21:47","modified_gmt":"2014-10-22T00:21:47","slug":"orcamento-ufpel","status":"publish","type":"page","link":"https:\/\/wp.ufpel.edu.br\/proplad\/coor\/orcamento-ufpel\/","title":{"rendered":"Or\u00e7amento UFPel"},"content":{"rendered":"<p><span style=\"font-size: 10pt\"><strong><span style=\"font-family: arial, helvetica, sans-serif;color: #000000\">Or\u00e7amento UFPel:<\/span><\/strong><\/span><\/p>\n<p><span style=\"color: #000000;font-family: arial, helvetica, sans-serif;font-size: 10pt\"><a style=\"color: #000000\" href=\"https:\/\/wp.ufpel.edu.br\/proplan\/files\/2014\/10\/Publica%C3%A7%C3%A3o-Or%C3%A7amento-UFPEL.pdf\" target=\"_blank\">Or\u00e7amento UFPEL<\/a><\/span><br \/>\n<span style=\"color: #000000;font-family: arial, helvetica, sans-serif;font-size: 10pt\"> <a style=\"color: #000000\" href=\"https:\/\/wp.ufpel.edu.br\/proplad\/files\/2014\/10\/Notas-explicativas-sobre-orcamento-na-UFPEL.pdf\" target=\"_blank\">Notas explicativas sobre or\u00e7amento na UFPEL<\/a><\/span><br \/>\n<span style=\"color: #000000;font-family: arial, helvetica, sans-serif;font-size: 10pt\"> <a style=\"color: #000000\" href=\"http:\/\/reitoria.ufpel.edu.br\/portarias\/arquivos\/0754_2013.pdf\" target=\"_blank\">Portaria 754\/2013 <\/a>\u00a0(CONSTITUIR comiss\u00e3o especial para elaborar proposta de crit\u00e9rios para distribui\u00e7\u00e3o do or\u00e7amento)<\/span><br \/>\n<span style=\"color: #000000;font-family: arial, helvetica, sans-serif;font-size: 10pt\"> <a style=\"color: #000000\" href=\"https:\/\/wp.ufpel.edu.br\/proplad\/files\/2014\/10\/Matriz.pdf\" target=\"_blank\">Proposta de crit\u00e9rios para distribui\u00e7\u00e3o do or\u00e7amento da UFPel<\/a><\/span><br \/>\n<span style=\"color: #000000;font-family: arial, helvetica, sans-serif;font-size: 10pt\"> <a style=\"color: #000000\" href=\"https:\/\/wp.ufpel.edu.br\/proplad\/files\/2014\/10\/Apresentacao_MatrizOrcamentaria-2014.pdf\" target=\"_blank\">Apresenta\u00e7\u00e3o Matriz Or\u00e7ament\u00e1ria 2014<\/a><\/span><\/p>\n<p><span style=\"font-family: arial, helvetica, sans-serif;font-size: 10pt;color: #000000\"><a style=\"color: #000000\" href=\"https:\/\/wp.ufpel.edu.br\/proplad\/files\/2016\/03\/Matriz-Orcamentaria-2016.xlsx\" rel=\"\">Matriz Or\u00e7ament\u00e1ria<\/a>\u00a02016\u00a0(ano base 2015)<\/span><\/p>\n","protected":false},"excerpt":{"rendered":"<p>Or\u00e7amento UFPel: Or\u00e7amento UFPEL Notas explicativas sobre or\u00e7amento na UFPEL Portaria 754\/2013 \u00a0(CONSTITUIR comiss\u00e3o especial para elaborar proposta de crit\u00e9rios para distribui\u00e7\u00e3o do or\u00e7amento) Proposta de crit\u00e9rios para distribui\u00e7\u00e3o do or\u00e7amento da UFPel Apresenta\u00e7\u00e3o Matriz Or\u00e7ament\u00e1ria 2014 Matriz Or\u00e7ament\u00e1ria\u00a02016\u00a0(ano base 2015)<\/p>\n","protected":false},"author":1353,"featured_media":0,"parent":797,"menu_order":0,"comment_status":"closed","ping_status":"closed","template":"","meta":{"jetpack_post_was_ever_published":false,"footnotes":""},"class_list":["post-1673","page","type-page","status-publish","hentry"],"jetpack_sharing_enabled":true,"_links":{"self":[{"href":"https:\/\/wp.ufpel.edu.br\/proplad\/wp-json\/wp\/v2\/pages\/1673","targetHints":{"allow":["GET"]}}],"collection":[{"href":"https:\/\/wp.ufpel.edu.br\/proplad\/wp-json\/wp\/v2\/pages"}],"about":[{"href":"https:\/\/wp.ufpel.edu.br\/proplad\/wp-json\/wp\/v2\/types\/page"}],"author":[{"embeddable":true,"href":"https:\/\/wp.ufpel.edu.br\/proplad\/wp-json\/wp\/v2\/users\/1353"}],"replies":[{"embeddable":true,"href":"https:\/\/wp.ufpel.edu.br\/proplad\/wp-json\/wp\/v2\/comments?post=1673"}],"version-history":[{"count":0,"href":"https:\/\/wp.ufpel.edu.br\/proplad\/wp-json\/wp\/v2\/pages\/1673\/revisions"}],"up":[{"embeddable":true,"href":"https:\/\/wp.ufpel.edu.br\/proplad\/wp-json\/wp\/v2\/pages\/797"}],"wp:attachment":[{"href":"https:\/\/wp.ufpel.edu.br\/proplad\/wp-json\/wp\/v2\/media?parent=1673"}],"curies":[{"name":"wp","href":"https:\/\/api.w.org\/{rel}","templated":true}]}}