{"id":1624,"date":"2014-10-21T11:30:50","date_gmt":"2014-10-21T13:30:50","guid":{"rendered":"https:\/\/wp.ufpel.edu.br\/proplan\/?page_id=1624"},"modified":"2014-10-21T11:30:50","modified_gmt":"2014-10-21T13:30:50","slug":"equipe","status":"publish","type":"page","link":"https:\/\/wp.ufpel.edu.br\/proplad\/cdit\/equipe\/","title":{"rendered":"Equipe"},"content":{"rendered":"<p><span style=\"font-family: arial, helvetica, sans-serif;font-size: 10pt;color: #000000\">\u00a0<strong>Coordena\u00e7\u00e3o de Planejamento e Desenvolvimento Institucional | CPDI<\/strong><\/span><\/p>\n<p style=\"padding-left: 60px\"><span style=\"font-family: arial, helvetica, sans-serif;font-size: 10pt;color: #000000\"> Prof. F\u00e1bio Kellermann Schramm (Coordenador)<\/span><\/p>\n<p style=\"padding-left: 60px\"><span style=\"font-family: arial, helvetica, sans-serif;font-size: 10pt;color: #000000\">Cristiane Hoffmann Moreira (Administradora)<\/span><\/p>\n<p style=\"padding-left: 30px\">\n<p style=\"padding-left: 30px\"><span style=\"font-family: arial, helvetica, sans-serif;font-size: 10pt;color: #000000\"><strong>N\u00facleo de Elabora\u00e7\u00e3o e Acompanhamento de Projetos | NEAP<\/strong><\/span><\/p>\n<p style=\"padding-left: 60px\"><span style=\"font-family: arial, helvetica, sans-serif;font-size: 10pt;color: #000000\">Luciano \u00c1vila dos Santos (Chefe do N\u00facleo de Elabora\u00e7\u00e3o e Acompanhamento de Projetos)<\/span><\/p>\n<p style=\"padding-left: 60px\"><span style=\"font-family: arial, helvetica, sans-serif;font-size: 10pt;color: #000000\"><strong>Se\u00e7\u00e3o de Acompanhamento de Projetos | SAP<\/strong><\/span><\/p>\n<p style=\"padding-left: 60px\"><span style=\"font-family: arial, helvetica, sans-serif;font-size: 10pt;color: #000000\">Joice Pereira da Silva (Chefe da Se\u00e7\u00e3o de Acompanhamento de Projetos)<\/span><\/p>\n<p style=\"padding-left: 30px\"><strong><span style=\"font-family: arial, helvetica, sans-serif;font-size: 10pt;color: #000000\">Se\u00e7\u00e3o de Processos Organizacionais | SPO<\/span><\/strong><\/p>\n<p style=\"padding-left: 60px\"><span style=\"font-family: arial, helvetica, sans-serif;font-size: 10pt;color: #000000\">Milton Luis Rodrigues Bresque (Chefe da Se\u00e7\u00e3o de Processos Organizacionais)\u00a0<\/span><\/p>\n<p style=\"padding-left: 60px\"><span style=\"font-family: arial, helvetica, sans-serif;font-size: 10pt;color: #000000\">Rafaela Monteiro Soares (Estagi\u00e1ria)<\/span><\/p>\n<p>&nbsp;<\/p>\n","protected":false},"excerpt":{"rendered":"<p>\u00a0Coordena\u00e7\u00e3o de Planejamento e Desenvolvimento Institucional | CPDI Prof. F\u00e1bio Kellermann Schramm (Coordenador) Cristiane Hoffmann Moreira (Administradora) N\u00facleo de Elabora\u00e7\u00e3o e Acompanhamento de Projetos | NEAP Luciano \u00c1vila dos Santos (Chefe do N\u00facleo de Elabora\u00e7\u00e3o e Acompanhamento de Projetos) Se\u00e7\u00e3o de Acompanhamento de Projetos | SAP Joice Pereira da Silva (Chefe da Se\u00e7\u00e3o de Acompanhamento [&hellip;]<\/p>\n","protected":false},"author":1353,"featured_media":0,"parent":136,"menu_order":0,"comment_status":"closed","ping_status":"closed","template":"","meta":{"jetpack_post_was_ever_published":false,"footnotes":""},"class_list":["post-1624","page","type-page","status-publish","hentry"],"jetpack_sharing_enabled":true,"_links":{"self":[{"href":"https:\/\/wp.ufpel.edu.br\/proplad\/wp-json\/wp\/v2\/pages\/1624","targetHints":{"allow":["GET"]}}],"collection":[{"href":"https:\/\/wp.ufpel.edu.br\/proplad\/wp-json\/wp\/v2\/pages"}],"about":[{"href":"https:\/\/wp.ufpel.edu.br\/proplad\/wp-json\/wp\/v2\/types\/page"}],"author":[{"embeddable":true,"href":"https:\/\/wp.ufpel.edu.br\/proplad\/wp-json\/wp\/v2\/users\/1353"}],"replies":[{"embeddable":true,"href":"https:\/\/wp.ufpel.edu.br\/proplad\/wp-json\/wp\/v2\/comments?post=1624"}],"version-history":[{"count":0,"href":"https:\/\/wp.ufpel.edu.br\/proplad\/wp-json\/wp\/v2\/pages\/1624\/revisions"}],"up":[{"embeddable":true,"href":"https:\/\/wp.ufpel.edu.br\/proplad\/wp-json\/wp\/v2\/pages\/136"}],"wp:attachment":[{"href":"https:\/\/wp.ufpel.edu.br\/proplad\/wp-json\/wp\/v2\/media?parent=1624"}],"curies":[{"name":"wp","href":"https:\/\/api.w.org\/{rel}","templated":true}]}}