{"id":1548,"date":"2014-10-20T13:03:11","date_gmt":"2014-10-20T15:03:11","guid":{"rendered":"https:\/\/wp.ufpel.edu.br\/proplan\/?page_id=1548"},"modified":"2014-10-20T13:03:11","modified_gmt":"2014-10-20T15:03:11","slug":"documentos-enade-2013","status":"publish","type":"page","link":"https:\/\/wp.ufpel.edu.br\/proplad\/corac\/enade\/documentos-enade-2013\/","title":{"rendered":"Documentos &#8211; ENADE 2013"},"content":{"rendered":"<p><span style=\"font-family: arial, helvetica, sans-serif;font-size: 10pt\"><strong>Documentos<\/strong><\/span><\/p>\n<ol>\n<li><span style=\"font-family: arial, helvetica, sans-serif;font-size: 10pt;color: #000000\"><a href=\"https:\/\/wp.ufpel.edu.br\/proplad\/files\/2014\/10\/1.-Manual-ENADE-2013.pdf\" target=\"_blank\"><span style=\"color: #000000\">Manual &#8211; ENADE 2013<\/span><\/a><\/span><\/li>\n<li><span style=\"font-size: 10pt;font-family: arial, helvetica, sans-serif;color: #000000\"><a href=\"https:\/\/wp.ufpel.edu.br\/proplad\/files\/2014\/10\/2.-Portaria-Normativa-No-6-27.03.2013-ENADE-2013.pdf\" target=\"_blank\"><span style=\"color: #000000\">Portaria Normativa N\u00ba 6 27.03.2013 &#8211; ENADE 2013<\/span><\/a><\/span><\/li>\n<li><span style=\"font-size: 10pt;font-family: arial, helvetica, sans-serif;color: #000000\"><a href=\"https:\/\/wp.ufpel.edu.br\/proplad\/files\/2014\/10\/Portaria-No-683-de-26-de-novembro-de-2013-Dispensa-dos-alunos-do-ENADE-2013.pdf\" target=\"_blank\"><span style=\"color: #000000\">Portaria N\u00ba 683 26.11.2013 &#8211; Dispensa dos alunos do ENADE 2013<\/span><\/a><\/span><\/li>\n<li><span style=\"font-family: arial, helvetica, sans-serif;font-size: 10pt;color: #000000\"><a href=\"https:\/\/wp.ufpel.edu.br\/proplad\/files\/2014\/10\/Dispensa-ENADE-2013-1376505854-Msg-15.08.13.pdf\" target=\"_blank\"><span style=\"color: #000000\">Dispensa ENADE 2013 &#8211; 1376505854 &#8211; Msg 15.08.13<\/span><\/a><\/span><\/li>\n<li><span style=\"font-weight: inherit;font-style: inherit;color: #888888;font-family: verdana, geneva;font-size: 8pt\"><span style=\"font-family: arial, helvetica, sans-serif;font-size: 10pt;color: #000000\"><a href=\"https:\/\/wp.ufpel.edu.br\/proplad\/files\/2014\/10\/Formulario-Solicitacao-Dispensa-ENADE-2013.doc\" target=\"_blank\"><span style=\"color: #000000\">Formul\u00e1rio Solicita\u00e7\u00e3o Dispensa &#8211; ENADE 2013<\/span><\/a><\/span><br \/>\n<\/span><\/li>\n<\/ol>\n","protected":false},"excerpt":{"rendered":"<p>Documentos Manual &#8211; ENADE 2013 Portaria Normativa N\u00ba 6 27.03.2013 &#8211; ENADE 2013 Portaria N\u00ba 683 26.11.2013 &#8211; Dispensa dos alunos do ENADE 2013 Dispensa ENADE 2013 &#8211; 1376505854 &#8211; Msg 15.08.13 Formul\u00e1rio Solicita\u00e7\u00e3o Dispensa &#8211; ENADE 2013<\/p>\n","protected":false},"author":1353,"featured_media":0,"parent":1306,"menu_order":0,"comment_status":"closed","ping_status":"open","template":"","meta":{"jetpack_post_was_ever_published":false,"footnotes":""},"class_list":["post-1548","page","type-page","status-publish","hentry"],"jetpack_sharing_enabled":true,"_links":{"self":[{"href":"https:\/\/wp.ufpel.edu.br\/proplad\/wp-json\/wp\/v2\/pages\/1548","targetHints":{"allow":["GET"]}}],"collection":[{"href":"https:\/\/wp.ufpel.edu.br\/proplad\/wp-json\/wp\/v2\/pages"}],"about":[{"href":"https:\/\/wp.ufpel.edu.br\/proplad\/wp-json\/wp\/v2\/types\/page"}],"author":[{"embeddable":true,"href":"https:\/\/wp.ufpel.edu.br\/proplad\/wp-json\/wp\/v2\/users\/1353"}],"replies":[{"embeddable":true,"href":"https:\/\/wp.ufpel.edu.br\/proplad\/wp-json\/wp\/v2\/comments?post=1548"}],"version-history":[{"count":0,"href":"https:\/\/wp.ufpel.edu.br\/proplad\/wp-json\/wp\/v2\/pages\/1548\/revisions"}],"up":[{"embeddable":true,"href":"https:\/\/wp.ufpel.edu.br\/proplad\/wp-json\/wp\/v2\/pages\/1306"}],"wp:attachment":[{"href":"https:\/\/wp.ufpel.edu.br\/proplad\/wp-json\/wp\/v2\/media?parent=1548"}],"curies":[{"name":"wp","href":"https:\/\/api.w.org\/{rel}","templated":true}]}}