{"id":1406,"date":"2014-10-15T13:44:50","date_gmt":"2014-10-15T16:44:50","guid":{"rendered":"https:\/\/wp.ufpel.edu.br\/proplan\/?page_id=1406"},"modified":"2014-10-15T13:44:50","modified_gmt":"2014-10-15T16:44:50","slug":"capao-do-leao-aulario","status":"publish","type":"page","link":"https:\/\/wp.ufpel.edu.br\/proplad\/agenda-das-salas\/capao-do-leao-aulario\/","title":{"rendered":"CAP\u00c3O DO LE\u00c3O &#8211; AUL\u00c1RIO"},"content":{"rendered":"\n<!-- iframe plugin v.6.0 wordpress.org\/plugins\/iframe\/ -->\n<iframe src=\"https:\/\/www.google.com\/calendar\/embed?showTz=0&#038;mode=WEEK&#038;width=930&#038;wkst=1&#038;bgcolor=%23FFFFFF&#038;src=proplan.ufpel.edu.br_2d3330323332373338393536%40resource.calendar.google.com&#038;ctz=America\/Sao_Paulo\" style=\"border: 0\" width=\"700\" height=\"500\" frameborder=\"0\" scrolling=\"no\" class=\"iframe-class\"><\/iframe>\n\n<div style=\"float: right;clear: right;margin-top: 2%;width: 230px;height: 60px\">\n<p style=\"line-height: 100%\"><strong>Capacidade: <\/strong>47<\/p>\n<p style=\"line-height: 100%\"><strong>Projetor<\/strong><\/p>\n<p style=\"line-height: 100%\"><strong>Computador<\/strong><\/p>\n<p style=\"line-height: 100%\"><strong>Internet<\/strong><\/p>\n<p style=\"line-height: 100%\"><strong>Ar Condicionado<\/strong><\/p>\n<p style=\"line-height: 100%\"><strong>Tipo de cadeira: <\/strong>mesa e cadeira<\/p>\n<\/div>\n<p>&nbsp;<\/p>\n\n<!-- iframe plugin v.6.0 wordpress.org\/plugins\/iframe\/ -->\n<iframe src=\"https:\/\/www.google.com\/calendar\/embed?showTz=0&#038;mode=WEEK&#038;width=930&#038;wkst=1&#038;bgcolor=%23FFFFFF&#038;src=proplan.ufpel.edu.br_2d3531313835353231383830%40resource.calendar.google.com&#038;ctz=America\/Sao_Paulo\" style=\"border: 0\" width=\"700\" height=\"500\" frameborder=\"0\" scrolling=\"no\" class=\"iframe-class\"><\/iframe>\n\n<div style=\"float: right;clear: right;margin-top: 2%;width: 230px;height: 60px\">\n<p style=\"line-height: 100%\"><strong>Capacidade: <\/strong>47<\/p>\n<p style=\"line-height: 100%\"><strong>Projetor<\/strong><\/p>\n<p style=\"line-height: 100%\"><strong>Computador<\/strong><\/p>\n<p style=\"line-height: 100%\"><strong>Internet<\/strong><\/p>\n<p style=\"line-height: 100%\"><strong>Ar Condicionado<\/strong><\/p>\n<p style=\"line-height: 100%\"><strong>Tipo de cadeira: <\/strong>mesa e cadeira<\/p>\n<\/div>\n<p>&nbsp;<\/p>\n\n<!-- iframe plugin v.6.0 wordpress.org\/plugins\/iframe\/ -->\n<iframe src=\"https:\/\/www.google.com\/calendar\/embed?showTz=0&#038;mode=WEEK&#038;width=930&#038;wkst=1&#038;bgcolor=%23FFFFFF&#038;src=proplan.ufpel.edu.br_2d3732303133393835363432%40resource.calendar.google.com&#038;ctz=America\/Sao_Paulo\" style=\"border: 0\" width=\"700\" height=\"500\" frameborder=\"0\" scrolling=\"no\" class=\"iframe-class\"><\/iframe>\n\n<div style=\"float: right;clear: right;margin-top: 2%;width: 230px;height: 60px\">\n<p style=\"line-height: 100%\"><strong>Capacidade: <\/strong>47<\/p>\n<p style=\"line-height: 100%\"><strong>Projetor<\/strong><\/p>\n<p style=\"line-height: 100%\"><strong>Computador<\/strong><\/p>\n<p style=\"line-height: 100%\"><strong>Internet<\/strong><\/p>\n<p style=\"line-height: 100%\"><strong>Ar Condicionado<\/strong><\/p>\n<p style=\"line-height: 100%\"><strong>Tipo de cadeira: <\/strong>mesa e cadeira<\/p>\n<\/div>\n<p>&nbsp;<\/p>\n\n<!-- iframe plugin v.6.0 wordpress.org\/plugins\/iframe\/ -->\n<iframe src=\"https:\/\/www.google.com\/calendar\/embed?showTz=0&#038;mode=WEEK&#038;width=930&#038;wkst=1&#038;bgcolor=%23FFFFFF&#038;src=proplan.ufpel.edu.br_2d3932393339353935383137%40resource.calendar.google.com&#038;ctz=America\/Sao_Paulo\" style=\"border: 0\" width=\"700\" height=\"500\" frameborder=\"0\" scrolling=\"no\" class=\"iframe-class\"><\/iframe>\n\n<div style=\"float: right;clear: right;margin-top: 2%;width: 230px;height: 60px\">\n<p style=\"line-height: 100%\"><strong>Capacidade: <\/strong>47<\/p>\n<p style=\"line-height: 100%\"><strong>Projetor<\/strong><\/p>\n<p style=\"line-height: 100%\"><strong>Computador<\/strong><\/p>\n<p style=\"line-height: 100%\"><strong>Internet<\/strong><\/p>\n<p style=\"line-height: 100%\"><strong>Ar Condicionado<\/strong><\/p>\n<p style=\"line-height: 100%\"><strong>Tipo de cadeira: <\/strong>mesa e cadeira<\/p>\n<\/div>\n<p>&nbsp;<\/p>\n\n<!-- iframe plugin v.6.0 wordpress.org\/plugins\/iframe\/ -->\n<iframe src=\"https:\/\/www.google.com\/calendar\/embed?showTz=0&#038;mode=WEEK&#038;width=930&#038;wkst=1&#038;bgcolor=%23FFFFFF&#038;src=proplan.ufpel.edu.br_2d3133383733333335363233%40resource.calendar.google.com&#038;ctz=America\/Sao_Paulo\" style=\"border: 0\" width=\"700\" height=\"500\" frameborder=\"0\" scrolling=\"no\" class=\"iframe-class\"><\/iframe>\n\n<div style=\"float: right;clear: right;margin-top: 2%;width: 230px;height: 60px\">\n<p style=\"line-height: 100%\"><strong>Capacidade: <\/strong>47<\/p>\n<p style=\"line-height: 100%\"><strong>Projetor<\/strong><\/p>\n<p style=\"line-height: 100%\"><strong>Computador<\/strong><\/p>\n<p style=\"line-height: 100%\"><strong>Internet<\/strong><\/p>\n<p style=\"line-height: 100%\"><strong>Ar Condicionado<\/strong><\/p>\n<p style=\"line-height: 100%\"><strong>Tipo de cadeira: <\/strong>mesa e cadeira<\/p>\n<\/div>\n<p>&nbsp;<\/p>\n\n<!-- iframe plugin v.6.0 wordpress.org\/plugins\/iframe\/ -->\n<iframe src=\"https:\/\/www.google.com\/calendar\/embed?showTz=0&#038;mode=WEEK&#038;width=930&#038;wkst=1&#038;bgcolor=%23FFFFFF&#038;src=proplan.ufpel.edu.br_2d33343739393435372d353435%40resource.calendar.google.com&#038;ctz=America\/Sao_Paulo\" style=\"border: 0\" width=\"700\" height=\"500\" frameborder=\"0\" scrolling=\"no\" class=\"iframe-class\"><\/iframe>\n\n<div style=\"float: right;clear: right;margin-top: 2%;width: 230px;height: 60px\">\n<p style=\"line-height: 100%\"><strong>Capacidade: <\/strong>47<\/p>\n<p style=\"line-height: 100%\"><strong>Projetor<\/strong><\/p>\n<p style=\"line-height: 100%\"><strong>Computador<\/strong><\/p>\n<p style=\"line-height: 100%\"><strong>Internet<\/strong><\/p>\n<p style=\"line-height: 100%\"><strong>Ar Condicionado<\/strong><\/p>\n<p style=\"line-height: 100%\"><strong>Tipo de cadeira: <\/strong>mesa e cadeira<\/p>\n<\/div>\n<p>&nbsp;<\/p>\n\n<!-- iframe plugin v.6.0 wordpress.org\/plugins\/iframe\/ -->\n<iframe src=\"https:\/\/www.google.com\/calendar\/embed?showTz=0&#038;mode=WEEK&#038;width=930&#038;wkst=1&#038;bgcolor=%23FFFFFF&#038;src=proplan.ufpel.edu.br_2d35353632323737332d3130%40resource.calendar.google.com&#038;ctz=America\/Sao_Paulo\" style=\"border: 0\" width=\"700\" height=\"500\" frameborder=\"0\" scrolling=\"no\" class=\"iframe-class\"><\/iframe>\n\n<div style=\"float: right;clear: right;margin-top: 2%;width: 230px;height: 60px\">\n<p style=\"line-height: 100%\"><strong>Capacidade: <\/strong>47<\/p>\n<p style=\"line-height: 100%\"><strong>Projetor<\/strong><\/p>\n<p style=\"line-height: 100%\"><strong>Computador<\/strong><\/p>\n<p style=\"line-height: 100%\"><strong>Internet<\/strong><\/p>\n<p style=\"line-height: 100%\"><strong>Ar Condicionado<\/strong><\/p>\n<p style=\"line-height: 100%\"><strong>Tipo de cadeira: <\/strong>mesa e cadeira<\/p>\n<\/div>\n<p>&nbsp;<\/p>\n\n<!-- iframe plugin v.6.0 wordpress.org\/plugins\/iframe\/ -->\n<iframe src=\"https:\/\/calendar.google.com\/calendar\/b\/2\/embed?height=600&#038;wkst=1&#038;bgcolor=%23ffffff&#038;ctz=America%2FSao_Paulo&#038;src=cHJvcGxhbi51ZnBlbC5lZHUuYnJfMzQzMzM1MzUzNjMzMzkzMTM0MzMzN0ByZXNvdXJjZS5jYWxlbmRhci5nb29nbGUuY29t&#038;mode=WEEK\" style=\"border-width:0\" width=\"700\" height=\"500\" frameborder=\"0\" scrolling=\"no\" class=\"iframe-class\"><\/iframe>\n\n<div style=\"float: right;clear: right;margin-top: 2%;width: 230px;height: 60px\">\n<p style=\"line-height: 100%\"><strong>Capacidade: <\/strong>20<\/p>\n<p style=\"line-height: 100%\"><strong>Projetor<\/strong><\/p>\n<p style=\"line-height: 100%\"><strong>Ar Condicionado<\/strong><\/p>\n<p style=\"line-height: 100%\"><strong>Tipo de cadeira: <\/strong>Cadeira com prancheta<\/p>\n<\/div>\n<p>&nbsp;<\/p>\n","protected":false},"excerpt":{"rendered":"<p>Capacidade: 47 Projetor Computador Internet Ar Condicionado Tipo de cadeira: mesa e cadeira &nbsp; Capacidade: 47 Projetor Computador Internet Ar Condicionado Tipo de cadeira: mesa e cadeira &nbsp; Capacidade: 47 Projetor Computador Internet Ar Condicionado Tipo de cadeira: mesa e cadeira &nbsp; Capacidade: 47 Projetor Computador Internet Ar Condicionado Tipo de cadeira: mesa e cadeira [&hellip;]<\/p>\n","protected":false},"author":1353,"featured_media":0,"parent":1361,"menu_order":0,"comment_status":"closed","ping_status":"closed","template":"page-sem-sidebar.php","meta":{"jetpack_post_was_ever_published":false,"footnotes":""},"class_list":["post-1406","page","type-page","status-publish","hentry"],"jetpack_sharing_enabled":true,"_links":{"self":[{"href":"https:\/\/wp.ufpel.edu.br\/proplad\/wp-json\/wp\/v2\/pages\/1406","targetHints":{"allow":["GET"]}}],"collection":[{"href":"https:\/\/wp.ufpel.edu.br\/proplad\/wp-json\/wp\/v2\/pages"}],"about":[{"href":"https:\/\/wp.ufpel.edu.br\/proplad\/wp-json\/wp\/v2\/types\/page"}],"author":[{"embeddable":true,"href":"https:\/\/wp.ufpel.edu.br\/proplad\/wp-json\/wp\/v2\/users\/1353"}],"replies":[{"embeddable":true,"href":"https:\/\/wp.ufpel.edu.br\/proplad\/wp-json\/wp\/v2\/comments?post=1406"}],"version-history":[{"count":0,"href":"https:\/\/wp.ufpel.edu.br\/proplad\/wp-json\/wp\/v2\/pages\/1406\/revisions"}],"up":[{"embeddable":true,"href":"https:\/\/wp.ufpel.edu.br\/proplad\/wp-json\/wp\/v2\/pages\/1361"}],"wp:attachment":[{"href":"https:\/\/wp.ufpel.edu.br\/proplad\/wp-json\/wp\/v2\/media?parent=1406"}],"curies":[{"name":"wp","href":"https:\/\/api.w.org\/{rel}","templated":true}]}}