{"id":140,"date":"2011-11-16T09:42:29","date_gmt":"2011-11-16T12:42:29","guid":{"rendered":"https:\/\/wp.ufpel.edu.br\/prpd\/"},"modified":"2011-11-16T09:42:29","modified_gmt":"2011-11-16T12:42:29","slug":"copf","status":"publish","type":"page","link":"https:\/\/wp.ufpel.edu.br\/proplad\/copf\/","title":{"rendered":"Coordenadoria de Obras e Planejamento F\u00edsico"},"content":{"rendered":"<p><span style=\"font-family: arial, helvetica, sans-serif;font-size: 10pt;color: #000000\">S\u00e3o atribui\u00e7\u00f5es da Coordenadoria de Obras e Planejamento F\u00edsico:<\/span><\/p>\n<ul>\n<li><span style=\"font-family: arial, helvetica, sans-serif;font-size: 10pt;color: #000000\">Assessorar, planejar, projetar, coordenar e administrar obras e servi\u00e7os de engenharia da \u00e1rea f\u00edsica da UFPel;<\/span><\/li>\n<li><span style=\"font-family: arial, helvetica, sans-serif;font-size: 10pt;color: #000000\">Planejar o uso do espa\u00e7o f\u00edsico e o desenvolvimento da infraestrutura para todos os campi de acordo com o Plano Diretor;<\/span><\/li>\n<li><span style=\"font-family: arial, helvetica, sans-serif;font-size: 10pt;color: #000000\">Manter o controle e registro de documentos referentes \u00e0 \u00e1rea f\u00edsica das unidades da institui\u00e7\u00e3o;<\/span><\/li>\n<li><span style=\"font-family: arial, helvetica, sans-serif;font-size: 10pt;color: #000000\">Supervisionar, controlar e fiscalizar obras, reformas e adapta\u00e7\u00f5es em toda a estrutura Universit\u00e1ria;<\/span><\/li>\n<li><span style=\"font-family: arial, helvetica, sans-serif;font-size: 10pt;color: #000000\">Desenvolver atividades t\u00e9cnicas e de gest\u00e3o, com vistas a organizar o crescimento f\u00edsico da institui\u00e7\u00e3o.<\/span><\/li>\n<\/ul>\n<p><span style=\"font-family: arial, helvetica, sans-serif;font-size: 10pt;color: #000000\"><strong>Coord. COPF: <\/strong>Cleidi Victoria Pinto<\/span><br \/>\n<span style=\"font-family: arial, helvetica, sans-serif;font-size: 10pt;color: #000000\"> <strong>Telefone:<\/strong> (53) 3284-3959<\/span><br \/>\n<span style=\"font-family: arial, helvetica, sans-serif;font-size: 10pt;color: #000000\"> <strong>e-mail:<\/strong> copf@ufpel.edu.br<\/span><\/p>\n","protected":false},"excerpt":{"rendered":"<p>S\u00e3o atribui\u00e7\u00f5es da Coordenadoria de Obras e Planejamento F\u00edsico: Assessorar, planejar, projetar, coordenar e administrar obras e servi\u00e7os de engenharia da \u00e1rea f\u00edsica da UFPel; Planejar o uso do espa\u00e7o f\u00edsico e o desenvolvimento da infraestrutura para todos os campi de acordo com o Plano Diretor; Manter o controle e registro de documentos referentes \u00e0 [&hellip;]<\/p>\n","protected":false},"author":1353,"featured_media":0,"parent":0,"menu_order":2,"comment_status":"closed","ping_status":"closed","template":"","meta":{"jetpack_post_was_ever_published":false,"footnotes":""},"class_list":["post-140","page","type-page","status-publish","hentry"],"jetpack_sharing_enabled":true,"_links":{"self":[{"href":"https:\/\/wp.ufpel.edu.br\/proplad\/wp-json\/wp\/v2\/pages\/140","targetHints":{"allow":["GET"]}}],"collection":[{"href":"https:\/\/wp.ufpel.edu.br\/proplad\/wp-json\/wp\/v2\/pages"}],"about":[{"href":"https:\/\/wp.ufpel.edu.br\/proplad\/wp-json\/wp\/v2\/types\/page"}],"author":[{"embeddable":true,"href":"https:\/\/wp.ufpel.edu.br\/proplad\/wp-json\/wp\/v2\/users\/1353"}],"replies":[{"embeddable":true,"href":"https:\/\/wp.ufpel.edu.br\/proplad\/wp-json\/wp\/v2\/comments?post=140"}],"version-history":[{"count":0,"href":"https:\/\/wp.ufpel.edu.br\/proplad\/wp-json\/wp\/v2\/pages\/140\/revisions"}],"wp:attachment":[{"href":"https:\/\/wp.ufpel.edu.br\/proplad\/wp-json\/wp\/v2\/media?parent=140"}],"curies":[{"name":"wp","href":"https:\/\/api.w.org\/{rel}","templated":true}]}}