{"id":1361,"date":"2014-10-15T12:58:28","date_gmt":"2014-10-15T15:58:28","guid":{"rendered":"https:\/\/wp.ufpel.edu.br\/proplan\/?page_id=1361"},"modified":"2014-10-15T12:58:28","modified_gmt":"2014-10-15T15:58:28","slug":"agenda-das-salas","status":"publish","type":"page","link":"https:\/\/wp.ufpel.edu.br\/proplad\/agenda-das-salas\/","title":{"rendered":"Agenda das salas"},"content":{"rendered":"<p>Para consultar o agendamento das turmas nas salas, \u00e9 poss\u00edvel visualizar no link abaixo:<\/p>\n<p><span style=\"color: #ff6600\"><a style=\"color: #ff6600\" href=\"https:\/\/cobalto.ufpel.edu.br\/servicosgerais\/consultas\/salasDeAula\">https:\/\/cobalto.ufpel.edu.br\/servicosgerais\/consultas\/salasDeAula<\/a><\/span><\/p>\n<p>&nbsp;<\/p>\n<p><a href=\"https:\/\/wp.ufpel.edu.br\/proplad\/files\/2025\/04\/Wordpress-Eventos-Cobalto-.pdf\"><strong><span style=\"color: #3366ff\">Tutorial para Eventos no Cobalto<\/span><\/strong><\/a><\/p>\n<p>&nbsp;<\/p>\n<p><a href=\"https:\/\/wp.ufpel.edu.br\/proplan\/nge\/orientacoes\/\">Orienta\u00e7\u00f5es para uso dos espa\u00e7os compartilhados<\/a><\/p>\n","protected":false},"excerpt":{"rendered":"<p>Para consultar o agendamento das turmas nas salas, \u00e9 poss\u00edvel visualizar no link abaixo: https:\/\/cobalto.ufpel.edu.br\/servicosgerais\/consultas\/salasDeAula &nbsp; Tutorial para Eventos no Cobalto &nbsp; Orienta\u00e7\u00f5es para uso dos espa\u00e7os compartilhados<\/p>\n","protected":false},"author":1353,"featured_media":0,"parent":0,"menu_order":0,"comment_status":"closed","ping_status":"closed","template":"","meta":{"jetpack_post_was_ever_published":false,"footnotes":""},"class_list":["post-1361","page","type-page","status-publish","hentry"],"jetpack_sharing_enabled":true,"_links":{"self":[{"href":"https:\/\/wp.ufpel.edu.br\/proplad\/wp-json\/wp\/v2\/pages\/1361","targetHints":{"allow":["GET"]}}],"collection":[{"href":"https:\/\/wp.ufpel.edu.br\/proplad\/wp-json\/wp\/v2\/pages"}],"about":[{"href":"https:\/\/wp.ufpel.edu.br\/proplad\/wp-json\/wp\/v2\/types\/page"}],"author":[{"embeddable":true,"href":"https:\/\/wp.ufpel.edu.br\/proplad\/wp-json\/wp\/v2\/users\/1353"}],"replies":[{"embeddable":true,"href":"https:\/\/wp.ufpel.edu.br\/proplad\/wp-json\/wp\/v2\/comments?post=1361"}],"version-history":[{"count":0,"href":"https:\/\/wp.ufpel.edu.br\/proplad\/wp-json\/wp\/v2\/pages\/1361\/revisions"}],"wp:attachment":[{"href":"https:\/\/wp.ufpel.edu.br\/proplad\/wp-json\/wp\/v2\/media?parent=1361"}],"curies":[{"name":"wp","href":"https:\/\/api.w.org\/{rel}","templated":true}]}}