{"id":1359,"date":"2014-10-15T12:57:56","date_gmt":"2014-10-15T15:57:56","guid":{"rendered":"https:\/\/wp.ufpel.edu.br\/proplan\/?page_id=1359"},"modified":"2014-10-15T12:57:56","modified_gmt":"2014-10-15T15:57:56","slug":"pedidos-de-agendamento","status":"publish","type":"page","link":"https:\/\/wp.ufpel.edu.br\/proplad\/pedidos-de-agendamento\/","title":{"rendered":"Pedidos de agendamento"},"content":{"rendered":"<p>O pedido deve ser feito pelo e-mail <strong>sace@ufpel.edu.br<\/strong>, informando, obrigatoriamente:<\/p>\n<ul>\n<li>Unidade solicitante<\/li>\n<li>Telefone para contato<\/li>\n<li>Descri\u00e7\u00e3o da atividade<\/li>\n<li>N\u00famero de participantes<\/li>\n<li>Data<\/li>\n<li>Hora de in\u00edcio e fim<\/li>\n<li>Nome do respons\u00e1vel pela retirada da chave<\/li>\n<li>Local de prefer\u00eancia (pr\u00e9dio\/sala)<\/li>\n<\/ul>\n<p>O solicitante dever\u00e1 aguardar confirma\u00e7\u00e3o da reserva por e-mail.<\/p>\n<p><span style=\"color: #ff0000\">IMPORTANTE:<\/span><br \/>\nOs pedidos dever\u00e3o ser realizados com no m\u00ednimo <b>2 (dois) dias \u00fateis de anteced\u00eancia<\/b>, sob o risco de n\u00e3o poderem ser agendados satisfatoriamente.<\/p>\n<h3><span style=\"font-family: arial, helvetica, sans-serif;font-size: 10pt;color: #000000\">Orienta\u00e7\u00f5es para usu\u00e1rios<\/span><\/h3>\n<p><span style=\"font-family: arial, helvetica, sans-serif;font-size: 10pt;color: #000000\">&#8211; O agendamento de disciplinas para uso durante todo o semestre deve ser realizado atrav\u00e9s do colegiado de curso pelo e-mail da SACE, nos prazos estabelecidos no calend\u00e1rio acad\u00eamico.<\/span><br \/>\n<span style=\"font-family: arial, helvetica, sans-serif;font-size: 10pt;color: #000000\">&#8211; O (a) porteiro(a) \u00e9 o respons\u00e1vel pela libera\u00e7\u00e3o das salas, que s\u00f3 pode ser feita se a atividade estiver agendada. Ele possui autonomia para entregar a chave ou n\u00e3o, de acordo com as regras estabelecidas para o uso das salas gerenciadas por esta Se\u00e7\u00e3o.<\/span><br \/>\n<span style=\"font-family: arial, helvetica, sans-serif;font-size: 10pt;color: #000000\"> &#8211; O agente de portaria possui uma planilha de controle de uso das salas, que deve ser preenchida SEMPRE que a sala for utilizada, devendo o usu\u00e1rio respons\u00e1vel assinar quando da entrega da chave.<\/span><br \/>\n<span style=\"font-family: arial, helvetica, sans-serif;font-size: 10pt;color: #000000\"> &#8211; Se ocorrer algum problema no agendamento e este n\u00e3o estiver na planilha do porteiro, ser\u00e1 permitido o uso a primeira vez, por\u00e9m deve-se informar o fato \u00e0 SACE para resolu\u00e7\u00e3o do problema. De qualquer forma, pode ser feita liga\u00e7\u00e3o na hora para a SACE a fim de confirmar se houve algum erro no agendamento do evento. (no hor\u00e1rio das 8h \u00e0s 20h)<\/span><\/p>\n<hr \/>\n<p><span style=\"color: #ff0000\">Quadra interditada por tempo indeterminado.<\/span><br \/>\n<span style=\"color: #000000\"><strong><span style=\"font-family: arial, helvetica, sans-serif;font-size: 10pt\">Orienta\u00e7\u00f5es sobre o uso da quadra da AABB<\/span><\/strong><\/span><\/p>\n<p><span style=\"font-family: arial, helvetica, sans-serif;font-size: 10pt;color: #000000\">Hor\u00e1rios fixos:<br \/>\n&#8211; Somente ter\u00e3o hor\u00e1rios fixos durante o semestre atividades ligadas a projetos de pesquisa, ensino e extens\u00e3o.<\/span><\/p>\n<p><span style=\"font-family: arial, helvetica, sans-serif;font-size: 10pt;color: #000000\">Hor\u00e1rios espor\u00e1dicos:<br \/>\n&#8211; As reservas para atividades esportivas ser\u00e3o realizadas somente no s\u00e1bado e domingo.<br \/>\n&#8211; Ser\u00e1\u00a0reservado uma hora por atividade.<br \/>\n&#8211; O pedido\u00a0dever\u00e1 ser realizado da 00:00 de segunda feira \u00e0s 18h de quinta feira para reservas no s\u00e1bado e domingo subsequentes.<br \/>\n&#8211; Cada reserva dever\u00e1 ser enviada separadamente, ou seja, um pedido\u00a0por e-mail e com o n\u00famero de matr\u00edcula.<br \/>\n&#8211; \u00c9 permitida a\u00a0entrada somente de alunos da UFPel.<br \/>\n<\/span><\/p>\n<p>&nbsp;<\/p>\n","protected":false},"excerpt":{"rendered":"<p>O pedido deve ser feito pelo e-mail sace@ufpel.edu.br, informando, obrigatoriamente: Unidade solicitante Telefone para contato Descri\u00e7\u00e3o da atividade N\u00famero de participantes Data Hora de in\u00edcio e fim Nome do respons\u00e1vel pela retirada da chave Local de prefer\u00eancia (pr\u00e9dio\/sala) O solicitante dever\u00e1 aguardar confirma\u00e7\u00e3o da reserva por e-mail. IMPORTANTE: Os pedidos dever\u00e3o ser realizados com no [&hellip;]<\/p>\n","protected":false},"author":1353,"featured_media":0,"parent":0,"menu_order":0,"comment_status":"closed","ping_status":"closed","template":"","meta":{"jetpack_post_was_ever_published":false,"footnotes":""},"class_list":["post-1359","page","type-page","status-publish","hentry"],"jetpack_sharing_enabled":true,"_links":{"self":[{"href":"https:\/\/wp.ufpel.edu.br\/proplad\/wp-json\/wp\/v2\/pages\/1359","targetHints":{"allow":["GET"]}}],"collection":[{"href":"https:\/\/wp.ufpel.edu.br\/proplad\/wp-json\/wp\/v2\/pages"}],"about":[{"href":"https:\/\/wp.ufpel.edu.br\/proplad\/wp-json\/wp\/v2\/types\/page"}],"author":[{"embeddable":true,"href":"https:\/\/wp.ufpel.edu.br\/proplad\/wp-json\/wp\/v2\/users\/1353"}],"replies":[{"embeddable":true,"href":"https:\/\/wp.ufpel.edu.br\/proplad\/wp-json\/wp\/v2\/comments?post=1359"}],"version-history":[{"count":0,"href":"https:\/\/wp.ufpel.edu.br\/proplad\/wp-json\/wp\/v2\/pages\/1359\/revisions"}],"wp:attachment":[{"href":"https:\/\/wp.ufpel.edu.br\/proplad\/wp-json\/wp\/v2\/media?parent=1359"}],"curies":[{"name":"wp","href":"https:\/\/api.w.org\/{rel}","templated":true}]}}