{"id":1357,"date":"2014-10-15T12:57:30","date_gmt":"2014-10-15T15:57:30","guid":{"rendered":"https:\/\/wp.ufpel.edu.br\/proplan\/?page_id=1357"},"modified":"2014-10-15T12:57:30","modified_gmt":"2014-10-15T15:57:30","slug":"orientacoes","status":"publish","type":"page","link":"https:\/\/wp.ufpel.edu.br\/proplad\/orientacoes\/","title":{"rendered":"Orienta\u00e7\u00f5es"},"content":{"rendered":"<h3><span style=\"font-family: arial, helvetica, sans-serif;font-size: 10pt;color: #000000\">Orienta\u00e7\u00f5es para usu\u00e1rios<\/span><\/h3>\n<p><span style=\"font-family: arial, helvetica, sans-serif;font-size: 10pt;color: #000000\">&#8211; O agendamento de disciplinas para uso durante todo o semestre deve ser realizado atrav\u00e9s do Sistema Cobalto conforme Calend\u00e1rio Acad\u00eamico.<\/span><\/p>\n<p><span style=\"font-family: arial, helvetica, sans-serif;font-size: 10pt;color: #000000\"> &#8211; O agendamento das salas gerenciadas pela SACE deve ser realizado atrav\u00e9s do Sistema Cobalto.<\/span><\/p>\n<p><span style=\"font-family: arial, helvetica, sans-serif;font-size: 10pt;color: #000000\"> &#8211; Caso o agendamento for para final de semana \u00e9 obrigat\u00f3rio o envio do pedido autoriza\u00e7\u00e3o de acesso ao pr\u00e9dio da UFPel para o NUSEG via SEI.<\/span><\/p>\n<p><span style=\"font-family: arial, helvetica, sans-serif;font-size: 10pt;color: #000000\"> &#8211; O (a) porteiro(a) \u00e9 o respons\u00e1vel pela libera\u00e7\u00e3o das salas, que s\u00f3 pode ser feita se a atividade estiver agendada. Ele possui autonomia para entregar a chave ou n\u00e3o, de acordo com as regras estabelecidas para o uso das salas gerenciadas por esta Se\u00e7\u00e3o.<\/span><\/p>\n<p><span style=\"font-family: arial, helvetica, sans-serif;font-size: 10pt;color: #000000\"> &#8211; O agente de portaria possui uma planilha de controle de uso das salas, que deve ser preenchida SEMPRE que a sala for utilizada, devendo o usu\u00e1rio respons\u00e1vel assinar quando da entrega da chave.<\/span><\/p>\n<p><span style=\"font-family: arial, helvetica, sans-serif;font-size: 10pt;color: #000000\"> &#8211; Se ocorrer algum problema no agendamento e este n\u00e3o estiver na planilha do porteiro, ser\u00e1 permitido o uso a primeira vez, por\u00e9m deve-se informar o fato \u00e0 SACE para resolu\u00e7\u00e3o do problema. De qualquer forma, pode ser feita liga\u00e7\u00e3o na hora para a SACE a fim de confirmar se houve algum erro no agendamento do evento. (no hor\u00e1rio das 8h \u00e0s 20h)<\/span><\/p>\n","protected":false},"excerpt":{"rendered":"<p>Orienta\u00e7\u00f5es para usu\u00e1rios &#8211; O agendamento de disciplinas para uso durante todo o semestre deve ser realizado atrav\u00e9s do Sistema Cobalto conforme Calend\u00e1rio Acad\u00eamico. &#8211; O agendamento das salas gerenciadas pela SACE deve ser realizado atrav\u00e9s do Sistema Cobalto. &#8211; Caso o agendamento for para final de semana \u00e9 obrigat\u00f3rio o envio do pedido autoriza\u00e7\u00e3o [&hellip;]<\/p>\n","protected":false},"author":1353,"featured_media":0,"parent":0,"menu_order":0,"comment_status":"closed","ping_status":"closed","template":"","meta":{"jetpack_post_was_ever_published":false,"footnotes":""},"class_list":["post-1357","page","type-page","status-publish","hentry"],"jetpack_sharing_enabled":true,"_links":{"self":[{"href":"https:\/\/wp.ufpel.edu.br\/proplad\/wp-json\/wp\/v2\/pages\/1357","targetHints":{"allow":["GET"]}}],"collection":[{"href":"https:\/\/wp.ufpel.edu.br\/proplad\/wp-json\/wp\/v2\/pages"}],"about":[{"href":"https:\/\/wp.ufpel.edu.br\/proplad\/wp-json\/wp\/v2\/types\/page"}],"author":[{"embeddable":true,"href":"https:\/\/wp.ufpel.edu.br\/proplad\/wp-json\/wp\/v2\/users\/1353"}],"replies":[{"embeddable":true,"href":"https:\/\/wp.ufpel.edu.br\/proplad\/wp-json\/wp\/v2\/comments?post=1357"}],"version-history":[{"count":0,"href":"https:\/\/wp.ufpel.edu.br\/proplad\/wp-json\/wp\/v2\/pages\/1357\/revisions"}],"wp:attachment":[{"href":"https:\/\/wp.ufpel.edu.br\/proplad\/wp-json\/wp\/v2\/media?parent=1357"}],"curies":[{"name":"wp","href":"https:\/\/api.w.org\/{rel}","templated":true}]}}