{"id":1353,"date":"2014-10-15T12:56:44","date_gmt":"2014-10-15T15:56:44","guid":{"rendered":"https:\/\/wp.ufpel.edu.br\/proplan\/?page_id=1353"},"modified":"2014-10-15T12:56:44","modified_gmt":"2014-10-15T15:56:44","slug":"documentos","status":"publish","type":"page","link":"https:\/\/wp.ufpel.edu.br\/proplad\/documentos\/","title":{"rendered":"Documentos SACE"},"content":{"rendered":"<ul>\n<li style=\"list-style-type: none\">\n<ul>\n<li style=\"list-style-type: none\">\n<ul>\n<li><span style=\"font-family: arial, helvetica, sans-serif;font-size: 10pt;color: #000000\"><a href=\"https:\/\/wp.ufpel.edu.br\/proplad\/files\/2014\/10\/Pelotas-2015.xlsx\" target=\"_blank\" rel=\"noopener noreferrer\"><span style=\"color: #000000\">Planilha modelo de aloca\u00e7\u00e3o de salas (Centro)<\/span><\/a><\/span><\/li>\n<li><span style=\"font-family: arial, helvetica, sans-serif;font-size: 10pt;color: #000000\"><a href=\"https:\/\/wp.ufpel.edu.br\/proplan\/files\/2014\/10\/https:\/\/wp.ufpel.edu.br\/proplad\/files\/2014\/10\/Capao-2015.xlsx\" target=\"_blank\" rel=\"noopener noreferrer\"><span style=\"color: #000000\">Planilha modelo de aloca\u00e7\u00e3o de salas (Cap\u00e3o do Le\u00e3o)<\/span><\/a><\/span><\/li>\n<li><span style=\"font-family: arial, helvetica, sans-serif;font-size: 10pt;color: #000000\"><a href=\"https:\/\/wp.ufpel.edu.br\/proplad\/files\/2014\/10\/PLANILHA-DE-CONTROLE-DE-SALAS.xlsx\" target=\"_blank\" rel=\"noopener noreferrer\"><span style=\"color: #000000\">Formul\u00e1rio de uso das portarias de salas (XLSX)<\/span><\/a><\/span><\/li>\n<li><span style=\"font-family: arial, helvetica, sans-serif;font-size: 10pt;color: #000000\"><a href=\"https:\/\/wp.ufpel.edu.br\/proplad\/files\/2014\/10\/1348_2009.pdf\" target=\"_blank\" rel=\"noopener noreferrer\"><span style=\"color: #000000\">Portaria que regulamenta os hor\u00e1rios das aulas<\/span><\/a><\/span><\/li>\n<li><span style=\"font-family: arial, helvetica, sans-serif;font-size: 10pt;color: #000000\"><a href=\"https:\/\/wp.ufpel.edu.br\/proplad\/files\/2014\/10\/Regulamento_Espacos_Compartilhados.pdf\" target=\"_blank\" rel=\"noopener noreferrer\"><span style=\"color: #000000\">Regulamento para uso de espa\u00e7os compartilhados<\/span><\/a><\/span><\/li>\n<li><span style=\"font-family: arial, helvetica, sans-serif;font-size: 10pt;color: #000000\"><a href=\"https:\/\/wp.ufpel.edu.br\/proplad\/files\/2019\/10\/TABELA-PARA-CORRECAO-DE-HORARIOS.docx\" target=\"_blank\" rel=\"noopener noreferrer\"><span style=\"color: #000000\">Tabela para corre\u00e7\u00e3o de hor\u00e1rios<\/span><\/a><\/span><\/li>\n<li><span style=\"font-family: arial, helvetica, sans-serif;font-size: 10pt;color: #000000\"><a style=\"color: #000000\" href=\"https:\/\/wp.ufpel.edu.br\/proplad\/files\/2023\/02\/Memorando-1-Solicitantes-departamentos-e-colegiados.pdf\">Memorando 1 &#8211; Solicitantes &#8211; departamentos e colegiados<\/a><\/span><\/li>\n<li><span style=\"color: #000000;font-family: arial, helvetica, sans-serif;font-size: 10pt\"><a style=\"color: #000000\" href=\"https:\/\/wp.ufpel.edu.br\/proplad\/files\/2023\/02\/SEI_UFPel-1762895-Portaria-FAEM-USO-AUDITORIO.pdf\">Portaria n\u00ba 1264, de 01\/07\/2022 &#8211; Regras de uso do audit\u00f3rio da FAEM<\/a><\/span><\/li>\n<\/ul>\n<\/li>\n<\/ul>\n<\/li>\n<\/ul>\n","protected":false},"excerpt":{"rendered":"<p>Planilha modelo de aloca\u00e7\u00e3o de salas (Centro) Planilha modelo de aloca\u00e7\u00e3o de salas (Cap\u00e3o do Le\u00e3o) Formul\u00e1rio de uso das portarias de salas (XLSX) Portaria que regulamenta os hor\u00e1rios das aulas Regulamento para uso de espa\u00e7os compartilhados Tabela para corre\u00e7\u00e3o de hor\u00e1rios Memorando 1 &#8211; Solicitantes &#8211; departamentos e colegiados Portaria n\u00ba 1264, de 01\/07\/2022 [&hellip;]<\/p>\n","protected":false},"author":1353,"featured_media":0,"parent":0,"menu_order":0,"comment_status":"closed","ping_status":"closed","template":"","meta":{"jetpack_post_was_ever_published":false,"footnotes":""},"class_list":["post-1353","page","type-page","status-publish","hentry"],"jetpack_sharing_enabled":true,"_links":{"self":[{"href":"https:\/\/wp.ufpel.edu.br\/proplad\/wp-json\/wp\/v2\/pages\/1353","targetHints":{"allow":["GET"]}}],"collection":[{"href":"https:\/\/wp.ufpel.edu.br\/proplad\/wp-json\/wp\/v2\/pages"}],"about":[{"href":"https:\/\/wp.ufpel.edu.br\/proplad\/wp-json\/wp\/v2\/types\/page"}],"author":[{"embeddable":true,"href":"https:\/\/wp.ufpel.edu.br\/proplad\/wp-json\/wp\/v2\/users\/1353"}],"replies":[{"embeddable":true,"href":"https:\/\/wp.ufpel.edu.br\/proplad\/wp-json\/wp\/v2\/comments?post=1353"}],"version-history":[{"count":0,"href":"https:\/\/wp.ufpel.edu.br\/proplad\/wp-json\/wp\/v2\/pages\/1353\/revisions"}],"wp:attachment":[{"href":"https:\/\/wp.ufpel.edu.br\/proplad\/wp-json\/wp\/v2\/media?parent=1353"}],"curies":[{"name":"wp","href":"https:\/\/api.w.org\/{rel}","templated":true}]}}