{"id":1333,"date":"2014-10-15T11:24:52","date_gmt":"2014-10-15T14:24:52","guid":{"rendered":"https:\/\/wp.ufpel.edu.br\/proplan\/?page_id=1333"},"modified":"2014-10-15T11:24:52","modified_gmt":"2014-10-15T14:24:52","slug":"documentos-e-formularios","status":"publish","type":"page","link":"https:\/\/wp.ufpel.edu.br\/proplad\/corac\/documentos-e-formularios\/","title":{"rendered":"Documentos e formul\u00e1rios"},"content":{"rendered":"<p>Nos link abaixo disponibilizamos o Manual de orienta\u00e7\u00e3o geral para avalia\u00e7\u00e3o de cursos de gradua\u00e7\u00e3o &#8211; presencial e a dist\u00e2ncia, juntamente com os formul\u00e1rios\u00a0que fazem parte do processo desde a sua abertura no sistema e-MEC at\u00e9 o momento da visita in loco.<\/p>\n<p><span style=\"color: #000000\"><a style=\"color: #000000\" href=\"https:\/\/wp.ufpel.edu.br\/proplad\/files\/2014\/10\/MANUAL-1.doc\">MANUAL<\/a><\/span><\/p>\n<p><span style=\"color: #000000\"><a style=\"color: #000000\" href=\"https:\/\/wp.ufpel.edu.br\/proplad\/files\/2014\/10\/ANEXO-I-FORMULARIO-ABERTURA-DE-PROCESSO-DE-RECONH.-OU-RENOVACAO-DE-RECONH.-INEP-1.docx\">ANEXO I &#8211; FORMUL\u00c1RIO &#8211; ABERTURA DE PROCESSO DE RECONH. OU RENOVA\u00c7\u00c3O DE RECONH. &#8211; INEP<\/a><\/span><\/p>\n<p><span style=\"color: #000000\"><a style=\"color: #000000\" href=\"https:\/\/wp.ufpel.edu.br\/proplad\/files\/2014\/10\/ANEXO-II-CRITERIOS-DE-ANALISE-DOS-INDICADORES-DAS-DIMENSOES-AVALIADAS-1.doc\">ANEXO II-CRIT\u00c9RIOS DE AN\u00c1LISE DOS INDICADORES DAS DIMENS\u00d5ES AVALIADAS<\/a><\/span><\/p>\n<p><span style=\"color: #000000\"><a style=\"color: #000000\" href=\"https:\/\/wp.ufpel.edu.br\/proplad\/files\/2014\/10\/ANEXO-III-FORMULARIO-ELETRONICO-INEP-1.doc\">ANEXO III-FORMULARIO ELETR\u00d4NICO &#8211; INEP<\/a><\/span><\/p>\n<p><span style=\"color: #000000\"><a style=\"color: #000000\" href=\"https:\/\/wp.ufpel.edu.br\/proplad\/files\/2014\/10\/ANEXO-IV-REQUISITOS-LEGAIS-E-NORMATIVOS-1.doc\">ANEXO IV-REQUISITOS LEGAIS E NORMATIVOS<\/a><\/span><\/p>\n<p><span style=\"color: #000000\"><a style=\"color: #000000\" href=\"https:\/\/wp.ufpel.edu.br\/proplad\/files\/2014\/10\/ANEXO-V-CHECKLIST-2.doc\">ANEXO V-CHECKLIST<\/a><\/span><\/p>\n<p><span style=\"color: #000000\"> <a style=\"color: #000000\" href=\"https:\/\/wp.ufpel.edu.br\/proplad\/files\/2014\/10\/ANEXO-VI-MODELO-FORMULARIOS-organizacao-documentos-visita-in-loco-1.xls\">ANEXO VI-MODELO FORMUL\u00c1RIOS &#8211; organiza\u00e7\u00e3o documentos visita in loco<\/a><\/span><\/p>\n<p><span style=\"color: #000000\"><a style=\"color: #000000\" href=\"https:\/\/wp.ufpel.edu.br\/proplad\/files\/2014\/10\/ANEXO-VII-FORMULARIO-AVALIACAO-DE-AVALIADORES-INEP-1.docx\">ANEXO VII-FORMUL\u00c1RIO-AVALIA\u00c7\u00c3O DE AVALIADORES-INEP<\/a><\/span><\/p>\n<p><span style=\"color: #000000\"> <a style=\"color: #000000\" href=\"https:\/\/wp.ufpel.edu.br\/proplad\/files\/2014\/10\/Sugestoes-Hoteis-1.pdf\">Sugest\u00f5es Hot\u00e9is<\/a> <\/span><br \/>\n<a href=\"https:\/\/wp.ufpel.edu.br\/proplad\/files\/2014\/10\/Termo-Abertura-Proc.-Reconhecimento-de-Curso.docx\">Termo de Concord\u00e2ncia &#8211; Abertura Proc. Reconhecimento de Curso<\/a><\/p>\n<p><a href=\"https:\/\/wp.ufpel.edu.br\/proplad\/files\/2014\/10\/Calendario-Regulacao-2017-1.pdf\">Calend\u00e1rio de Processos Regulat\u00f3rios 2017 &#8211; MEC<\/a><\/p>\n<p><a href=\"https:\/\/wp.ufpel.edu.br\/proplad\/files\/2014\/10\/Formulario-Solicitacao-Dispensa-ENADE.doc\">Formul\u00e1rio de Solicita\u00e7\u00e3o de Dispensa de Estudante &#8211; ENADE<\/a><\/p>\n","protected":false},"excerpt":{"rendered":"<p>Nos link abaixo disponibilizamos o Manual de orienta\u00e7\u00e3o geral para avalia\u00e7\u00e3o de cursos de gradua\u00e7\u00e3o &#8211; presencial e a dist\u00e2ncia, juntamente com os formul\u00e1rios\u00a0que fazem parte do processo desde a sua abertura no sistema e-MEC at\u00e9 o momento da visita in loco. MANUAL ANEXO I &#8211; FORMUL\u00c1RIO &#8211; ABERTURA DE PROCESSO DE RECONH. OU RENOVA\u00c7\u00c3O [&hellip;]<\/p>\n","protected":false},"author":1353,"featured_media":0,"parent":1043,"menu_order":0,"comment_status":"closed","ping_status":"closed","template":"","meta":{"jetpack_post_was_ever_published":false,"footnotes":""},"class_list":["post-1333","page","type-page","status-publish","hentry"],"jetpack_sharing_enabled":true,"_links":{"self":[{"href":"https:\/\/wp.ufpel.edu.br\/proplad\/wp-json\/wp\/v2\/pages\/1333","targetHints":{"allow":["GET"]}}],"collection":[{"href":"https:\/\/wp.ufpel.edu.br\/proplad\/wp-json\/wp\/v2\/pages"}],"about":[{"href":"https:\/\/wp.ufpel.edu.br\/proplad\/wp-json\/wp\/v2\/types\/page"}],"author":[{"embeddable":true,"href":"https:\/\/wp.ufpel.edu.br\/proplad\/wp-json\/wp\/v2\/users\/1353"}],"replies":[{"embeddable":true,"href":"https:\/\/wp.ufpel.edu.br\/proplad\/wp-json\/wp\/v2\/comments?post=1333"}],"version-history":[{"count":0,"href":"https:\/\/wp.ufpel.edu.br\/proplad\/wp-json\/wp\/v2\/pages\/1333\/revisions"}],"up":[{"embeddable":true,"href":"https:\/\/wp.ufpel.edu.br\/proplad\/wp-json\/wp\/v2\/pages\/1043"}],"wp:attachment":[{"href":"https:\/\/wp.ufpel.edu.br\/proplad\/wp-json\/wp\/v2\/media?parent=1333"}],"curies":[{"name":"wp","href":"https:\/\/api.w.org\/{rel}","templated":true}]}}