{"id":1330,"date":"2014-10-15T11:21:20","date_gmt":"2014-10-15T14:21:20","guid":{"rendered":"https:\/\/wp.ufpel.edu.br\/proplan\/?page_id=1330"},"modified":"2014-10-15T11:21:20","modified_gmt":"2014-10-15T14:21:20","slug":"sisu","status":"publish","type":"page","link":"https:\/\/wp.ufpel.edu.br\/proplad\/corac\/sisu\/","title":{"rendered":"Sisu"},"content":{"rendered":"<p><a href=\"https:\/\/wp.ufpel.edu.br\/proplad\/files\/2014\/10\/Relatorio-Completo-SISU-divulgacao.pdf\" target=\"_blank\">Relat\u00f3rio de An\u00e1lise do \u00daltimo Ingressante nos Cursos da UFPel &#8211; SISU<\/a><\/p>\n<p><a href=\"https:\/\/wp.ufpel.edu.br\/proplad\/files\/2014\/10\/Termo_Adesao-SISU_2011-1.pdf\">SISU 2011\/1<\/a><\/p>\n<p><a href=\"https:\/\/wp.ufpel.edu.br\/proplad\/files\/2014\/10\/Termo_Adesao-SISU_2012-1.pdf\" target=\"_blank\">SISU 2012\/1<\/a><\/p>\n<p><a href=\"https:\/\/wp.ufpel.edu.br\/proplad\/files\/2014\/10\/Termo_Adesao-SISU_2012-2.pdf\" target=\"_blank\">SISU 2012\/2<\/a><\/p>\n<p><a href=\"https:\/\/wp.ufpel.edu.br\/proplad\/files\/2014\/10\/Termo_Adesao-SISU_2013-1.pdf\" target=\"_blank\">SISU 2013\/1<\/a><\/p>\n<p><a href=\"https:\/\/wp.ufpel.edu.br\/proplad\/files\/2014\/10\/Termo_Adesao-SISU_2013-2.pdf\" target=\"_blank\">SISU 2013\/2<\/a><\/p>\n<p><a href=\"https:\/\/wp.ufpel.edu.br\/proplad\/files\/2014\/10\/Termo_Adesao-SISU_2014-1.pdf\" target=\"_blank\">SISU 2014\/1<\/a><\/p>\n<p><a href=\"https:\/\/wp.ufpel.edu.br\/proplad\/files\/2014\/10\/Termo_Adesao-SISU_2014-2.pdf\" target=\"_blank\">SISU 2014\/2<\/a><\/p>\n<p><a href=\"https:\/\/wp.ufpel.edu.br\/proplad\/files\/2014\/10\/Termo_Adesao-SISU_2015-1.pdf\" target=\"_blank\">SISU 2015\/1<\/a><\/p>\n<p><a href=\"https:\/\/wp.ufpel.edu.br\/proplad\/files\/2014\/10\/Termo_Adesao-SISU_2015-2.pdf\" target=\"_blank\">SISU 2015\/2<\/a><\/p>\n<p><a href=\"https:\/\/wp.ufpel.edu.br\/proplad\/files\/2014\/10\/Termo_Adesao-SISU_2016-1.pdf\" target=\"_blank\">SISU 2016\/1<\/a><\/p>\n","protected":false},"excerpt":{"rendered":"<p>Relat\u00f3rio de An\u00e1lise do \u00daltimo Ingressante nos Cursos da UFPel &#8211; SISU SISU 2011\/1 SISU 2012\/1 SISU 2012\/2 SISU 2013\/1 SISU 2013\/2 SISU 2014\/1 SISU 2014\/2 SISU 2015\/1 SISU 2015\/2 SISU 2016\/1<\/p>\n","protected":false},"author":1353,"featured_media":0,"parent":1043,"menu_order":0,"comment_status":"closed","ping_status":"closed","template":"","meta":{"jetpack_post_was_ever_published":false,"footnotes":""},"class_list":["post-1330","page","type-page","status-publish","hentry"],"jetpack_sharing_enabled":true,"_links":{"self":[{"href":"https:\/\/wp.ufpel.edu.br\/proplad\/wp-json\/wp\/v2\/pages\/1330","targetHints":{"allow":["GET"]}}],"collection":[{"href":"https:\/\/wp.ufpel.edu.br\/proplad\/wp-json\/wp\/v2\/pages"}],"about":[{"href":"https:\/\/wp.ufpel.edu.br\/proplad\/wp-json\/wp\/v2\/types\/page"}],"author":[{"embeddable":true,"href":"https:\/\/wp.ufpel.edu.br\/proplad\/wp-json\/wp\/v2\/users\/1353"}],"replies":[{"embeddable":true,"href":"https:\/\/wp.ufpel.edu.br\/proplad\/wp-json\/wp\/v2\/comments?post=1330"}],"version-history":[{"count":0,"href":"https:\/\/wp.ufpel.edu.br\/proplad\/wp-json\/wp\/v2\/pages\/1330\/revisions"}],"up":[{"embeddable":true,"href":"https:\/\/wp.ufpel.edu.br\/proplad\/wp-json\/wp\/v2\/pages\/1043"}],"wp:attachment":[{"href":"https:\/\/wp.ufpel.edu.br\/proplad\/wp-json\/wp\/v2\/media?parent=1330"}],"curies":[{"name":"wp","href":"https:\/\/api.w.org\/{rel}","templated":true}]}}