{"id":1306,"date":"2017-06-04T10:02:47","date_gmt":"2017-06-04T13:02:47","guid":{"rendered":"https:\/\/wp.ufpel.edu.br\/proplan\/?page_id=1306"},"modified":"2017-06-04T10:02:47","modified_gmt":"2017-06-04T13:02:47","slug":"enade","status":"publish","type":"page","link":"https:\/\/wp.ufpel.edu.br\/proplad\/corac\/enade\/","title":{"rendered":"Indicadores de qualidade da UFPEL"},"content":{"rendered":"<p style=\"color: #666666\"><span style=\"color: #000000\">Nos links abaixo, voc\u00ea pode encontrar informa\u00e7\u00f5es sobre os indicadores da UFPel &#8211; IGC, CPC e conceito ENADE, assim como notas obtidas pelos cursos da universidade nas diversas avalia\u00e7\u00f5es.\u00a0<\/span><\/p>\n<p style=\"color: #666666\"><span style=\"color: #000000\">Em rela\u00e7\u00e3o \u00e0s avalia\u00e7\u00f5es externas, a Universidade Federal de Pelotas se encontra em processo de Recredenciamento junto ao MEC. At\u00e9 o momento, a Institui\u00e7\u00e3o j\u00e1 recebeu a primeira visita in loco, realizada no Campus Pelotas em maio de 2017, conforme link do relat\u00f3rio abaixo. Em agosto de 2017, ser\u00e1 a vez do Campus Cap\u00e3o do Le\u00e3o ser avaliado.<\/span><\/p>\n<p style=\"color: #666666\"><strong><span style=\"color: #000000\"><a style=\"color: #000000\" href=\"https:\/\/wp.ufpel.edu.br\/proplad\/files\/2014\/10\/Indicadores-de-qualidade-UFPEL.docx\">Indicadores de qualidade UFPEL<\/a><\/span><\/strong><\/p>\n<p style=\"color: #666666\"><span style=\"color: #000000\"><strong><span style=\"font-size: 14pt;font-family: 'times new roman', times, serif\">ENADE 2016<\/span><\/strong><\/span><\/p>\n<p style=\"color: #666666\"><span style=\"font-size: 12pt;font-family: 'times new roman', times, serif;color: #000000\"><a style=\"color: #000000;text-decoration: underline\" href=\"https:\/\/wp.ufpel.edu.br\/proplad\/files\/2014\/10\/Manual-ENADE-2016.pdf\">Manual &#8211; ENADE 2016<\/a>\u00a0 \u00a0 \u00a0 \u00a0 \u00a0\u00a0<a style=\"color: #000000;text-decoration: underline\" href=\"https:\/\/wp.ufpel.edu.br\/proplad\/files\/2014\/10\/Portaria-Normativa-2016.pdf\">Portaria Normativa 2016<\/a>\u00a0<\/span><\/p>\n<p style=\"color: #666666\"><span style=\"color: #000000\"><strong><span style=\"font-size: 14pt;font-family: 'times new roman', times, serif\">ENADE 2015<\/span><\/strong><\/span><\/p>\n<p style=\"color: #666666\"><span style=\"color: #000000;font-size: 12pt\"><span style=\"font-family: 'times new roman', times, serif\"><a style=\"color: #000000\" href=\"https:\/\/wp.ufpel.edu.br\/proplad\/files\/2014\/10\/Manual-ENADE-2015.pdf\">Manual &#8211; ENADE 2015<\/a>\u00a0 \u00a0 \u00a0 \u00a0 \u00a0\u00a0<a style=\"color: #000000\" href=\"https:\/\/wp.ufpel.edu.br\/proplad\/files\/2014\/10\/Portaria-Normativa-2015.pdf\">Portaria Normativa 2015<\/a><\/span><\/span><\/p>\n<p style=\"color: #666666\"><span style=\"color: #000000\"><strong><span style=\"font-size: 14pt;font-family: 'times new roman', times, serif\">ENADE 2014<\/span><\/strong><\/span><\/p>\n<p style=\"color: #666666\"><span style=\"font-family: 'times new roman', times, serif;font-size: 12pt;color: #000000\"><a style=\"color: #000000\" href=\"https:\/\/wp.ufpel.edu.br\/proplad\/files\/2014\/10\/Manual-ENADE-2014-1.pdf\">Manual &#8211; ENADE 2014<\/a>\u00a0\u00a0 \u00a0 \u00a0 \u00a0 \u00a0<a style=\"color: #000000\" href=\"https:\/\/wp.ufpel.edu.br\/proplad\/files\/2014\/10\/Portaria-Normativa-2014.pdf\">Portaria Normativa 2014<\/a>\u00a0\u00a0 \u00a0 \u00a0 \u00a0 \u00a0<a style=\"color: #000000\" href=\"https:\/\/wp.ufpel.edu.br\/proplad\/files\/2014\/10\/Relatorio-IES-2014.pdf\">Relat\u00f3rio IES &#8211; 2014<\/a><\/span><\/p>\n<p style=\"color: #666666\"><span style=\"color: #000000\"><strong><span style=\"font-size: 14pt;font-family: 'times new roman', times, serif\">ENADE 2013<\/span><\/strong><\/span><\/p>\n<p style=\"color: #666666\"><span style=\"font-family: 'times new roman', times, serif;font-size: 12pt;color: #000000\">\u00a0<a style=\"color: #000000\" href=\"https:\/\/wp.ufpel.edu.br\/proplad\/files\/2014\/10\/Manual-ENADE-2013.pdf\">Manual &#8211; ENADE 2013<\/a>\u00a0\u00a0\u00a0\u00a0 \u00a0 \u00a0 \u00a0<a style=\"color: #000000\" href=\"https:\/\/wp.ufpel.edu.br\/proplad\/files\/2014\/10\/Portaria-Normativa-2013.pdf\">Portaria Normativa 2013<\/a> \u00a0\u00a0 \u00a0 \u00a0 \u00a0\u00a0<a style=\"color: #000000\" href=\"https:\/\/wp.ufpel.edu.br\/proplad\/files\/2014\/10\/Relatorio-IES-2013.pdf\">Relat\u00f3rio IES &#8211; 2013<\/a><\/span><\/p>\n<p style=\"color: #666666\"><span style=\"color: #000000\"><strong><span style=\"font-size: 14pt;font-family: 'times new roman', times, serif\">ENADE 2012<\/span><\/strong><\/span><\/p>\n<p style=\"color: #666666\"><span style=\"font-family: 'times new roman', times, serif;font-size: 12pt;color: #000000\"><a style=\"color: #000000\" href=\"https:\/\/wp.ufpel.edu.br\/proplad\/files\/2014\/10\/Manual-ENADE-2012.pdf\">Manual &#8211; ENADE 2012<\/a> \u00a0 \u00a0 \u00a0 \u00a0 \u00a0\u00a0<a style=\"color: #000000\" href=\"https:\/\/wp.ufpel.edu.br\/proplad\/files\/2014\/10\/Portaria-Normativa-2012.pdf\">Portaria Normativa 2012<\/a> \u00a0 \u00a0 \u00a0 \u00a0 \u00a0<a style=\"color: #000000\" href=\"https:\/\/wp.ufpel.edu.br\/proplad\/files\/2014\/10\/Relatorio-IES-2012.pdf\">Relat\u00f3rio IES &#8211; 2012<\/a><\/span><\/p>\n<p style=\"color: #666666\"><span style=\"color: #000000\"><strong><span style=\"font-size: 14pt;font-family: 'times new roman', times, serif\">ENADE 2011<\/span><\/strong><\/span><\/p>\n<p style=\"color: #666666\"><span style=\"font-size: 12pt;font-family: 'times new roman', times, serif;color: #000000\"><a style=\"color: #000000\" href=\"https:\/\/wp.ufpel.edu.br\/proplad\/files\/2014\/10\/Manual-ENADE-2011.pdf\">Manual &#8211; ENADE 2011<\/a> \u00a0 \u00a0 \u00a0 \u00a0 \u00a0\u00a0<a style=\"color: #000000\" href=\"https:\/\/wp.ufpel.edu.br\/proplad\/files\/2014\/10\/Portaria-Normativa-2011.pdf\">Portaria Normativa 2011<\/a> \u00a0 \u00a0 \u00a0 \u00a0 \u00a0\u00a0<a style=\"color: #000000\" href=\"https:\/\/wp.ufpel.edu.br\/proplad\/files\/2014\/10\/Relatorio-IES-2011.pdf\">Relat\u00f3rio IES &#8211; 2011<\/a><\/span><\/p>\n<p style=\"color: #666666\">\n<p style=\"color: #666666\"><span style=\"color: #000000\"><strong><span style=\"text-decoration: underline\">Recredenciamento Institucional<\/span><\/strong><\/span><\/p>\n<p style=\"color: #666666\"><span style=\"color: #000000\"><a style=\"color: #000000\" href=\"https:\/\/wp.ufpel.edu.br\/proplad\/files\/2014\/10\/Relatorio-final-de-avaliacao-in-loco.pdf\">Relat\u00f3rio Avalia\u00e7\u00e3o Campus Pelotas &#8211; Maio 2017<\/a><\/span><\/p>\n","protected":false},"excerpt":{"rendered":"<p>Nos links abaixo, voc\u00ea pode encontrar informa\u00e7\u00f5es sobre os indicadores da UFPel &#8211; IGC, CPC e conceito ENADE, assim como notas obtidas pelos cursos da universidade nas diversas avalia\u00e7\u00f5es.\u00a0 Em rela\u00e7\u00e3o \u00e0s avalia\u00e7\u00f5es externas, a Universidade Federal de Pelotas se encontra em processo de Recredenciamento junto ao MEC. At\u00e9 o momento, a Institui\u00e7\u00e3o j\u00e1 recebeu [&hellip;]<\/p>\n","protected":false},"author":1353,"featured_media":0,"parent":1043,"menu_order":0,"comment_status":"closed","ping_status":"closed","template":"","meta":{"jetpack_post_was_ever_published":false,"footnotes":""},"class_list":["post-1306","page","type-page","status-publish","hentry"],"jetpack_sharing_enabled":true,"_links":{"self":[{"href":"https:\/\/wp.ufpel.edu.br\/proplad\/wp-json\/wp\/v2\/pages\/1306","targetHints":{"allow":["GET"]}}],"collection":[{"href":"https:\/\/wp.ufpel.edu.br\/proplad\/wp-json\/wp\/v2\/pages"}],"about":[{"href":"https:\/\/wp.ufpel.edu.br\/proplad\/wp-json\/wp\/v2\/types\/page"}],"author":[{"embeddable":true,"href":"https:\/\/wp.ufpel.edu.br\/proplad\/wp-json\/wp\/v2\/users\/1353"}],"replies":[{"embeddable":true,"href":"https:\/\/wp.ufpel.edu.br\/proplad\/wp-json\/wp\/v2\/comments?post=1306"}],"version-history":[{"count":0,"href":"https:\/\/wp.ufpel.edu.br\/proplad\/wp-json\/wp\/v2\/pages\/1306\/revisions"}],"up":[{"embeddable":true,"href":"https:\/\/wp.ufpel.edu.br\/proplad\/wp-json\/wp\/v2\/pages\/1043"}],"wp:attachment":[{"href":"https:\/\/wp.ufpel.edu.br\/proplad\/wp-json\/wp\/v2\/media?parent=1306"}],"curies":[{"name":"wp","href":"https:\/\/api.w.org\/{rel}","templated":true}]}}