{"id":1205,"date":"2014-07-14T14:31:48","date_gmt":"2014-07-14T17:31:48","guid":{"rendered":"https:\/\/wp.ufpel.edu.br\/proplan\/?page_id=1205"},"modified":"2014-07-14T14:31:48","modified_gmt":"2014-07-14T17:31:48","slug":"proequip2014","status":"publish","type":"page","link":"https:\/\/wp.ufpel.edu.br\/proplad\/cdit\/proequip2014\/","title":{"rendered":"Proequip 2014"},"content":{"rendered":"<p class=\"corTexto\" style=\"color: #27a9e1\"><span style=\"font-family: arial, helvetica, sans-serif;font-size: 10pt;color: #000000\"><strong>Nesta p\u00e1gina, encontram-se as informa\u00e7\u00f5es relativas ao Edital PROEQUIP PROPLAN\/PRG 001\/2014.<\/strong><\/span><\/p>\n<p class=\"corTexto\" style=\"color: #27a9e1\"><span style=\"font-family: arial, helvetica, sans-serif;font-size: 10pt;color: #000000\"><strong>Not\u00edcias<\/strong><\/span><\/p>\n<ul>\n<li><span style=\"font-size: 10pt;font-family: arial, helvetica, sans-serif;color: #000000\"><a style=\"font-weight: inherit;font-style: inherit;color: #000000\" href=\"https:\/\/wp.ufpel.edu.br\/proplan\/2014\/05\/02\/ufpel-torna-publico-edital-proequip-2014\/\" target=\"_blank\">UFPel torna p\u00fablico Edital PROEQUIP 2014<\/a>\u00a0(02\/05\/2014)<\/span><\/li>\n<li><span style=\"font-size: 10pt;font-family: arial, helvetica, sans-serif;color: #000000\"><a style=\"font-weight: inherit;font-style: inherit;color: #000000\" href=\"https:\/\/wp.ufpel.edu.br\/proplan\/2014\/06\/18\/proequip-2014-publicada-lista-de-projetos-homologados-para-a-etapa-de-julgamento\/\" target=\"_blank\">Publicada lista de projetos homologados para a etapa de julgamento<\/a>\u00a0(18\/06\/2014)<\/span><\/li>\n<li><span style=\"font-size: 10pt;font-family: arial, helvetica, sans-serif;color: #000000\"><a style=\"font-weight: inherit;font-style: inherit;color: #000000\" href=\"https:\/\/wp.ufpel.edu.br\/proplan\/2014\/06\/27\/proequip-2014-publicada-nova-lista-de-projetos-homologados-para-a-etapa-de-julgamento-apos-recursos\/\" target=\"_blank\">Publicada nova lista de projetos homologados para a etapa de julgamento ap\u00f3s recursos<\/a>\u00a0(27\/06\/2014)<\/span><\/li>\n<li><span style=\"font-size: 10pt;font-family: arial, helvetica, sans-serif;color: #000000\"><a style=\"font-weight: inherit;font-style: inherit;color: #000000\" href=\"https:\/\/wp.ufpel.edu.br\/proplan\/2014\/07\/10\/resultado-final-proequip-2014\/\" target=\"_blank\">Resultado final PROEQUIP 2014<\/a>\u00a0(10\/07\/2014)<\/span><\/li>\n<\/ul>\n<h1 class=\"corTexto\" style=\"color: #27a9e1\"><span style=\"font-family: arial, helvetica, sans-serif;font-size: 10pt;color: #000000\"><strong>Documentos<\/strong><\/span><\/h1>\n<ul>\n<li><span style=\"font-size: 10pt;font-family: arial, helvetica, sans-serif;color: #000000\"><a style=\"color: #000000\" href=\"https:\/\/wp.ufpel.edu.br\/proplad\/files\/2014\/07\/Edital-PROEQUIP-2014.pdf\" target=\"_blank\">Edital PROEQUIP 2014<\/a><\/span><\/li>\n<li><span style=\"font-size: 10pt;font-family: arial, helvetica, sans-serif;color: #000000\"><a style=\"color: #000000\" href=\"https:\/\/wp.ufpel.edu.br\/proplad\/files\/2014\/07\/Avaliacao-final-publicacao-pos-recursos1.pdf\" target=\"_blank\">Avalia\u00e7\u00e3o final ap\u00f3s recursos<\/a><\/span><\/li>\n<\/ul>\n<h1 class=\"corTexto\" style=\"color: #27a9e1\"><span style=\"font-family: arial, helvetica, sans-serif;font-size: 10pt;color: #000000\"><strong>Link para acesso ao sistema de cadastro de pedidos<\/strong><\/span><\/h1>\n<p style=\"padding-left: 30px\"><span style=\"font-size: 10pt;font-family: arial, helvetica, sans-serif;color: #000000\"><a style=\"color: #000000\" href=\"http:\/\/ninfi.ufpel.edu.br\/proequip\" target=\"_blank\">http:\/\/ninfi.ufpel.edu.br\/proequip<\/a><\/span><\/p>\n<h1 class=\"corTexto\" style=\"color: #27a9e1\"><span style=\"font-family: arial, helvetica, sans-serif;font-size: 10pt;color: #000000\"><strong>Arquivos para download<\/strong><\/span><\/h1>\n<ul>\n<li><span style=\"font-size: 10pt;font-family: arial, helvetica, sans-serif;color: #000000\"><a style=\"color: #000000\" href=\"https:\/\/wp.ufpel.edu.br\/proplad\/files\/2014\/07\/Pedido-Bibliografia-PROEQUIP2014.xlsx\" target=\"_blank\">Planilha para pedido de aquisi\u00e7\u00e3o de livros<\/a><\/span><\/li>\n<li><span style=\"font-size: 10pt;font-family: arial, helvetica, sans-serif;color: #000000\"><a style=\"color: #000000\" href=\"https:\/\/wp.ufpel.edu.br\/proplad\/files\/2014\/07\/PROEQUIP-Pedido-e-Termo-de-Referencia.doc\" target=\"_blank\">Pedido e Termo de Refer\u00eancia<\/a><\/span><\/li>\n<li><span style=\"font-size: 10pt;font-family: arial, helvetica, sans-serif;color: #000000\"><a style=\"color: #000000\" href=\"https:\/\/wp.ufpel.edu.br\/proplad\/files\/2014\/07\/PROEQUIP-Pedido-Empenho-Computador.xlsx\" target=\"_blank\">Pedido Empenho Computador<\/a><\/span><\/li>\n<li><span style=\"font-size: 10pt;font-family: arial, helvetica, sans-serif;color: #000000\"><a style=\"color: #000000\" href=\"https:\/\/wp.ufpel.edu.br\/proplad\/files\/2014\/07\/PROEQUIP-Planilha-Media.xlsx\" target=\"_blank\">Planilha M\u00e9dia<\/a><\/span><\/li>\n<\/ul>\n","protected":false},"excerpt":{"rendered":"<p>Nesta p\u00e1gina, encontram-se as informa\u00e7\u00f5es relativas ao Edital PROEQUIP PROPLAN\/PRG 001\/2014. Not\u00edcias UFPel torna p\u00fablico Edital PROEQUIP 2014\u00a0(02\/05\/2014) Publicada lista de projetos homologados para a etapa de julgamento\u00a0(18\/06\/2014) Publicada nova lista de projetos homologados para a etapa de julgamento ap\u00f3s recursos\u00a0(27\/06\/2014) Resultado final PROEQUIP 2014\u00a0(10\/07\/2014) Documentos Edital PROEQUIP 2014 Avalia\u00e7\u00e3o final ap\u00f3s recursos Link para [&hellip;]<\/p>\n","protected":false},"author":1353,"featured_media":0,"parent":136,"menu_order":0,"comment_status":"closed","ping_status":"closed","template":"","meta":{"jetpack_post_was_ever_published":false,"footnotes":""},"class_list":["post-1205","page","type-page","status-publish","hentry"],"jetpack_sharing_enabled":true,"_links":{"self":[{"href":"https:\/\/wp.ufpel.edu.br\/proplad\/wp-json\/wp\/v2\/pages\/1205","targetHints":{"allow":["GET"]}}],"collection":[{"href":"https:\/\/wp.ufpel.edu.br\/proplad\/wp-json\/wp\/v2\/pages"}],"about":[{"href":"https:\/\/wp.ufpel.edu.br\/proplad\/wp-json\/wp\/v2\/types\/page"}],"author":[{"embeddable":true,"href":"https:\/\/wp.ufpel.edu.br\/proplad\/wp-json\/wp\/v2\/users\/1353"}],"replies":[{"embeddable":true,"href":"https:\/\/wp.ufpel.edu.br\/proplad\/wp-json\/wp\/v2\/comments?post=1205"}],"version-history":[{"count":0,"href":"https:\/\/wp.ufpel.edu.br\/proplad\/wp-json\/wp\/v2\/pages\/1205\/revisions"}],"up":[{"embeddable":true,"href":"https:\/\/wp.ufpel.edu.br\/proplad\/wp-json\/wp\/v2\/pages\/136"}],"wp:attachment":[{"href":"https:\/\/wp.ufpel.edu.br\/proplad\/wp-json\/wp\/v2\/media?parent=1205"}],"curies":[{"name":"wp","href":"https:\/\/api.w.org\/{rel}","templated":true}]}}