{"id":1051,"date":"2013-11-25T12:55:14","date_gmt":"2013-11-25T14:55:14","guid":{"rendered":"https:\/\/wp.ufpel.edu.br\/prpd\/?page_id=1051"},"modified":"2013-11-25T12:55:14","modified_gmt":"2013-11-25T14:55:14","slug":"secao-de-assessoria-a-gestao-de-cursos","status":"publish","type":"page","link":"https:\/\/wp.ufpel.edu.br\/proplad\/secao-de-assessoria-a-gestao-de-cursos\/","title":{"rendered":"Se\u00e7\u00e3o de Assessoria \u00e0 Gest\u00e3o de Cursos"},"content":{"rendered":"<p><span style=\"font-family: arial, helvetica, sans-serif;font-size: 10pt;color: #000000\">S\u00e3o atribui\u00e7\u00f5es da Se\u00e7\u00e3o de Assessoria \u00e0 Gest\u00e3o de Cursos:<\/span><\/p>\n<ul>\n<li><span style=\"font-family: arial, helvetica, sans-serif;font-size: 10pt;color: #000000\">Assessorar no desenvolvimento de metodologias que alimentem e qualifiquem a gest\u00e3o de Coordena\u00e7\u00f5es de cursos de gradua\u00e7\u00e3o.<\/span><\/li>\n<\/ul>\n","protected":false},"excerpt":{"rendered":"<p>S\u00e3o atribui\u00e7\u00f5es da Se\u00e7\u00e3o de Assessoria \u00e0 Gest\u00e3o de Cursos: Assessorar no desenvolvimento de metodologias que alimentem e qualifiquem a gest\u00e3o de Coordena\u00e7\u00f5es de cursos de gradua\u00e7\u00e3o.<\/p>\n","protected":false},"author":1353,"featured_media":0,"parent":0,"menu_order":0,"comment_status":"closed","ping_status":"open","template":"","meta":{"jetpack_post_was_ever_published":false,"footnotes":""},"class_list":["post-1051","page","type-page","status-publish","hentry"],"jetpack_sharing_enabled":true,"_links":{"self":[{"href":"https:\/\/wp.ufpel.edu.br\/proplad\/wp-json\/wp\/v2\/pages\/1051","targetHints":{"allow":["GET"]}}],"collection":[{"href":"https:\/\/wp.ufpel.edu.br\/proplad\/wp-json\/wp\/v2\/pages"}],"about":[{"href":"https:\/\/wp.ufpel.edu.br\/proplad\/wp-json\/wp\/v2\/types\/page"}],"author":[{"embeddable":true,"href":"https:\/\/wp.ufpel.edu.br\/proplad\/wp-json\/wp\/v2\/users\/1353"}],"replies":[{"embeddable":true,"href":"https:\/\/wp.ufpel.edu.br\/proplad\/wp-json\/wp\/v2\/comments?post=1051"}],"version-history":[{"count":0,"href":"https:\/\/wp.ufpel.edu.br\/proplad\/wp-json\/wp\/v2\/pages\/1051\/revisions"}],"wp:attachment":[{"href":"https:\/\/wp.ufpel.edu.br\/proplad\/wp-json\/wp\/v2\/media?parent=1051"}],"curies":[{"name":"wp","href":"https:\/\/api.w.org\/{rel}","templated":true}]}}