{"id":1049,"date":"2013-11-25T12:54:04","date_gmt":"2013-11-25T14:54:04","guid":{"rendered":"https:\/\/wp.ufpel.edu.br\/prpd\/?page_id=1049"},"modified":"2013-11-25T12:54:04","modified_gmt":"2013-11-25T14:54:04","slug":"nucleo-de-acompanhamento-e-apoio-as-coordenacoes-de-cursos","status":"publish","type":"page","link":"https:\/\/wp.ufpel.edu.br\/proplad\/nucleo-de-acompanhamento-e-apoio-as-coordenacoes-de-cursos\/","title":{"rendered":"N\u00facleo de Acompanhamento e Apoio \u00e0s Coordena\u00e7\u00f5es de Cursos"},"content":{"rendered":"<p><span style=\"font-family: arial, helvetica, sans-serif;font-size: 10pt;color: #000000\">S\u00e3o atribui\u00e7\u00f5es do N\u00facleo de Acompanhamento e Apoio as Coordena\u00e7\u00f5es de Cursos:<\/span><\/p>\n<ul>\n<li><span style=\"font-family: arial, helvetica, sans-serif;font-size: 10pt;color: #000000\">Acompanhar e assessorar as Coordena\u00e7\u00f5es de cursos nos atos de reconhecimento e renova\u00e7\u00e3o de reconhecimento dos cursos de gradua\u00e7\u00e3o e sequenciais, presenciais e a dist\u00e2ncia, valendo-se de informa\u00e7\u00f5es institucionais, como a auto-avalia\u00e7\u00e3o produzida pela CPA e instrumentos de avalia\u00e7\u00e3o do MEC;<\/span><\/li>\n<li><span style=\"font-family: arial, helvetica, sans-serif;font-size: 10pt;color: #000000\">Acompanhar e colaborar com as Coordena\u00e7\u00f5es de cursos, desenvolvendo e disseminando, junto aos Coordenadores, metodologias para a melhoria dos padr\u00f5es de qualidade da educa\u00e7\u00e3o superior que alimentem o planejamento e a gesta\u0303o institucional e educacional.<\/span><\/li>\n<\/ul>\n","protected":false},"excerpt":{"rendered":"<p>S\u00e3o atribui\u00e7\u00f5es do N\u00facleo de Acompanhamento e Apoio as Coordena\u00e7\u00f5es de Cursos: Acompanhar e assessorar as Coordena\u00e7\u00f5es de cursos nos atos de reconhecimento e renova\u00e7\u00e3o de reconhecimento dos cursos de gradua\u00e7\u00e3o e sequenciais, presenciais e a dist\u00e2ncia, valendo-se de informa\u00e7\u00f5es institucionais, como a auto-avalia\u00e7\u00e3o produzida pela CPA e instrumentos de avalia\u00e7\u00e3o do MEC; Acompanhar e [&hellip;]<\/p>\n","protected":false},"author":1353,"featured_media":0,"parent":0,"menu_order":0,"comment_status":"closed","ping_status":"open","template":"","meta":{"jetpack_post_was_ever_published":false,"footnotes":""},"class_list":["post-1049","page","type-page","status-publish","hentry"],"jetpack_sharing_enabled":true,"_links":{"self":[{"href":"https:\/\/wp.ufpel.edu.br\/proplad\/wp-json\/wp\/v2\/pages\/1049","targetHints":{"allow":["GET"]}}],"collection":[{"href":"https:\/\/wp.ufpel.edu.br\/proplad\/wp-json\/wp\/v2\/pages"}],"about":[{"href":"https:\/\/wp.ufpel.edu.br\/proplad\/wp-json\/wp\/v2\/types\/page"}],"author":[{"embeddable":true,"href":"https:\/\/wp.ufpel.edu.br\/proplad\/wp-json\/wp\/v2\/users\/1353"}],"replies":[{"embeddable":true,"href":"https:\/\/wp.ufpel.edu.br\/proplad\/wp-json\/wp\/v2\/comments?post=1049"}],"version-history":[{"count":0,"href":"https:\/\/wp.ufpel.edu.br\/proplad\/wp-json\/wp\/v2\/pages\/1049\/revisions"}],"wp:attachment":[{"href":"https:\/\/wp.ufpel.edu.br\/proplad\/wp-json\/wp\/v2\/media?parent=1049"}],"curies":[{"name":"wp","href":"https:\/\/api.w.org\/{rel}","templated":true}]}}