{"id":1047,"date":"2013-11-25T12:53:04","date_gmt":"2013-11-25T14:53:04","guid":{"rendered":"https:\/\/wp.ufpel.edu.br\/prpd\/?page_id=1047"},"modified":"2013-11-25T12:53:04","modified_gmt":"2013-11-25T14:53:04","slug":"secao-de-regulacao-de-cursos-de-graduacao","status":"publish","type":"page","link":"https:\/\/wp.ufpel.edu.br\/proplad\/secao-de-regulacao-de-cursos-de-graduacao\/","title":{"rendered":"Se\u00e7\u00e3o de Regula\u00e7\u00e3o de Cursos de Gradua\u00e7\u00e3o"},"content":{"rendered":"<p><span style=\"font-family: arial, helvetica, sans-serif;font-size: 10pt;color: #000000\">S\u00e3o atribui\u00e7\u00f5es da Se\u00e7\u00e3o de Regula\u00e7\u00e3o dos Cursos de Gradua\u00e7\u00e3o:<\/span><\/p>\n<ul>\n<li><span style=\"font-family: arial, helvetica, sans-serif;font-size: 10pt;color: #000000\">Prover, monitorar e manter atualizados os dados institucionais nos diversos \u00f3rg\u00e3os de regula\u00e7\u00e3o e supervis\u00e3o do ensino superior.<\/span><\/li>\n<\/ul>\n","protected":false},"excerpt":{"rendered":"<p>S\u00e3o atribui\u00e7\u00f5es da Se\u00e7\u00e3o de Regula\u00e7\u00e3o dos Cursos de Gradua\u00e7\u00e3o: Prover, monitorar e manter atualizados os dados institucionais nos diversos \u00f3rg\u00e3os de regula\u00e7\u00e3o e supervis\u00e3o do ensino superior.<\/p>\n","protected":false},"author":1353,"featured_media":0,"parent":0,"menu_order":0,"comment_status":"closed","ping_status":"open","template":"","meta":{"jetpack_post_was_ever_published":false,"footnotes":""},"class_list":["post-1047","page","type-page","status-publish","hentry"],"jetpack_sharing_enabled":true,"_links":{"self":[{"href":"https:\/\/wp.ufpel.edu.br\/proplad\/wp-json\/wp\/v2\/pages\/1047","targetHints":{"allow":["GET"]}}],"collection":[{"href":"https:\/\/wp.ufpel.edu.br\/proplad\/wp-json\/wp\/v2\/pages"}],"about":[{"href":"https:\/\/wp.ufpel.edu.br\/proplad\/wp-json\/wp\/v2\/types\/page"}],"author":[{"embeddable":true,"href":"https:\/\/wp.ufpel.edu.br\/proplad\/wp-json\/wp\/v2\/users\/1353"}],"replies":[{"embeddable":true,"href":"https:\/\/wp.ufpel.edu.br\/proplad\/wp-json\/wp\/v2\/comments?post=1047"}],"version-history":[{"count":0,"href":"https:\/\/wp.ufpel.edu.br\/proplad\/wp-json\/wp\/v2\/pages\/1047\/revisions"}],"wp:attachment":[{"href":"https:\/\/wp.ufpel.edu.br\/proplad\/wp-json\/wp\/v2\/media?parent=1047"}],"curies":[{"name":"wp","href":"https:\/\/api.w.org\/{rel}","templated":true}]}}