{"id":1045,"date":"2013-11-25T12:52:21","date_gmt":"2013-11-25T14:52:21","guid":{"rendered":"https:\/\/wp.ufpel.edu.br\/prpd\/?page_id=1045"},"modified":"2013-11-25T12:52:21","modified_gmt":"2013-11-25T14:52:21","slug":"nucleo-de-gestao-dos-processos-regulatorios","status":"publish","type":"page","link":"https:\/\/wp.ufpel.edu.br\/proplad\/nucleo-de-gestao-dos-processos-regulatorios\/","title":{"rendered":"N\u00facleo de Gest\u00e3o dos Processos Regulat\u00f3rios"},"content":{"rendered":"<p><span style=\"font-family: arial, helvetica, sans-serif;font-size: 10pt;color: #000000\">S\u00e3o atribui\u00e7\u00f5es do N\u00facleo de Gest\u00e3o dos Processos Regulat\u00f3rios:<\/span><\/p>\n<ul>\n<li><span style=\"font-family: arial, helvetica, sans-serif;font-size: 10pt;color: #000000\">Manter e atualizar os dados institucionais relativos ao Sistema de Educa\u00e7\u00e3o Superior Nacional junto ao Minist\u00e9rio da Educa\u00e7\u00e3o;<\/span><\/li>\n<li><span style=\"font-family: arial, helvetica, sans-serif;font-size: 10pt;color: #000000\">Realizar a gest\u00e3o dos prazos, dados e informa\u00e7\u00f5es da Universidade, em geral, e dos seus cursos, em particular,\u00a0 nos correspondentes sistemas eletr\u00f4nicos do Minist\u00e9rio da Educa\u00e7\u00e3o e do Tribunal de Contas da Uni\u00e3o;<\/span><\/li>\n<li><span style=\"font-family: arial, helvetica, sans-serif;font-size: 10pt;color: #000000\">Gerar informa\u00e7\u00f5es institucionais visando contribuir no processo de planejamento e avalia\u00e7\u00e3o institucional.<\/span><\/li>\n<\/ul>\n","protected":false},"excerpt":{"rendered":"<p>S\u00e3o atribui\u00e7\u00f5es do N\u00facleo de Gest\u00e3o dos Processos Regulat\u00f3rios: Manter e atualizar os dados institucionais relativos ao Sistema de Educa\u00e7\u00e3o Superior Nacional junto ao Minist\u00e9rio da Educa\u00e7\u00e3o; Realizar a gest\u00e3o dos prazos, dados e informa\u00e7\u00f5es da Universidade, em geral, e dos seus cursos, em particular,\u00a0 nos correspondentes sistemas eletr\u00f4nicos do Minist\u00e9rio da Educa\u00e7\u00e3o e do [&hellip;]<\/p>\n","protected":false},"author":1353,"featured_media":0,"parent":0,"menu_order":0,"comment_status":"closed","ping_status":"open","template":"","meta":{"jetpack_post_was_ever_published":false,"footnotes":""},"class_list":["post-1045","page","type-page","status-publish","hentry"],"jetpack_sharing_enabled":true,"_links":{"self":[{"href":"https:\/\/wp.ufpel.edu.br\/proplad\/wp-json\/wp\/v2\/pages\/1045","targetHints":{"allow":["GET"]}}],"collection":[{"href":"https:\/\/wp.ufpel.edu.br\/proplad\/wp-json\/wp\/v2\/pages"}],"about":[{"href":"https:\/\/wp.ufpel.edu.br\/proplad\/wp-json\/wp\/v2\/types\/page"}],"author":[{"embeddable":true,"href":"https:\/\/wp.ufpel.edu.br\/proplad\/wp-json\/wp\/v2\/users\/1353"}],"replies":[{"embeddable":true,"href":"https:\/\/wp.ufpel.edu.br\/proplad\/wp-json\/wp\/v2\/comments?post=1045"}],"version-history":[{"count":0,"href":"https:\/\/wp.ufpel.edu.br\/proplad\/wp-json\/wp\/v2\/pages\/1045\/revisions"}],"wp:attachment":[{"href":"https:\/\/wp.ufpel.edu.br\/proplad\/wp-json\/wp\/v2\/media?parent=1045"}],"curies":[{"name":"wp","href":"https:\/\/api.w.org\/{rel}","templated":true}]}}