{"id":1043,"date":"2013-11-25T12:50:39","date_gmt":"2013-11-25T14:50:39","guid":{"rendered":"https:\/\/wp.ufpel.edu.br\/prpd\/?page_id=1043"},"modified":"2013-11-25T12:50:39","modified_gmt":"2013-11-25T14:50:39","slug":"corac","status":"publish","type":"page","link":"https:\/\/wp.ufpel.edu.br\/proplad\/corac\/","title":{"rendered":"Coordena\u00e7\u00e3o de Regula\u00e7\u00e3o e Acompanhamento"},"content":{"rendered":"<p style=\"color: #666666\"><span style=\"font-weight: inherit;font-style: inherit;color: #000000;font-family: arial, helvetica, sans-serif;font-size: 10pt\"><b style=\"font-style: inherit\">CORAC \u2013 Coordenadoria de Regula\u00e7\u00e3o e Acompanhamento<\/b><\/span><\/p>\n<p style=\"color: #666666\"><span style=\"font-weight: inherit;font-style: inherit;color: #000000;font-family: arial, helvetica, sans-serif;font-size: 10pt\"><strong style=\"font-style: inherit\">Apresenta\u00e7\u00e3o<\/strong><\/span><\/p>\n<p style=\"color: #666666\"><span style=\"font-weight: inherit;font-style: inherit;color: #000000;font-family: arial, helvetica, sans-serif;font-size: 10pt\">A Coordenadoria de Regula\u00e7\u00e3o e Acompanhamento \u00e9 composta pela Procuradoria Educacional Institucional e pelo N\u00facleo de Acompanhamento e Apoio aos Cursos de Gradua\u00e7\u00e3o.<b style=\"font-style: inherit\">\u00a0\u00a0<\/b><\/span><\/p>\n<p style=\"color: #666666\"><span style=\"font-weight: inherit;font-style: inherit;color: #000000;font-family: arial, helvetica, sans-serif;font-size: 10pt\">Suas atribui\u00e7\u00f5es s\u00e3o:<\/span><\/p>\n<ul style=\"color: #666666\">\n<li style=\"font-weight: inherit;font-style: inherit\"><span style=\"font-weight: inherit;font-style: inherit;color: #000000;font-family: arial, helvetica, sans-serif;font-size: 10pt\">Planejar, dirigir, coordenar e orientar as atividades de gest\u00e3o dos atos regulat\u00f3rios emitidos pelo Minist\u00e9rio da Educa\u00e7\u00e3o e suas autarquias;<\/span><\/li>\n<li style=\"font-weight: inherit;font-style: inherit\"><span style=\"font-weight: inherit;font-style: inherit;color: #000000;font-family: arial, helvetica, sans-serif;font-size: 10pt\">Apoiar e acompanhar as atividades de coordena\u00e7\u00f5es de cursos, com o compromisso de contribuir para a melhoria da qualidade de ensino e da gest\u00e3o, com vistas ao cumprimento da responsabilidade social da institui\u00e7\u00e3o;<\/span><\/li>\n<li style=\"font-weight: inherit;font-style: inherit\"><span style=\"font-weight: inherit;font-style: inherit;color: #000000;font-family: arial, helvetica, sans-serif;font-size: 10pt\">Apoiar as atividades desenvolvidas pela comiss\u00e3o permanente de avalia\u00e7\u00e3o<\/span><\/li>\n<\/ul>\n<p style=\"color: #666666\"><span style=\"font-weight: inherit;font-style: inherit;color: #000000;font-family: arial, helvetica, sans-serif;font-size: 10pt\"><b style=\"font-style: inherit\">Se\u00e7\u00e3o de Regula\u00e7\u00e3o dos Cursos de Gradua\u00e7\u00e3o<\/b><\/span><\/p>\n<p style=\"color: #666666\"><span style=\"font-weight: inherit;font-style: inherit;color: #000000;font-family: arial, helvetica, sans-serif;font-size: 10pt\">S\u00e3o atribui\u00e7\u00f5es da Se\u00e7\u00e3o de Regula\u00e7\u00e3o dos Cursos de Gradua\u00e7\u00e3o: prover, monitorar e manter atualizados os dados da institui\u00e7\u00e3o junto aos diversos \u00f3rg\u00e3os de regula\u00e7\u00e3o e supervis\u00e3o do ensino superior.<\/span><\/p>\n<p style=\"color: #666666\"><span style=\"font-weight: inherit;font-style: inherit;color: #000000;font-family: arial, helvetica, sans-serif;font-size: 10pt\"><b style=\"font-style: inherit\">Se\u00e7\u00e3o de Apoio \u00e0 Gest\u00e3o de Cursos<\/b><\/span><\/p>\n<p style=\"color: #666666\"><span style=\"font-weight: inherit;font-style: inherit;color: #000000;font-family: arial, helvetica, sans-serif;font-size: 10pt\">Apoiar no desenvolvimento de metodologias que alimentem e qualifiquem a gest\u00e3o de Coordena\u00e7\u00f5es de cursos de gradua\u00e7\u00e3o e seus colegiados.<\/span><\/p>\n","protected":false},"excerpt":{"rendered":"<p>CORAC \u2013 Coordenadoria de Regula\u00e7\u00e3o e Acompanhamento Apresenta\u00e7\u00e3o A Coordenadoria de Regula\u00e7\u00e3o e Acompanhamento \u00e9 composta pela Procuradoria Educacional Institucional e pelo N\u00facleo de Acompanhamento e Apoio aos Cursos de Gradua\u00e7\u00e3o.\u00a0\u00a0 Suas atribui\u00e7\u00f5es s\u00e3o: Planejar, dirigir, coordenar e orientar as atividades de gest\u00e3o dos atos regulat\u00f3rios emitidos pelo Minist\u00e9rio da Educa\u00e7\u00e3o e suas autarquias; Apoiar [&hellip;]<\/p>\n","protected":false},"author":1353,"featured_media":0,"parent":0,"menu_order":0,"comment_status":"closed","ping_status":"open","template":"","meta":{"jetpack_post_was_ever_published":false,"footnotes":""},"class_list":["post-1043","page","type-page","status-publish","hentry"],"jetpack_sharing_enabled":true,"_links":{"self":[{"href":"https:\/\/wp.ufpel.edu.br\/proplad\/wp-json\/wp\/v2\/pages\/1043","targetHints":{"allow":["GET"]}}],"collection":[{"href":"https:\/\/wp.ufpel.edu.br\/proplad\/wp-json\/wp\/v2\/pages"}],"about":[{"href":"https:\/\/wp.ufpel.edu.br\/proplad\/wp-json\/wp\/v2\/types\/page"}],"author":[{"embeddable":true,"href":"https:\/\/wp.ufpel.edu.br\/proplad\/wp-json\/wp\/v2\/users\/1353"}],"replies":[{"embeddable":true,"href":"https:\/\/wp.ufpel.edu.br\/proplad\/wp-json\/wp\/v2\/comments?post=1043"}],"version-history":[{"count":0,"href":"https:\/\/wp.ufpel.edu.br\/proplad\/wp-json\/wp\/v2\/pages\/1043\/revisions"}],"wp:attachment":[{"href":"https:\/\/wp.ufpel.edu.br\/proplad\/wp-json\/wp\/v2\/media?parent=1043"}],"curies":[{"name":"wp","href":"https:\/\/api.w.org\/{rel}","templated":true}]}}