{"id":1037,"date":"2013-11-25T12:45:38","date_gmt":"2013-11-25T14:45:38","guid":{"rendered":"https:\/\/wp.ufpel.edu.br\/prpd\/?page_id=1037"},"modified":"2013-11-25T12:45:38","modified_gmt":"2013-11-25T14:45:38","slug":"secao-de-elaboracao-de-projetos","status":"publish","type":"page","link":"https:\/\/wp.ufpel.edu.br\/proplad\/secao-de-elaboracao-de-projetos\/","title":{"rendered":"Se\u00e7\u00e3o de Elabora\u00e7\u00e3o de Projetos"},"content":{"rendered":"<p><span style=\"font-family: arial, helvetica, sans-serif;font-size: 10pt;color: #000000\">S\u00e3o atribui\u00e7\u00f5es da Se\u00e7\u00e3o de Elabora\u00e7\u00e3o de Projetos:<\/span><\/p>\n<ul>\n<li><span style=\"font-family: arial, helvetica, sans-serif;font-size: 10pt;color: #000000\">Prover informa\u00e7\u00f5es e assessorar na elabora\u00e7\u00e3o de projetos atendendo aos requisitos legais.<\/span><\/li>\n<\/ul>\n","protected":false},"excerpt":{"rendered":"<p>S\u00e3o atribui\u00e7\u00f5es da Se\u00e7\u00e3o de Elabora\u00e7\u00e3o de Projetos: Prover informa\u00e7\u00f5es e assessorar na elabora\u00e7\u00e3o de projetos atendendo aos requisitos legais.<\/p>\n","protected":false},"author":1353,"featured_media":0,"parent":0,"menu_order":0,"comment_status":"closed","ping_status":"open","template":"","meta":{"jetpack_post_was_ever_published":false,"footnotes":""},"class_list":["post-1037","page","type-page","status-publish","hentry"],"jetpack_sharing_enabled":true,"_links":{"self":[{"href":"https:\/\/wp.ufpel.edu.br\/proplad\/wp-json\/wp\/v2\/pages\/1037","targetHints":{"allow":["GET"]}}],"collection":[{"href":"https:\/\/wp.ufpel.edu.br\/proplad\/wp-json\/wp\/v2\/pages"}],"about":[{"href":"https:\/\/wp.ufpel.edu.br\/proplad\/wp-json\/wp\/v2\/types\/page"}],"author":[{"embeddable":true,"href":"https:\/\/wp.ufpel.edu.br\/proplad\/wp-json\/wp\/v2\/users\/1353"}],"replies":[{"embeddable":true,"href":"https:\/\/wp.ufpel.edu.br\/proplad\/wp-json\/wp\/v2\/comments?post=1037"}],"version-history":[{"count":0,"href":"https:\/\/wp.ufpel.edu.br\/proplad\/wp-json\/wp\/v2\/pages\/1037\/revisions"}],"wp:attachment":[{"href":"https:\/\/wp.ufpel.edu.br\/proplad\/wp-json\/wp\/v2\/media?parent=1037"}],"curies":[{"name":"wp","href":"https:\/\/api.w.org\/{rel}","templated":true}]}}