{"id":1035,"date":"2013-11-25T12:44:50","date_gmt":"2013-11-25T14:44:50","guid":{"rendered":"https:\/\/wp.ufpel.edu.br\/prpd\/?page_id=1035"},"modified":"2013-11-25T12:44:50","modified_gmt":"2013-11-25T14:44:50","slug":"neap","status":"publish","type":"page","link":"https:\/\/wp.ufpel.edu.br\/proplad\/cdit\/neap\/","title":{"rendered":"N\u00facleo de Elabora\u00e7\u00e3o e Acompanhamento de Projetos"},"content":{"rendered":"<p><span style=\"font-family: arial, helvetica, sans-serif;font-size: 10pt;color: #000000\">S\u00e3o atribui\u00e7\u00f5es do <strong>N\u00facleo de Elabora\u00e7\u00e3o e Acompanhamento de Projetos<\/strong>:<\/span><\/p>\n<ul>\n<li><span style=\"font-family: arial, helvetica, sans-serif;font-size: 10pt;color: #000000\">Identificar agentes financiadores, p\u00fablicos ou privados, capazes de\u00a0apoiar projetos institucionais;<\/span><\/li>\n<li><span style=\"font-family: arial, helvetica, sans-serif;font-size: 10pt;color: #000000\">Divulgar informa\u00e7\u00f5es sobre oportunidades de capta\u00e7\u00e3o de recursos;<\/span><\/li>\n<li><span style=\"font-family: arial, helvetica, sans-serif;font-size: 10pt;color: #000000\">Orientar e assessorar os coordenadores de projetos na elabora\u00e7\u00e3o e\u00a0encaminhamento dos processos de capta\u00e7\u00e3o de recursos junto aos\u00a0\u00f3rg\u00e3os de fomento;<\/span><\/li>\n<li><span style=\"font-family: arial, helvetica, sans-serif;font-size: 10pt;color: #000000\">Acompanhar a execu\u00e7\u00e3o de projetos;<\/span><\/li>\n<li><span style=\"font-family: arial, helvetica, sans-serif;font-size: 10pt;color: #000000\">Assessorar na elabora\u00e7\u00e3o de relat\u00f3rios peri\u00f3dicos dos projetos\u00a0financiados.<\/span><\/li>\n<\/ul>\n<p><span style=\"color: #000000\"><strong><span style=\"font-family: arial, helvetica, sans-serif;font-size: 10pt\">Equipe:<\/span><\/strong><\/span><br \/>\n<span style=\"font-family: arial, helvetica, sans-serif;font-size: 10pt;color: #000000\">Luciano \u00c1vila dos Santos\u00a0&#8211; Chefe do N\u00facleo de Elabora\u00e7\u00e3o e Acompanhamento de Projetos<\/span><br \/>\n<span style=\"font-family: arial, helvetica, sans-serif;font-size: 10pt;color: #000000\">Joice Pereira da Silva\u00a0&#8211; Chefe da Se\u00e7\u00e3o de Acompanhamento de Projetos<\/span><\/p>\n<p><span style=\"font-family: arial, helvetica, sans-serif;font-size: 10pt;color: #000000\"><strong>Telefone:<\/strong> (53) 3284-3956<\/span><br \/>\n<span style=\"font-family: arial, helvetica, sans-serif;font-size: 10pt;color: #000000\"><strong>e-mail:<\/strong> neap@proplan.ufpel.edu.br<\/span><\/p>\n","protected":false},"excerpt":{"rendered":"<p>S\u00e3o atribui\u00e7\u00f5es do N\u00facleo de Elabora\u00e7\u00e3o e Acompanhamento de Projetos: Identificar agentes financiadores, p\u00fablicos ou privados, capazes de\u00a0apoiar projetos institucionais; Divulgar informa\u00e7\u00f5es sobre oportunidades de capta\u00e7\u00e3o de recursos; Orientar e assessorar os coordenadores de projetos na elabora\u00e7\u00e3o e\u00a0encaminhamento dos processos de capta\u00e7\u00e3o de recursos junto aos\u00a0\u00f3rg\u00e3os de fomento; Acompanhar a execu\u00e7\u00e3o de projetos; Assessorar na [&hellip;]<\/p>\n","protected":false},"author":1353,"featured_media":0,"parent":136,"menu_order":0,"comment_status":"closed","ping_status":"closed","template":"","meta":{"jetpack_post_was_ever_published":false,"footnotes":""},"class_list":["post-1035","page","type-page","status-publish","hentry"],"jetpack_sharing_enabled":true,"_links":{"self":[{"href":"https:\/\/wp.ufpel.edu.br\/proplad\/wp-json\/wp\/v2\/pages\/1035","targetHints":{"allow":["GET"]}}],"collection":[{"href":"https:\/\/wp.ufpel.edu.br\/proplad\/wp-json\/wp\/v2\/pages"}],"about":[{"href":"https:\/\/wp.ufpel.edu.br\/proplad\/wp-json\/wp\/v2\/types\/page"}],"author":[{"embeddable":true,"href":"https:\/\/wp.ufpel.edu.br\/proplad\/wp-json\/wp\/v2\/users\/1353"}],"replies":[{"embeddable":true,"href":"https:\/\/wp.ufpel.edu.br\/proplad\/wp-json\/wp\/v2\/comments?post=1035"}],"version-history":[{"count":0,"href":"https:\/\/wp.ufpel.edu.br\/proplad\/wp-json\/wp\/v2\/pages\/1035\/revisions"}],"up":[{"embeddable":true,"href":"https:\/\/wp.ufpel.edu.br\/proplad\/wp-json\/wp\/v2\/pages\/136"}],"wp:attachment":[{"href":"https:\/\/wp.ufpel.edu.br\/proplad\/wp-json\/wp\/v2\/media?parent=1035"}],"curies":[{"name":"wp","href":"https:\/\/api.w.org\/{rel}","templated":true}]}}