{"id":1032,"date":"2013-11-25T12:42:58","date_gmt":"2013-11-25T14:42:58","guid":{"rendered":"https:\/\/wp.ufpel.edu.br\/prpd\/?page_id=1032"},"modified":"2013-11-25T12:42:58","modified_gmt":"2013-11-25T14:42:58","slug":"spo","status":"publish","type":"page","link":"https:\/\/wp.ufpel.edu.br\/proplad\/cdit\/spo\/","title":{"rendered":"Se\u00e7\u00e3o de Processos Organizacionais"},"content":{"rendered":"<p><span style=\"font-family: arial, helvetica, sans-serif;font-size: 10pt;color: #000000\">S\u00e3o atribui\u00e7\u00f5es da <strong>Se\u00e7\u00e3o de Processos Organizacionais<\/strong>:<\/span><\/p>\n<ul>\n<li><span style=\"font-family: arial, helvetica, sans-serif;font-size: 10pt;color: #000000\">Identificar os macroprocessos organizacionais da UFPel, mapeando-os e propondo suas redefini\u00e7\u00f5es;<\/span><\/li>\n<li><span style=\"font-family: arial, helvetica, sans-serif;font-size: 10pt;color: #000000\">Colaborar na defini\u00e7\u00e3o das necessidades de pessoal da UFPel.<\/span><\/li>\n<\/ul>\n<p><span style=\"color: #000000\"><strong><span style=\"font-family: arial, helvetica, sans-serif;font-size: 10pt\">Equipe:<\/span><\/strong><\/span><br \/>\n<span style=\"font-family: arial, helvetica, sans-serif;font-size: 10pt;color: #000000\"> Milton Luis Rodrigues Bresque &#8211; Chefe da Se\u00e7\u00e3o de Processos Organizacionais<\/span><br \/>\n<span style=\"font-family: arial, helvetica, sans-serif;font-size: 10pt;color: #000000\"> Rafaela Monteiro Soares &#8211; Estagi\u00e1ria<\/span><\/p>\n<p><span style=\"font-family: arial, helvetica, sans-serif;font-size: 10pt;color: #000000\"><strong>Telefone:<\/strong> (53) 3284-3957<\/span><\/p>\n","protected":false},"excerpt":{"rendered":"<p>S\u00e3o atribui\u00e7\u00f5es da Se\u00e7\u00e3o de Processos Organizacionais: Identificar os macroprocessos organizacionais da UFPel, mapeando-os e propondo suas redefini\u00e7\u00f5es; Colaborar na defini\u00e7\u00e3o das necessidades de pessoal da UFPel. Equipe: Milton Luis Rodrigues Bresque &#8211; Chefe da Se\u00e7\u00e3o de Processos Organizacionais Rafaela Monteiro Soares &#8211; Estagi\u00e1ria Telefone: (53) 3284-3957<\/p>\n","protected":false},"author":1353,"featured_media":0,"parent":136,"menu_order":0,"comment_status":"closed","ping_status":"closed","template":"","meta":{"jetpack_post_was_ever_published":false,"footnotes":""},"class_list":["post-1032","page","type-page","status-publish","hentry"],"jetpack_sharing_enabled":true,"_links":{"self":[{"href":"https:\/\/wp.ufpel.edu.br\/proplad\/wp-json\/wp\/v2\/pages\/1032","targetHints":{"allow":["GET"]}}],"collection":[{"href":"https:\/\/wp.ufpel.edu.br\/proplad\/wp-json\/wp\/v2\/pages"}],"about":[{"href":"https:\/\/wp.ufpel.edu.br\/proplad\/wp-json\/wp\/v2\/types\/page"}],"author":[{"embeddable":true,"href":"https:\/\/wp.ufpel.edu.br\/proplad\/wp-json\/wp\/v2\/users\/1353"}],"replies":[{"embeddable":true,"href":"https:\/\/wp.ufpel.edu.br\/proplad\/wp-json\/wp\/v2\/comments?post=1032"}],"version-history":[{"count":0,"href":"https:\/\/wp.ufpel.edu.br\/proplad\/wp-json\/wp\/v2\/pages\/1032\/revisions"}],"up":[{"embeddable":true,"href":"https:\/\/wp.ufpel.edu.br\/proplad\/wp-json\/wp\/v2\/pages\/136"}],"wp:attachment":[{"href":"https:\/\/wp.ufpel.edu.br\/proplad\/wp-json\/wp\/v2\/media?parent=1032"}],"curies":[{"name":"wp","href":"https:\/\/api.w.org\/{rel}","templated":true}]}}