{"id":1018,"date":"2013-11-25T12:27:42","date_gmt":"2013-11-25T14:27:42","guid":{"rendered":"https:\/\/wp.ufpel.edu.br\/prpd\/?page_id=1018"},"modified":"2013-11-25T12:27:42","modified_gmt":"2013-11-25T14:27:42","slug":"nucleo-de-planejamento-administrativo","status":"publish","type":"page","link":"https:\/\/wp.ufpel.edu.br\/proplad\/nucleo-de-planejamento-administrativo\/","title":{"rendered":"N\u00facleo de Planejamento Administrativo"},"content":{"rendered":"<p><span style=\"font-family: arial, helvetica, sans-serif;font-size: 10pt;color: #000000\">S\u00e3o atribui\u00e7\u00f5es do N\u00facleo de Planejamento Administrativo:<\/span><\/p>\n<ul>\n<li><span style=\"font-family: arial, helvetica, sans-serif;font-size: 10pt;color: #000000\">Avaliar viabilidade, identificar fontes de recursos e tra\u00e7ar estrat\u00e9gias para implementa\u00e7\u00e3o de projetos;<\/span><\/li>\n<li><span style=\"font-family: arial, helvetica, sans-serif;font-size: 10pt;color: #000000\">Coordenar, dimensionar e monitorar programas, planos e projetos;<\/span><\/li>\n<li><span style=\"font-family: arial, helvetica, sans-serif;font-size: 10pt;color: #000000\">Secretariar as atividades da Coordenadoria de Planejamento F\u00edsico;<\/span><\/li>\n<li><span style=\"font-family: arial, helvetica, sans-serif;font-size: 10pt;color: #000000\">Controlar o protocolo;<\/span><\/li>\n<li><span style=\"font-family: arial, helvetica, sans-serif;font-size: 10pt;color: #000000\">Organizar, arquivar documentos e processos de obras e licita\u00e7\u00f5es;<\/span><\/li>\n<li><span style=\"font-family: arial, helvetica, sans-serif;font-size: 10pt;color: #000000\">Auxiliar as atividades de pessoal;<\/span><\/li>\n<li><span style=\"font-family: arial, helvetica, sans-serif;font-size: 10pt;color: #000000\">Instruir processos licitat\u00f3rios com controle de prazos;<\/span><\/li>\n<li><span style=\"font-family: arial, helvetica, sans-serif;font-size: 10pt;color: #000000\">Elaborar relat\u00f3rios das atividades e dos planos de trabalho da Coordenadoria;<\/span><\/li>\n<li><span style=\"font-family: arial, helvetica, sans-serif;font-size: 10pt;color: #000000\">Manter e atualizar os dados institucionais relativos \u00e0s obras no Sistema Integrado de Monitoramento, Execu\u00e7\u00e3o e Controle (SIMEC) para o Minist\u00e9rio da Educa\u00e7\u00e3o.<\/span><\/li>\n<\/ul>\n","protected":false},"excerpt":{"rendered":"<p>S\u00e3o atribui\u00e7\u00f5es do N\u00facleo de Planejamento Administrativo: Avaliar viabilidade, identificar fontes de recursos e tra\u00e7ar estrat\u00e9gias para implementa\u00e7\u00e3o de projetos; Coordenar, dimensionar e monitorar programas, planos e projetos; Secretariar as atividades da Coordenadoria de Planejamento F\u00edsico; Controlar o protocolo; Organizar, arquivar documentos e processos de obras e licita\u00e7\u00f5es; Auxiliar as atividades de pessoal; Instruir processos [&hellip;]<\/p>\n","protected":false},"author":1353,"featured_media":0,"parent":0,"menu_order":0,"comment_status":"closed","ping_status":"open","template":"","meta":{"jetpack_post_was_ever_published":false,"footnotes":""},"class_list":["post-1018","page","type-page","status-publish","hentry"],"jetpack_sharing_enabled":true,"_links":{"self":[{"href":"https:\/\/wp.ufpel.edu.br\/proplad\/wp-json\/wp\/v2\/pages\/1018","targetHints":{"allow":["GET"]}}],"collection":[{"href":"https:\/\/wp.ufpel.edu.br\/proplad\/wp-json\/wp\/v2\/pages"}],"about":[{"href":"https:\/\/wp.ufpel.edu.br\/proplad\/wp-json\/wp\/v2\/types\/page"}],"author":[{"embeddable":true,"href":"https:\/\/wp.ufpel.edu.br\/proplad\/wp-json\/wp\/v2\/users\/1353"}],"replies":[{"embeddable":true,"href":"https:\/\/wp.ufpel.edu.br\/proplad\/wp-json\/wp\/v2\/comments?post=1018"}],"version-history":[{"count":0,"href":"https:\/\/wp.ufpel.edu.br\/proplad\/wp-json\/wp\/v2\/pages\/1018\/revisions"}],"wp:attachment":[{"href":"https:\/\/wp.ufpel.edu.br\/proplad\/wp-json\/wp\/v2\/media?parent=1018"}],"curies":[{"name":"wp","href":"https:\/\/api.w.org\/{rel}","templated":true}]}}