{"id":1015,"date":"2013-11-25T12:23:22","date_gmt":"2013-11-25T14:23:22","guid":{"rendered":"https:\/\/wp.ufpel.edu.br\/prpd\/?page_id=1015"},"modified":"2013-11-25T12:23:22","modified_gmt":"2013-11-25T14:23:22","slug":"secao-de-acompanhamento-de-despesas","status":"publish","type":"page","link":"https:\/\/wp.ufpel.edu.br\/proplad\/secao-de-acompanhamento-de-despesas\/","title":{"rendered":"Se\u00e7\u00e3o de Acompanhamento de Despesas"},"content":{"rendered":"<p><span style=\"font-family: arial, helvetica, sans-serif;font-size: 10pt;color: #000000\">S\u00e3o atribui\u00e7\u00f5es da Se\u00e7\u00e3o de Acompanhamento de Despesas:<\/span><\/p>\n<ul>\n<li><span style=\"font-family: arial, helvetica, sans-serif;font-size: 10pt;color: #000000\">Acompanhar a execu\u00e7\u00e3o de despesas cont\u00ednuas dos exerc\u00edcios atual e anterior e sua evolu\u00e7\u00e3o;<\/span><\/li>\n<li><span style=\"font-family: arial, helvetica, sans-serif;font-size: 10pt;color: #000000\">Acompanhar restos a pagar;<\/span><\/li>\n<li><span style=\"font-family: arial, helvetica, sans-serif;font-size: 10pt;color: #000000\">Acompanhar a arrecada\u00e7\u00e3o, a abertura de cr\u00e9dito e controlar a execu\u00e7\u00e3o de recursos devidamente arrecadados.<\/span><\/li>\n<\/ul>\n","protected":false},"excerpt":{"rendered":"<p>S\u00e3o atribui\u00e7\u00f5es da Se\u00e7\u00e3o de Acompanhamento de Despesas: Acompanhar a execu\u00e7\u00e3o de despesas cont\u00ednuas dos exerc\u00edcios atual e anterior e sua evolu\u00e7\u00e3o; Acompanhar restos a pagar; Acompanhar a arrecada\u00e7\u00e3o, a abertura de cr\u00e9dito e controlar a execu\u00e7\u00e3o de recursos devidamente arrecadados.<\/p>\n","protected":false},"author":1353,"featured_media":0,"parent":0,"menu_order":0,"comment_status":"closed","ping_status":"open","template":"","meta":{"jetpack_post_was_ever_published":false,"footnotes":""},"class_list":["post-1015","page","type-page","status-publish","hentry"],"jetpack_sharing_enabled":true,"_links":{"self":[{"href":"https:\/\/wp.ufpel.edu.br\/proplad\/wp-json\/wp\/v2\/pages\/1015","targetHints":{"allow":["GET"]}}],"collection":[{"href":"https:\/\/wp.ufpel.edu.br\/proplad\/wp-json\/wp\/v2\/pages"}],"about":[{"href":"https:\/\/wp.ufpel.edu.br\/proplad\/wp-json\/wp\/v2\/types\/page"}],"author":[{"embeddable":true,"href":"https:\/\/wp.ufpel.edu.br\/proplad\/wp-json\/wp\/v2\/users\/1353"}],"replies":[{"embeddable":true,"href":"https:\/\/wp.ufpel.edu.br\/proplad\/wp-json\/wp\/v2\/comments?post=1015"}],"version-history":[{"count":0,"href":"https:\/\/wp.ufpel.edu.br\/proplad\/wp-json\/wp\/v2\/pages\/1015\/revisions"}],"wp:attachment":[{"href":"https:\/\/wp.ufpel.edu.br\/proplad\/wp-json\/wp\/v2\/media?parent=1015"}],"curies":[{"name":"wp","href":"https:\/\/api.w.org\/{rel}","templated":true}]}}