{"id":24,"date":"2025-06-27T14:55:42","date_gmt":"2025-06-27T17:55:42","guid":{"rendered":"https:\/\/wp.ufpel.edu.br\/projetovlp3d\/?page_id=24"},"modified":"2025-08-13T15:32:16","modified_gmt":"2025-08-13T18:32:16","slug":"docentes","status":"publish","type":"page","link":"https:\/\/wp.ufpel.edu.br\/projetovlp3d\/docentes\/","title":{"rendered":"Docentes"},"content":{"rendered":"<p><img class=\" wp-image-75 alignleft\" src=\"https:\/\/wp.ufpel.edu.br\/labmicroo\/files\/2025\/06\/post-instagram-anu\u0301ncio-beba-a\u0301gua-moderno-lettering-ilustrac\u0327a\u0303o-azul-preto-e-branco-320x400.png\" alt=\"\" width=\"243\" height=\"304\" \/><\/p>\n<p>COORDENADOR DO PROJETO:<\/p>\n<p class=\"p1\">O Prof. Rafael Guerra Lund, docente da Faculdade de Odontologia da UFPel e bolsista de produtividade em Desenvolvimento Tecnol\u00f3gico (DT-1D\/CNPq), coordena o projeto de desenvolvimento de um videolaringosc\u00f3pio anat\u00f4mico de baixo custo, produzido por manufatura aditiva (impress\u00e3o 3D).<\/p>\n<p class=\"p1\">Com ampla experi\u00eancia em biomateriais, microbiologia aplicada e inova\u00e7\u00e3o em sa\u00fade. O professor Rafael lidera uma equipe multidisciplinar focada em criar um dispositivo acess\u00edvel, seguro e funcional para uso em ambientes cl\u00ednicos e de ensino.<\/p>\n<p class=\"p1\">O projeto integra pesquisa aplicada, prototipagem, testes laboratoriais e valida\u00e7\u00e3o em parceria com profissionais da sa\u00fade, visando contribuir com solu\u00e7\u00f5es tecnol\u00f3gicas nacionais voltadas \u00e0 biosseguran\u00e7a e \u00e0 amplia\u00e7\u00e3o do acesso a equipamentos m\u00e9dicos no Brasil.<\/p>\n<p>&nbsp;<\/p>\n<p><img class=\"wp-image-48 alignleft\" src=\"https:\/\/wp.ufpel.edu.br\/projetovlp3d\/files\/2025\/08\/IMG_1676-333x400.jpg\" alt=\"\" width=\"246\" height=\"295\" srcset=\"https:\/\/wp.ufpel.edu.br\/projetovlp3d\/files\/2025\/08\/IMG_1676-333x400.jpg 333w, https:\/\/wp.ufpel.edu.br\/projetovlp3d\/files\/2025\/08\/IMG_1676-852x1024.jpg 852w, https:\/\/wp.ufpel.edu.br\/projetovlp3d\/files\/2025\/08\/IMG_1676-768x923.jpg 768w, https:\/\/wp.ufpel.edu.br\/projetovlp3d\/files\/2025\/08\/IMG_1676.jpg 1170w\" sizes=\"(max-width: 246px) 100vw, 246px\" \/>DOUTORANDA:<\/p>\n<p>A prof. Dra. Ana Cristina Kraemer Moraes, docente da faculdade de medicina da UCPEL, formada em medicina, especialista em cirurgia pl\u00e1stica atua como doutoranda do projeto.<\/p>\n<p>Pesquisadora com vasto conhecimento em medicina, usabilidade e educa\u00e7\u00e3o, trabalha no desenvolvimento do videolaringosc\u00f3pio em manufatura aditiva iniciado por ela em 2020.<\/p>\n<p>O projeto conta com o apoio da UFPel e do CNPq.A Dra. Ana Cristina continua contribuindo ativamente no desenvolvimento do produto e nos testes de usabilidade, levando o VLP 3D ao pr\u00f3ximo n\u00edvel com tecnologia embarcada.<\/p>\n<p>&nbsp;<\/p>\n<p><img class=\"wp-image-50 alignleft\" src=\"https:\/\/wp.ufpel.edu.br\/projetovlp3d\/files\/2025\/08\/IMG_1677-325x400.jpg\" alt=\"\" width=\"251\" height=\"309\" srcset=\"https:\/\/wp.ufpel.edu.br\/projetovlp3d\/files\/2025\/08\/IMG_1677-325x400.jpg 325w, https:\/\/wp.ufpel.edu.br\/projetovlp3d\/files\/2025\/08\/IMG_1677-831x1024.jpg 831w, https:\/\/wp.ufpel.edu.br\/projetovlp3d\/files\/2025\/08\/IMG_1677-768x946.jpg 768w, https:\/\/wp.ufpel.edu.br\/projetovlp3d\/files\/2025\/08\/IMG_1677.jpg 1170w\" sizes=\"(max-width: 251px) 100vw, 251px\" \/>DESENVOLVIMENTO:<\/p>\n<p>A Dra. Andressa Barboza, doutora em Odontologia com \u00e1rea de concentra\u00e7\u00e3o em Biomateriais e Biologia Oral pela Universidade Federal de Pelotas (UFPel), integra a equipe de desenvolvimento do videolaringosc\u00f3pio anat\u00f4mico de baixo custo produzido por manufatura aditiva (impress\u00e3o 3D) e intelig\u00eancia artificial (IA).<\/p>\n<p>Com experi\u00eancia no desenvolvimento de biomateriais, propriedade intelectual e inova\u00e7\u00e3o tecnol\u00f3gica, ela atua na an\u00e1lise t\u00e9cnica, integra\u00e7\u00e3o de novas solu\u00e7\u00f5es e valida\u00e7\u00e3o de qualidade, ajudando a transformar o prot\u00f3tipo em um equipamento seguro e funcional para uso cl\u00ednico e educacional.<\/p>\n","protected":false},"excerpt":{"rendered":"<p>COORDENADOR DO PROJETO: O Prof. Rafael Guerra Lund, docente da Faculdade de Odontologia da UFPel e bolsista de produtividade em Desenvolvimento Tecnol\u00f3gico (DT-1D\/CNPq), coordena o projeto de desenvolvimento de um videolaringosc\u00f3pio anat\u00f4mico de baixo custo, produzido por manufatura aditiva (impress\u00e3o 3D). Com ampla experi\u00eancia em biomateriais, microbiologia aplicada e inova\u00e7\u00e3o em sa\u00fade. O professor Rafael [&hellip;]<\/p>\n","protected":false},"author":1092,"featured_media":0,"parent":0,"menu_order":0,"comment_status":"closed","ping_status":"closed","template":"","meta":{"footnotes":""},"class_list":["post-24","page","type-page","status-publish","hentry"],"_links":{"self":[{"href":"https:\/\/wp.ufpel.edu.br\/projetovlp3d\/wp-json\/wp\/v2\/pages\/24","targetHints":{"allow":["GET"]}}],"collection":[{"href":"https:\/\/wp.ufpel.edu.br\/projetovlp3d\/wp-json\/wp\/v2\/pages"}],"about":[{"href":"https:\/\/wp.ufpel.edu.br\/projetovlp3d\/wp-json\/wp\/v2\/types\/page"}],"author":[{"embeddable":true,"href":"https:\/\/wp.ufpel.edu.br\/projetovlp3d\/wp-json\/wp\/v2\/users\/1092"}],"replies":[{"embeddable":true,"href":"https:\/\/wp.ufpel.edu.br\/projetovlp3d\/wp-json\/wp\/v2\/comments?post=24"}],"version-history":[{"count":3,"href":"https:\/\/wp.ufpel.edu.br\/projetovlp3d\/wp-json\/wp\/v2\/pages\/24\/revisions"}],"predecessor-version":[{"id":51,"href":"https:\/\/wp.ufpel.edu.br\/projetovlp3d\/wp-json\/wp\/v2\/pages\/24\/revisions\/51"}],"wp:attachment":[{"href":"https:\/\/wp.ufpel.edu.br\/projetovlp3d\/wp-json\/wp\/v2\/media?parent=24"}],"curies":[{"name":"wp","href":"https:\/\/api.w.org\/{rel}","templated":true}]}}