{"id":21,"date":"2025-06-27T14:54:06","date_gmt":"2025-06-27T17:54:06","guid":{"rendered":"https:\/\/wp.ufpel.edu.br\/projetovlp3d\/?page_id=21"},"modified":"2025-08-13T16:19:18","modified_gmt":"2025-08-13T19:19:18","slug":"participe","status":"publish","type":"page","link":"https:\/\/wp.ufpel.edu.br\/projetovlp3d\/participe\/","title":{"rendered":"Participe"},"content":{"rendered":"<p><img class=\"wp-image-63 alignleft\" src=\"https:\/\/wp.ufpel.edu.br\/projetovlp3d\/files\/2025\/08\/IMG_1688-326x400.jpg\" alt=\"\" width=\"358\" height=\"439\" srcset=\"https:\/\/wp.ufpel.edu.br\/projetovlp3d\/files\/2025\/08\/IMG_1688-326x400.jpg 326w, https:\/\/wp.ufpel.edu.br\/projetovlp3d\/files\/2025\/08\/IMG_1688-835x1024.jpg 835w, https:\/\/wp.ufpel.edu.br\/projetovlp3d\/files\/2025\/08\/IMG_1688-768x941.jpg 768w, https:\/\/wp.ufpel.edu.br\/projetovlp3d\/files\/2025\/08\/IMG_1688.jpg 1170w\" sizes=\"(max-width: 358px) 100vw, 358px\" \/> <strong>Quais os requisitos para se inscrever?<\/strong><\/p>\n<p>Estar cursando o primeiro ou segundo ano do ensino m\u00e9dio, nas escolas parceiras do programa. Caso seja selecionado o estudante dever\u00e1:<\/p>\n<ul>\n<li>Cadastrar seu curr\u00edculo na plataforma Lattes (www.lattes.cnpq.br)<\/li>\n<li>Possuir conta corrente em seu nome no Banco do Brasil. A conta poder\u00e1 ser aberta ap\u00f3s a sele\u00e7\u00e3o. N\u00e3o s\u00e3o aceitas contas conjuntas nem contas poupan\u00e7a.<\/li>\n<\/ul>\n<p><strong>Como fa\u00e7o para me inscrever?<\/strong><\/p>\n<p>As inscri\u00e7\u00f5es podem ser feitas mediante preenchimento do formul\u00e1rio de inscri\u00e7\u00e3o dispon\u00edvel no link:<br \/>\n<a href=\"https:\/\/forms.gle\/HWxHbwyeT4ibyQc47\">https:\/\/forms.gle\/HWxHbwyeT4ibyQc47<\/a><\/p>\n<p>O prazo para inscri\u00e7\u00f5es encerra no dia 09\/08\/2025.<\/p>\n","protected":false},"excerpt":{"rendered":"<p>Quais os requisitos para se inscrever? Estar cursando o primeiro ou segundo ano do ensino m\u00e9dio, nas escolas parceiras do programa. Caso seja selecionado o estudante dever\u00e1: Cadastrar seu curr\u00edculo na plataforma Lattes (www.lattes.cnpq.br) Possuir conta corrente em seu nome no Banco do Brasil. A conta poder\u00e1 ser aberta ap\u00f3s a sele\u00e7\u00e3o. N\u00e3o s\u00e3o aceitas [&hellip;]<\/p>\n","protected":false},"author":1092,"featured_media":0,"parent":0,"menu_order":0,"comment_status":"closed","ping_status":"closed","template":"","meta":{"footnotes":""},"class_list":["post-21","page","type-page","status-publish","hentry"],"_links":{"self":[{"href":"https:\/\/wp.ufpel.edu.br\/projetovlp3d\/wp-json\/wp\/v2\/pages\/21","targetHints":{"allow":["GET"]}}],"collection":[{"href":"https:\/\/wp.ufpel.edu.br\/projetovlp3d\/wp-json\/wp\/v2\/pages"}],"about":[{"href":"https:\/\/wp.ufpel.edu.br\/projetovlp3d\/wp-json\/wp\/v2\/types\/page"}],"author":[{"embeddable":true,"href":"https:\/\/wp.ufpel.edu.br\/projetovlp3d\/wp-json\/wp\/v2\/users\/1092"}],"replies":[{"embeddable":true,"href":"https:\/\/wp.ufpel.edu.br\/projetovlp3d\/wp-json\/wp\/v2\/comments?post=21"}],"version-history":[{"count":3,"href":"https:\/\/wp.ufpel.edu.br\/projetovlp3d\/wp-json\/wp\/v2\/pages\/21\/revisions"}],"predecessor-version":[{"id":65,"href":"https:\/\/wp.ufpel.edu.br\/projetovlp3d\/wp-json\/wp\/v2\/pages\/21\/revisions\/65"}],"wp:attachment":[{"href":"https:\/\/wp.ufpel.edu.br\/projetovlp3d\/wp-json\/wp\/v2\/media?parent=21"}],"curies":[{"name":"wp","href":"https:\/\/api.w.org\/{rel}","templated":true}]}}