{"id":16,"date":"2025-06-27T14:52:52","date_gmt":"2025-06-27T17:52:52","guid":{"rendered":"https:\/\/wp.ufpel.edu.br\/projetovlp3d\/?page_id=16"},"modified":"2026-01-29T19:41:16","modified_gmt":"2026-01-29T22:41:16","slug":"atividades-realizadas","status":"publish","type":"page","link":"https:\/\/wp.ufpel.edu.br\/projetovlp3d\/atividades-realizadas\/","title":{"rendered":"Atividades realizadas"},"content":{"rendered":"<p>ATIVIDADES DE EXTENS\u00c3O:<\/p>\n<p>No dia 15\/05\/25 bolsistas do projeto realizaram uma oficina de treinamento em primeiros socorros para os colaboradores da Universidade Cat\u00f3lica de Pelotas, com treinamento em:<\/p>\n<ul>\n<li>Uso do DEA (Desfibrilador externo autom\u00e1tico)<\/li>\n<li>Manobra de RCP (ressuscita\u00e7\u00e3o cardiopulmonar)<\/li>\n<\/ul>\n<p><a href=\"https:\/\/wp.ufpel.edu.br\/labmicroo\/files\/2025\/06\/PHOTO-2025-06-27-12-59-58.jpg\"><img class=\"alignnone wp-image-49\" src=\"https:\/\/wp.ufpel.edu.br\/labmicroo\/files\/2025\/06\/PHOTO-2025-06-27-12-59-58-300x400.jpg\" alt=\"\" width=\"230\" height=\"307\" \/><\/a> <a href=\"https:\/\/wp.ufpel.edu.br\/labmicroo\/files\/2025\/06\/PHOTO-2025-06-27-12-59-57.jpg\"><img class=\"alignnone wp-image-50\" src=\"https:\/\/wp.ufpel.edu.br\/labmicroo\/files\/2025\/06\/PHOTO-2025-06-27-12-59-57-300x400.jpg\" alt=\"\" width=\"231\" height=\"308\" \/><\/a><\/p>\n<p>No dia 04\/07 \/25 a dra. Ana Cristina B. Kraemer de Moraes juntamente com bolsistas do projeto, promoveu um treinamento direcionado a atualiza\u00e7\u00e3o e\u00a0 aprimoramento da t\u00e9cnica de ressuscita\u00e7\u00e3o cardiopulmonar com a equipe de enfermeiros do Hospital Universit\u00e1rio S\u00e3o Francisco de Paula &#8211; Pelotas, RS.<\/p>\n<p><img class=\"alignnone wp-image-56\" src=\"https:\/\/wp.ufpel.edu.br\/projetovlp3d\/files\/2025\/08\/IMG_1685-2-336x400.jpg\" alt=\"\" width=\"279\" height=\"332\" srcset=\"https:\/\/wp.ufpel.edu.br\/projetovlp3d\/files\/2025\/08\/IMG_1685-2-336x400.jpg 336w, https:\/\/wp.ufpel.edu.br\/projetovlp3d\/files\/2025\/08\/IMG_1685-2-861x1024.jpg 861w, https:\/\/wp.ufpel.edu.br\/projetovlp3d\/files\/2025\/08\/IMG_1685-2-768x914.jpg 768w, https:\/\/wp.ufpel.edu.br\/projetovlp3d\/files\/2025\/08\/IMG_1685-2.jpg 1170w\" sizes=\"(max-width: 279px) 100vw, 279px\" \/><\/p>\n<p class=\"p1\"><span class=\"s1\">No dia 18\/01\/26, o Projeto VLP-3D participou de uma a\u00e7\u00e3o de extens\u00e3o durante a Parada Livre do Rio Grande. Foram realizadas oficinas de capacita\u00e7\u00e3o de desengasgo pedi\u00e1trico e de capacita\u00e7\u00e3o de desengasgo adulto.<\/span><\/p>\n<p><img class=\"alignnone wp-image-75\" src=\"https:\/\/wp.ufpel.edu.br\/projetovlp3d\/files\/2026\/01\/533359c1-e4e6-4cce-b837-9a485de2a805-300x400.jpeg\" alt=\"\" width=\"231\" height=\"308\" srcset=\"https:\/\/wp.ufpel.edu.br\/projetovlp3d\/files\/2026\/01\/533359c1-e4e6-4cce-b837-9a485de2a805-300x400.jpeg 300w, https:\/\/wp.ufpel.edu.br\/projetovlp3d\/files\/2026\/01\/533359c1-e4e6-4cce-b837-9a485de2a805-768x1024.jpeg 768w, https:\/\/wp.ufpel.edu.br\/projetovlp3d\/files\/2026\/01\/533359c1-e4e6-4cce-b837-9a485de2a805.jpeg 960w\" sizes=\"(max-width: 231px) 100vw, 231px\" \/> <img class=\"alignnone wp-image-76\" src=\"https:\/\/wp.ufpel.edu.br\/projetovlp3d\/files\/2026\/01\/0a37497a-48ba-4bdd-af98-d37b01c1812c-301x400.jpeg\" alt=\"\" width=\"231\" height=\"307\" srcset=\"https:\/\/wp.ufpel.edu.br\/projetovlp3d\/files\/2026\/01\/0a37497a-48ba-4bdd-af98-d37b01c1812c-301x400.jpeg 301w, https:\/\/wp.ufpel.edu.br\/projetovlp3d\/files\/2026\/01\/0a37497a-48ba-4bdd-af98-d37b01c1812c-770x1024.jpeg 770w, https:\/\/wp.ufpel.edu.br\/projetovlp3d\/files\/2026\/01\/0a37497a-48ba-4bdd-af98-d37b01c1812c-768x1021.jpeg 768w, https:\/\/wp.ufpel.edu.br\/projetovlp3d\/files\/2026\/01\/0a37497a-48ba-4bdd-af98-d37b01c1812c.jpeg 963w\" sizes=\"(max-width: 231px) 100vw, 231px\" \/><\/p>\n<p><img class=\"alignnone wp-image-77 size-medium\" src=\"https:\/\/wp.ufpel.edu.br\/projetovlp3d\/files\/2026\/01\/0caaa78a-0b27-4ae7-9630-5296a61b121a-400x300.jpeg\" alt=\"\" width=\"400\" height=\"300\" srcset=\"https:\/\/wp.ufpel.edu.br\/projetovlp3d\/files\/2026\/01\/0caaa78a-0b27-4ae7-9630-5296a61b121a-400x300.jpeg 400w, https:\/\/wp.ufpel.edu.br\/projetovlp3d\/files\/2026\/01\/0caaa78a-0b27-4ae7-9630-5296a61b121a-1024x768.jpeg 1024w, https:\/\/wp.ufpel.edu.br\/projetovlp3d\/files\/2026\/01\/0caaa78a-0b27-4ae7-9630-5296a61b121a-768x576.jpeg 768w, https:\/\/wp.ufpel.edu.br\/projetovlp3d\/files\/2026\/01\/0caaa78a-0b27-4ae7-9630-5296a61b121a-1536x1152.jpeg 1536w, https:\/\/wp.ufpel.edu.br\/projetovlp3d\/files\/2026\/01\/0caaa78a-0b27-4ae7-9630-5296a61b121a-2048x1536.jpeg 2048w\" sizes=\"(max-width: 400px) 100vw, 400px\" \/><\/p>\n<p>&nbsp;<\/p>\n","protected":false},"excerpt":{"rendered":"<p>ATIVIDADES DE EXTENS\u00c3O: No dia 15\/05\/25 bolsistas do projeto realizaram uma oficina de treinamento em primeiros socorros para os colaboradores da Universidade Cat\u00f3lica de Pelotas, com treinamento em: Uso do DEA (Desfibrilador externo autom\u00e1tico) Manobra de RCP (ressuscita\u00e7\u00e3o cardiopulmonar) No dia 04\/07 \/25 a dra. Ana Cristina B. Kraemer de Moraes juntamente com bolsistas do [&hellip;]<\/p>\n","protected":false},"author":1092,"featured_media":0,"parent":0,"menu_order":0,"comment_status":"closed","ping_status":"closed","template":"","meta":{"footnotes":""},"class_list":["post-16","page","type-page","status-publish","hentry"],"_links":{"self":[{"href":"https:\/\/wp.ufpel.edu.br\/projetovlp3d\/wp-json\/wp\/v2\/pages\/16","targetHints":{"allow":["GET"]}}],"collection":[{"href":"https:\/\/wp.ufpel.edu.br\/projetovlp3d\/wp-json\/wp\/v2\/pages"}],"about":[{"href":"https:\/\/wp.ufpel.edu.br\/projetovlp3d\/wp-json\/wp\/v2\/types\/page"}],"author":[{"embeddable":true,"href":"https:\/\/wp.ufpel.edu.br\/projetovlp3d\/wp-json\/wp\/v2\/users\/1092"}],"replies":[{"embeddable":true,"href":"https:\/\/wp.ufpel.edu.br\/projetovlp3d\/wp-json\/wp\/v2\/comments?post=16"}],"version-history":[{"count":3,"href":"https:\/\/wp.ufpel.edu.br\/projetovlp3d\/wp-json\/wp\/v2\/pages\/16\/revisions"}],"predecessor-version":[{"id":79,"href":"https:\/\/wp.ufpel.edu.br\/projetovlp3d\/wp-json\/wp\/v2\/pages\/16\/revisions\/79"}],"wp:attachment":[{"href":"https:\/\/wp.ufpel.edu.br\/projetovlp3d\/wp-json\/wp\/v2\/media?parent=16"}],"curies":[{"name":"wp","href":"https:\/\/api.w.org\/{rel}","templated":true}]}}