{"id":763,"date":"2025-09-01T07:41:10","date_gmt":"2025-09-01T10:41:10","guid":{"rendered":"https:\/\/wp.ufpel.edu.br\/projetov\/?page_id=763"},"modified":"2025-09-01T09:21:27","modified_gmt":"2025-09-01T12:21:27","slug":"2025-1","status":"publish","type":"page","link":"https:\/\/wp.ufpel.edu.br\/projetov\/2025-1\/","title":{"rendered":"2025-1"},"content":{"rendered":"<h1><strong>Tema: Servi\u00e7o de Assist\u00eancia Judici\u00e1ria\/UFPel<\/strong><\/h1>\n<p><strong>Exposi\u00e7\u00e3o Projeto V em Processo 2025\/1 \u2013 Pelotas\/RS\/Brasil<\/strong><\/p>\n<div style=\"width: 840px;\" class=\"wp-video\"><video class=\"wp-video-shortcode\" id=\"video-763-1\" width=\"840\" height=\"473\" preload=\"metadata\" controls=\"controls\"><source type=\"video\/mp4\" src=\"https:\/\/wp.ufpel.edu.br\/projetov\/files\/2025\/09\/PROJETO-V_2025_1-Vi\u0301deo.mp4?_=1\" \/><a href=\"https:\/\/wp.ufpel.edu.br\/projetov\/files\/2025\/09\/PROJETO-V_2025_1-Vi\u0301deo.mp4\">https:\/\/wp.ufpel.edu.br\/projetov\/files\/2025\/09\/PROJETO-V_2025_1-Vi\u0301deo.mp4<\/a><\/video><\/div>\n<p><strong>MARIANA ARAUJO DA SILVA<\/strong><a href=\"https:\/\/drive.google.com\/file\/d\/17NEm_eeS6D3MB-n1zcweNm-evIL6o2BT\/view?usp=drive_link\"><img loading=\"lazy\" decoding=\"async\" class=\"alignnone wp-image-775 size-medium\" src=\"https:\/\/wp.ufpel.edu.br\/projetov\/files\/2025\/09\/CAPAS-400x300.jpg\" alt=\"\" width=\"400\" height=\"300\" srcset=\"https:\/\/wp.ufpel.edu.br\/projetov\/files\/2025\/09\/CAPAS-400x300.jpg 400w, https:\/\/wp.ufpel.edu.br\/projetov\/files\/2025\/09\/CAPAS-768x576.jpg 768w, https:\/\/wp.ufpel.edu.br\/projetov\/files\/2025\/09\/CAPAS.jpg 960w\" sizes=\"auto, (max-width: 400px) 85vw, 400px\" \/><\/a><\/p>\n<p><strong>JULIA MOREIRA DE AVILA<\/strong><a href=\"https:\/\/drive.google.com\/file\/d\/1V6wRAQVQwgztiTPap5F26kYHNSga4JBp\/view?usp=drive_link\"><img loading=\"lazy\" decoding=\"async\" class=\"alignnone wp-image-768 size-medium\" src=\"https:\/\/wp.ufpel.edu.br\/projetov\/files\/2025\/09\/CAPAS-1-400x300.jpg\" alt=\"\" width=\"400\" height=\"300\" srcset=\"https:\/\/wp.ufpel.edu.br\/projetov\/files\/2025\/09\/CAPAS-1-400x300.jpg 400w, https:\/\/wp.ufpel.edu.br\/projetov\/files\/2025\/09\/CAPAS-1-768x576.jpg 768w, https:\/\/wp.ufpel.edu.br\/projetov\/files\/2025\/09\/CAPAS-1.jpg 960w\" sizes=\"auto, (max-width: 400px) 85vw, 400px\" \/><\/a><\/p>\n<p><strong>JULIA DA CRUZ LOPES<\/strong><a href=\"https:\/\/drive.google.com\/file\/d\/1X70huLtlxisotx00vyqPBmu4CKcnEfW_\/view?usp=drive_link\"><img loading=\"lazy\" decoding=\"async\" class=\"alignnone wp-image-769 size-medium\" src=\"https:\/\/wp.ufpel.edu.br\/projetov\/files\/2025\/09\/CAPAS-2-400x300.jpg\" alt=\"\" width=\"400\" height=\"300\" srcset=\"https:\/\/wp.ufpel.edu.br\/projetov\/files\/2025\/09\/CAPAS-2-400x300.jpg 400w, https:\/\/wp.ufpel.edu.br\/projetov\/files\/2025\/09\/CAPAS-2-768x576.jpg 768w, https:\/\/wp.ufpel.edu.br\/projetov\/files\/2025\/09\/CAPAS-2.jpg 960w\" sizes=\"auto, (max-width: 400px) 85vw, 400px\" \/><\/a><\/p>\n<p><strong>BIANCA FOUCHY BORGES<\/strong><a href=\"https:\/\/drive.google.com\/file\/d\/1wiZeWpjB79fbysgJIMmnNvKVTghlgqcc\/view?usp=drive_link\"><img loading=\"lazy\" decoding=\"async\" class=\"alignnone wp-image-770 size-medium\" src=\"https:\/\/wp.ufpel.edu.br\/projetov\/files\/2025\/09\/CAPAS-3-400x300.jpg\" alt=\"\" width=\"400\" height=\"300\" srcset=\"https:\/\/wp.ufpel.edu.br\/projetov\/files\/2025\/09\/CAPAS-3-400x300.jpg 400w, https:\/\/wp.ufpel.edu.br\/projetov\/files\/2025\/09\/CAPAS-3-768x576.jpg 768w, https:\/\/wp.ufpel.edu.br\/projetov\/files\/2025\/09\/CAPAS-3.jpg 960w\" sizes=\"auto, (max-width: 400px) 85vw, 400px\" \/><\/a><\/p>\n<p><strong>HELENY DA SILVA TARALLO<\/strong><a href=\"https:\/\/drive.google.com\/file\/d\/1Sd7bS91m0Y8deySNtKsDr_0mA3QeOR9e\/view?usp=drive_link\"><img loading=\"lazy\" decoding=\"async\" class=\"alignnone wp-image-771 size-medium\" src=\"https:\/\/wp.ufpel.edu.br\/projetov\/files\/2025\/09\/CAPAS-4-400x300.jpg\" alt=\"\" width=\"400\" height=\"300\" srcset=\"https:\/\/wp.ufpel.edu.br\/projetov\/files\/2025\/09\/CAPAS-4-400x300.jpg 400w, https:\/\/wp.ufpel.edu.br\/projetov\/files\/2025\/09\/CAPAS-4-768x576.jpg 768w, https:\/\/wp.ufpel.edu.br\/projetov\/files\/2025\/09\/CAPAS-4.jpg 960w\" sizes=\"auto, (max-width: 400px) 85vw, 400px\" \/><\/a><\/p>\n<p><strong>ISAC COSTA DE AQUINO<\/strong><a href=\"https:\/\/drive.google.com\/file\/d\/1NlGjqhpRq0A6DJqrb52r9Bqe8KmBLokv\/view?usp=drive_link\"><img loading=\"lazy\" decoding=\"async\" class=\"alignnone wp-image-772 size-medium\" src=\"https:\/\/wp.ufpel.edu.br\/projetov\/files\/2025\/09\/CAPAS-5-400x300.jpg\" alt=\"\" width=\"400\" height=\"300\" srcset=\"https:\/\/wp.ufpel.edu.br\/projetov\/files\/2025\/09\/CAPAS-5-400x300.jpg 400w, https:\/\/wp.ufpel.edu.br\/projetov\/files\/2025\/09\/CAPAS-5-768x576.jpg 768w, https:\/\/wp.ufpel.edu.br\/projetov\/files\/2025\/09\/CAPAS-5.jpg 960w\" sizes=\"auto, (max-width: 400px) 85vw, 400px\" \/><\/a><\/p>\n<p><strong>LIDIANE SOARES CZERMAINSKI<\/strong><a href=\"https:\/\/drive.google.com\/file\/d\/1cfvsLH14u7-KAFYrhlL0KDPpocx7hfQd\/view?usp=drive_link\"><img loading=\"lazy\" decoding=\"async\" class=\"alignnone wp-image-773 size-medium\" src=\"https:\/\/wp.ufpel.edu.br\/projetov\/files\/2025\/09\/CAPAS-6-400x300.jpg\" alt=\"\" width=\"400\" height=\"300\" srcset=\"https:\/\/wp.ufpel.edu.br\/projetov\/files\/2025\/09\/CAPAS-6-400x300.jpg 400w, https:\/\/wp.ufpel.edu.br\/projetov\/files\/2025\/09\/CAPAS-6-768x576.jpg 768w, https:\/\/wp.ufpel.edu.br\/projetov\/files\/2025\/09\/CAPAS-6.jpg 960w\" sizes=\"auto, (max-width: 400px) 85vw, 400px\" \/><\/a><\/p>\n<p><strong>SAMARA CRISTINA FAZ LINARES<\/strong><a href=\"https:\/\/drive.google.com\/file\/d\/1GL5FNNglB_r8tRRXQfiK3mppT8G_xCyU\/view?usp=drive_link\"><img loading=\"lazy\" decoding=\"async\" class=\"alignnone wp-image-774 size-medium\" src=\"https:\/\/wp.ufpel.edu.br\/projetov\/files\/2025\/09\/CAPAS-7-400x300.jpg\" alt=\"\" width=\"400\" height=\"300\" srcset=\"https:\/\/wp.ufpel.edu.br\/projetov\/files\/2025\/09\/CAPAS-7-400x300.jpg 400w, https:\/\/wp.ufpel.edu.br\/projetov\/files\/2025\/09\/CAPAS-7-768x576.jpg 768w, https:\/\/wp.ufpel.edu.br\/projetov\/files\/2025\/09\/CAPAS-7.jpg 960w\" sizes=\"auto, (max-width: 400px) 85vw, 400px\" \/><\/a><\/p>\n","protected":false},"excerpt":{"rendered":"<p>Tema: Servi\u00e7o de Assist\u00eancia Judici\u00e1ria\/UFPel Exposi\u00e7\u00e3o Projeto V em Processo 2025\/1 \u2013 Pelotas\/RS\/Brasil MARIANA ARAUJO DA SILVA JULIA MOREIRA DE AVILA JULIA DA CRUZ LOPES BIANCA FOUCHY BORGES HELENY DA SILVA TARALLO ISAC COSTA DE AQUINO LIDIANE SOARES CZERMAINSKI SAMARA CRISTINA FAZ LINARES<\/p>\n","protected":false},"author":868,"featured_media":0,"parent":0,"menu_order":0,"comment_status":"closed","ping_status":"closed","template":"","meta":{"footnotes":""},"class_list":["post-763","page","type-page","status-publish","hentry"],"_links":{"self":[{"href":"https:\/\/wp.ufpel.edu.br\/projetov\/wp-json\/wp\/v2\/pages\/763","targetHints":{"allow":["GET"]}}],"collection":[{"href":"https:\/\/wp.ufpel.edu.br\/projetov\/wp-json\/wp\/v2\/pages"}],"about":[{"href":"https:\/\/wp.ufpel.edu.br\/projetov\/wp-json\/wp\/v2\/types\/page"}],"author":[{"embeddable":true,"href":"https:\/\/wp.ufpel.edu.br\/projetov\/wp-json\/wp\/v2\/users\/868"}],"replies":[{"embeddable":true,"href":"https:\/\/wp.ufpel.edu.br\/projetov\/wp-json\/wp\/v2\/comments?post=763"}],"version-history":[{"count":3,"href":"https:\/\/wp.ufpel.edu.br\/projetov\/wp-json\/wp\/v2\/pages\/763\/revisions"}],"predecessor-version":[{"id":794,"href":"https:\/\/wp.ufpel.edu.br\/projetov\/wp-json\/wp\/v2\/pages\/763\/revisions\/794"}],"wp:attachment":[{"href":"https:\/\/wp.ufpel.edu.br\/projetov\/wp-json\/wp\/v2\/media?parent=763"}],"curies":[{"name":"wp","href":"https:\/\/api.w.org\/{rel}","templated":true}]}}